{"id":4801,"date":"2019-06-16T14:30:01","date_gmt":"2019-06-16T10:30:01","guid":{"rendered":"http:\/\/college-henrimatisse.ac-reunion.fr\/?page_id=4801"},"modified":"2019-06-18T10:46:13","modified_gmt":"2019-06-18T06:46:13","slug":"chartes-et-reglements","status":"publish","type":"page","link":"https:\/\/etab.ac-reunion.fr\/clg-henri-matisse\/chartes-et-reglements\/","title":{"rendered":"Chartes et r\u00e8glements"},"content":{"rendered":"\n<ul class=\"wp-block-list\"><li><a href=\"https:\/\/etab.ac-reunion.fr\/clg-henri-matisse\/wp-content\/uploads\/sites\/69\/2019\/06\/Re\u0301glement-inte\u0301rieur-2019.pdf\">R\u00e8glement int\u00e9rieur<\/a><\/li><li><a href=\"https:\/\/etab.ac-reunion.fr\/clg-henri-matisse\/wp-content\/uploads\/sites\/69\/2019\/06\/charte_de_la_laicite.pdf\">Charte de la la\u00efcit\u00e9<\/a><\/li><li><a href=\"https:\/\/etab.ac-reunion.fr\/clg-henri-matisse\/wp-content\/uploads\/sites\/69\/2019\/06\/Charte-d\u2019utilisation-de-lenvironnement-nume\u0301rique-Colle\u0300ge-Henri-Matisse.pdf\">Charte des usages du num\u00e9rique<\/a><\/li><li><a href=\"https:\/\/etab.ac-reunion.fr\/clg-henri-matisse\/wp-content\/uploads\/sites\/69\/2019\/06\/Charte-eco-citoyenne.pdf\">Charte \u00e9co-citoyenne<\/a><\/li><li><a href=\"https:\/\/etab.ac-reunion.fr\/clg-henri-matisse\/wp-content\/uploads\/sites\/69\/2019\/06\/Charte_du_CDI_dans_le_CC-version-2.pdf\">Charte du CDI<\/a><\/li><\/ul>\n\n\n\n<p><\/p>\n","protected":false},"excerpt":{"rendered":"<p>R\u00e8glement int\u00e9rieur Charte de la la\u00efcit\u00e9 Charte des usages du num\u00e9rique Charte \u00e9co-citoyenne Charte du CDI<\/p>\n<p class=\"continue-reading-button\"> <a class=\"continue-reading-link\" href=\"https:\/\/etab.ac-reunion.fr\/clg-henri-matisse\/chartes-et-reglements\/\">Continuer \u00e0 lire<i class=\"crycon-right-dir\"><\/i><\/a><\/p>\n","protected":false},"author":1381,"featured_media":0,"parent":0,"menu_order":0,"comment_status":"closed","ping_status":"closed","template":"","meta":{"footnotes":""},"class_list":["post-4801","page","type-page","status-publish","hentry"],"_links":{"self":[{"href":"https:\/\/etab.ac-reunion.fr\/clg-henri-matisse\/wp-json\/wp\/v2\/pages\/4801","targetHints":{"allow":["GET"]}}],"collection":[{"href":"https:\/\/etab.ac-reunion.fr\/clg-henri-matisse\/wp-json\/wp\/v2\/pages"}],"about":[{"href":"https:\/\/etab.ac-reunion.fr\/clg-henri-matisse\/wp-json\/wp\/v2\/types\/page"}],"author":[{"embeddable":true,"href":"https:\/\/etab.ac-reunion.fr\/clg-henri-matisse\/wp-json\/wp\/v2\/users\/1381"}],"replies":[{"embeddable":true,"href":"https:\/\/etab.ac-reunion.fr\/clg-henri-matisse\/wp-json\/wp\/v2\/comments?post=4801"}],"version-history":[{"count":3,"href":"https:\/\/etab.ac-reunion.fr\/clg-henri-matisse\/wp-json\/wp\/v2\/pages\/4801\/revisions"}],"predecessor-version":[{"id":4854,"href":"https:\/\/etab.ac-reunion.fr\/clg-henri-matisse\/wp-json\/wp\/v2\/pages\/4801\/revisions\/4854"}],"wp:attachment":[{"href":"https:\/\/etab.ac-reunion.fr\/clg-henri-matisse\/wp-json\/wp\/v2\/media?parent=4801"}],"curies":[{"name":"wp","href":"https:\/\/api.w.org\/{rel}","templated":true}]}}