{"id":5030,"date":"2019-11-04T15:26:04","date_gmt":"2019-11-04T11:26:04","guid":{"rendered":"http:\/\/college-henrimatisse.ac-reunion.fr\/?page_id=5030"},"modified":"2019-11-04T15:26:05","modified_gmt":"2019-11-04T11:26:05","slug":"jardin-potager","status":"publish","type":"page","link":"https:\/\/etab.ac-reunion.fr\/clg-henri-matisse\/jardin-potager\/","title":{"rendered":"JARDIN POTAGER"},"content":{"rendered":"\n<p>\n&#8211; Jardin de l\u00e9gumes (pois de sabre, manioc,\u2026).<\/p>\n\n\n\n<p>&#8211; Plant\u00e9 \u00e0\nl\u2019occasion de la journ\u00e9e du d\u00e9veloppement durable.<\/p>\n\n\n\n<p>&#8211; Entretien par le\nclub jardinage.<\/p>\n\n\n\n<p>&#8211; Volont\u00e9 de d\u00e9velopper la biodiversit\u00e9.<\/p>\n\n\n\n<figure class=\"wp-block-image\"><a href=\"https:\/\/etab.ac-reunion.fr\/clg-henri-matisse\/wp-content\/uploads\/sites\/69\/2019\/11\/jardin-3.jpg\"><img loading=\"lazy\" decoding=\"async\" width=\"578\" height=\"906\" src=\"https:\/\/etab.ac-reunion.fr\/clg-henri-matisse\/wp-content\/uploads\/sites\/69\/2019\/11\/jardin-3.jpg\" alt=\"\" class=\"wp-image-5031\" srcset=\"https:\/\/etab.ac-reunion.fr\/clg-henri-matisse\/wp-content\/uploads\/sites\/69\/2019\/11\/jardin-3.jpg 578w, https:\/\/etab.ac-reunion.fr\/clg-henri-matisse\/wp-content\/uploads\/sites\/69\/2019\/11\/jardin-3-191x300.jpg 191w, https:\/\/etab.ac-reunion.fr\/clg-henri-matisse\/wp-content\/uploads\/sites\/69\/2019\/11\/jardin-3-200x313.jpg 200w, https:\/\/etab.ac-reunion.fr\/clg-henri-matisse\/wp-content\/uploads\/sites\/69\/2019\/11\/jardin-3-96x150.jpg 96w\" sizes=\"auto, (max-width: 578px) 100vw, 578px\" \/><\/a><\/figure>\n\n\n\n<figure class=\"wp-block-image\"><a href=\"https:\/\/etab.ac-reunion.fr\/clg-henri-matisse\/wp-content\/uploads\/sites\/69\/2019\/11\/jardin-3-d\u00e9tail.jpg\"><img loading=\"lazy\" decoding=\"async\" width=\"850\" height=\"600\" src=\"https:\/\/etab.ac-reunion.fr\/clg-henri-matisse\/wp-content\/uploads\/sites\/69\/2019\/11\/jardin-3-d\u00e9tail.jpg\" alt=\"\" class=\"wp-image-5032\" srcset=\"https:\/\/etab.ac-reunion.fr\/clg-henri-matisse\/wp-content\/uploads\/sites\/69\/2019\/11\/jardin-3-d\u00e9tail.jpg 850w, https:\/\/etab.ac-reunion.fr\/clg-henri-matisse\/wp-content\/uploads\/sites\/69\/2019\/11\/jardin-3-d\u00e9tail-300x212.jpg 300w, https:\/\/etab.ac-reunion.fr\/clg-henri-matisse\/wp-content\/uploads\/sites\/69\/2019\/11\/jardin-3-d\u00e9tail-200x141.jpg 200w, https:\/\/etab.ac-reunion.fr\/clg-henri-matisse\/wp-content\/uploads\/sites\/69\/2019\/11\/jardin-3-d\u00e9tail-150x106.jpg 150w\" sizes=\"auto, (max-width: 850px) 100vw, 850px\" \/><\/a><\/figure>\n","protected":false},"excerpt":{"rendered":"<p>&#8211; Jardin de l\u00e9gumes (pois de sabre, manioc,\u2026). &#8211; Plant\u00e9 \u00e0 l\u2019occasion de la journ\u00e9e du d\u00e9veloppement durable. &#8211; Entretien par le club jardinage. &#8211; Volont\u00e9 de d\u00e9velopper la biodiversit\u00e9.<\/p>\n<p class=\"continue-reading-button\"> <a class=\"continue-reading-link\" href=\"https:\/\/etab.ac-reunion.fr\/clg-henri-matisse\/jardin-potager\/\">Continuer \u00e0 lire<i class=\"crycon-right-dir\"><\/i><\/a><\/p>\n","protected":false},"author":2982,"featured_media":0,"parent":0,"menu_order":0,"comment_status":"closed","ping_status":"closed","template":"","meta":{"footnotes":""},"class_list":["post-5030","page","type-page","status-publish","hentry"],"_links":{"self":[{"href":"https:\/\/etab.ac-reunion.fr\/clg-henri-matisse\/wp-json\/wp\/v2\/pages\/5030","targetHints":{"allow":["GET"]}}],"collection":[{"href":"https:\/\/etab.ac-reunion.fr\/clg-henri-matisse\/wp-json\/wp\/v2\/pages"}],"about":[{"href":"https:\/\/etab.ac-reunion.fr\/clg-henri-matisse\/wp-json\/wp\/v2\/types\/page"}],"author":[{"embeddable":true,"href":"https:\/\/etab.ac-reunion.fr\/clg-henri-matisse\/wp-json\/wp\/v2\/users\/2982"}],"replies":[{"embeddable":true,"href":"https:\/\/etab.ac-reunion.fr\/clg-henri-matisse\/wp-json\/wp\/v2\/comments?post=5030"}],"version-history":[{"count":1,"href":"https:\/\/etab.ac-reunion.fr\/clg-henri-matisse\/wp-json\/wp\/v2\/pages\/5030\/revisions"}],"predecessor-version":[{"id":5033,"href":"https:\/\/etab.ac-reunion.fr\/clg-henri-matisse\/wp-json\/wp\/v2\/pages\/5030\/revisions\/5033"}],"wp:attachment":[{"href":"https:\/\/etab.ac-reunion.fr\/clg-henri-matisse\/wp-json\/wp\/v2\/media?parent=5030"}],"curies":[{"name":"wp","href":"https:\/\/api.w.org\/{rel}","templated":true}]}}