{"id":5044,"date":"2019-11-04T15:35:18","date_gmt":"2019-11-04T11:35:18","guid":{"rendered":"http:\/\/college-henrimatisse.ac-reunion.fr\/?page_id=5044"},"modified":"2019-11-04T15:35:19","modified_gmt":"2019-11-04T11:35:19","slug":"jardin-aromatique","status":"publish","type":"page","link":"https:\/\/etab.ac-reunion.fr\/clg-henri-matisse\/jardin-aromatique\/","title":{"rendered":"JARDIN AROMATIQUE"},"content":{"rendered":"\n<p>\n&#8211; Jardin de plants pour la cuisine (thym br\u00e9silien) ou la m\u00e9decine\n(efferalgan).<\/p>\n\n\n\n<p>&#8211; A c\u00f4t\u00e9 de la\ncantine, quelques plantes pour donner envie de cuisiner.<\/p>\n\n\n\n<p>&#8211; Entretenu par les agents du coll\u00e8ge.<\/p>\n\n\n\n<ul class=\"wp-block-gallery columns-2 is-cropped wp-block-gallery-1 is-layout-flex wp-block-gallery-is-layout-flex\"><li class=\"blocks-gallery-item\"><figure><a href=\"https:\/\/etab.ac-reunion.fr\/clg-henri-matisse\/9e032b43-8b65-4ed6-b701-7a75e206691f\"><img decoding=\"async\" src=\"https:\/\/etab.ac-reunion.fr\/clg-henri-matisse\/9e032b43-8b65-4ed6-b701-7a75e206691f\" \/><\/a><\/figure><\/li><li class=\"blocks-gallery-item\"><figure><a href=\"https:\/\/etab.ac-reunion.fr\/clg-henri-matisse\/wp-content\/uploads\/sites\/69\/2019\/11\/jardin-6-2.jpg\"><img loading=\"lazy\" decoding=\"async\" width=\"608\" height=\"912\" src=\"https:\/\/etab.ac-reunion.fr\/clg-henri-matisse\/wp-content\/uploads\/sites\/69\/2019\/11\/jardin-6-2.jpg\" alt=\"\" data-id=\"5046\" data-link=\"https:\/\/etab.ac-reunion.fr\/clg-henri-matisse\/?attachment_id=5046\" class=\"wp-image-5046\" srcset=\"https:\/\/etab.ac-reunion.fr\/clg-henri-matisse\/wp-content\/uploads\/sites\/69\/2019\/11\/jardin-6-2.jpg 608w, https:\/\/etab.ac-reunion.fr\/clg-henri-matisse\/wp-content\/uploads\/sites\/69\/2019\/11\/jardin-6-2-200x300.jpg 200w, https:\/\/etab.ac-reunion.fr\/clg-henri-matisse\/wp-content\/uploads\/sites\/69\/2019\/11\/jardin-6-2-100x150.jpg 100w\" sizes=\"auto, (max-width: 608px) 100vw, 608px\" \/><\/a><\/figure><\/li><li class=\"blocks-gallery-item\"><figure><a href=\"https:\/\/etab.ac-reunion.fr\/clg-henri-matisse\/wp-content\/uploads\/sites\/69\/2019\/11\/jardin-6-d\u00e9tail-683x1024.jpg\"><img loading=\"lazy\" decoding=\"async\" width=\"683\" height=\"1024\" src=\"https:\/\/etab.ac-reunion.fr\/clg-henri-matisse\/wp-content\/uploads\/sites\/69\/2019\/11\/jardin-6-d\u00e9tail-683x1024.jpg\" alt=\"\" data-id=\"5047\" data-link=\"https:\/\/etab.ac-reunion.fr\/clg-henri-matisse\/?attachment_id=5047\" class=\"wp-image-5047\" srcset=\"https:\/\/etab.ac-reunion.fr\/clg-henri-matisse\/wp-content\/uploads\/sites\/69\/2019\/11\/jardin-6-d\u00e9tail-683x1024.jpg 683w, https:\/\/etab.ac-reunion.fr\/clg-henri-matisse\/wp-content\/uploads\/sites\/69\/2019\/11\/jardin-6-d\u00e9tail-200x300.jpg 200w, https:\/\/etab.ac-reunion.fr\/clg-henri-matisse\/wp-content\/uploads\/sites\/69\/2019\/11\/jardin-6-d\u00e9tail-100x150.jpg 100w, https:\/\/etab.ac-reunion.fr\/clg-henri-matisse\/wp-content\/uploads\/sites\/69\/2019\/11\/jardin-6-d\u00e9tail.jpg 1216w\" sizes=\"auto, (max-width: 683px) 100vw, 683px\" \/><\/a><\/figure><\/li><li class=\"blocks-gallery-item\"><figure><a href=\"https:\/\/etab.ac-reunion.fr\/clg-henri-matisse\/wp-content\/uploads\/sites\/69\/2019\/11\/jardin-6-d\u00e9tail-2-1300x989.jpg\"><img loading=\"lazy\" decoding=\"async\" width=\"1300\" height=\"989\" src=\"https:\/\/etab.ac-reunion.fr\/clg-henri-matisse\/wp-content\/uploads\/sites\/69\/2019\/11\/jardin-6-d\u00e9tail-2-1300x989.jpg\" alt=\"\" data-id=\"5048\" data-link=\"https:\/\/etab.ac-reunion.fr\/clg-henri-matisse\/?attachment_id=5048\" class=\"wp-image-5048\" srcset=\"https:\/\/etab.ac-reunion.fr\/clg-henri-matisse\/wp-content\/uploads\/sites\/69\/2019\/11\/jardin-6-d\u00e9tail-2-1300x989.jpg 1300w, https:\/\/etab.ac-reunion.fr\/clg-henri-matisse\/wp-content\/uploads\/sites\/69\/2019\/11\/jardin-6-d\u00e9tail-2-300x228.jpg 300w, https:\/\/etab.ac-reunion.fr\/clg-henri-matisse\/wp-content\/uploads\/sites\/69\/2019\/11\/jardin-6-d\u00e9tail-2-200x152.jpg 200w, https:\/\/etab.ac-reunion.fr\/clg-henri-matisse\/wp-content\/uploads\/sites\/69\/2019\/11\/jardin-6-d\u00e9tail-2-150x114.jpg 150w, https:\/\/etab.ac-reunion.fr\/clg-henri-matisse\/wp-content\/uploads\/sites\/69\/2019\/11\/jardin-6-d\u00e9tail-2.jpg 1571w\" sizes=\"auto, (max-width: 1300px) 100vw, 1300px\" \/><\/a><\/figure><\/li><\/ul>\n","protected":false},"excerpt":{"rendered":"<p>&#8211; Jardin de plants pour la cuisine (thym br\u00e9silien) ou la m\u00e9decine (efferalgan). &#8211; A c\u00f4t\u00e9 de la cantine, quelques plantes pour donner envie de cuisiner. &#8211; Entretenu par les agents du coll\u00e8ge.<\/p>\n<p class=\"continue-reading-button\"> <a class=\"continue-reading-link\" href=\"https:\/\/etab.ac-reunion.fr\/clg-henri-matisse\/jardin-aromatique\/\">Continuer \u00e0 lire<i class=\"crycon-right-dir\"><\/i><\/a><\/p>\n","protected":false},"author":2982,"featured_media":0,"parent":0,"menu_order":0,"comment_status":"closed","ping_status":"closed","template":"","meta":{"footnotes":""},"class_list":["post-5044","page","type-page","status-publish","hentry"],"_links":{"self":[{"href":"https:\/\/etab.ac-reunion.fr\/clg-henri-matisse\/wp-json\/wp\/v2\/pages\/5044","targetHints":{"allow":["GET"]}}],"collection":[{"href":"https:\/\/etab.ac-reunion.fr\/clg-henri-matisse\/wp-json\/wp\/v2\/pages"}],"about":[{"href":"https:\/\/etab.ac-reunion.fr\/clg-henri-matisse\/wp-json\/wp\/v2\/types\/page"}],"author":[{"embeddable":true,"href":"https:\/\/etab.ac-reunion.fr\/clg-henri-matisse\/wp-json\/wp\/v2\/users\/2982"}],"replies":[{"embeddable":true,"href":"https:\/\/etab.ac-reunion.fr\/clg-henri-matisse\/wp-json\/wp\/v2\/comments?post=5044"}],"version-history":[{"count":1,"href":"https:\/\/etab.ac-reunion.fr\/clg-henri-matisse\/wp-json\/wp\/v2\/pages\/5044\/revisions"}],"predecessor-version":[{"id":5049,"href":"https:\/\/etab.ac-reunion.fr\/clg-henri-matisse\/wp-json\/wp\/v2\/pages\/5044\/revisions\/5049"}],"wp:attachment":[{"href":"https:\/\/etab.ac-reunion.fr\/clg-henri-matisse\/wp-json\/wp\/v2\/media?parent=5044"}],"curies":[{"name":"wp","href":"https:\/\/api.w.org\/{rel}","templated":true}]}}