{"id":6145,"date":"2021-10-03T19:39:35","date_gmt":"2021-10-03T15:39:35","guid":{"rendered":"http:\/\/college-henrimatisse.ac-reunion.fr\/?page_id=6145"},"modified":"2022-07-07T23:24:46","modified_gmt":"2022-07-07T19:24:46","slug":"presentation-de-la-classe-relais","status":"publish","type":"page","link":"https:\/\/etab.ac-reunion.fr\/clg-henri-matisse\/le-college\/presentation-de-la-classe-relais\/","title":{"rendered":"Pr\u00e9sentation de la classe relais"},"content":{"rendered":"\n<h2 class=\"wp-block-heading\">Pr\u00e9sentation de la classe relais<\/h2>\n\n\n<style>\n       .errordiv { padding:10px; margin:10px; border: 1px solid #555555;color: #000000;background-color: #f8f8f8; width:500px; }#advanced_iframe {visibility:visible;opacity:1;vertical-align:top;}.ai-info-bottom-iframe { position: fixed; z-index: 10000; bottom:0; left: 0; margin: 0px; text-align: center; width: 100%; background-color: #ff9999; padding-left: 5px;padding-bottom: 5px; border-top: 1px solid #aaa } a.ai-bold {font-weight: bold;}#ai-layer-div-advanced_iframe p {height:100%;margin:0;padding:0}<\/style><script type=\"text\/javascript\">var ai_iframe_width_advanced_iframe = 0;var ai_iframe_height_advanced_iframe = 0;var aiOnloadScrollTop=\"true\";var aiShowDebug=false;\n\t\tif (typeof aiReadyCallbacks === 'undefined') {\n\t\t\tvar aiReadyCallbacks = [];\n\t\t} else if (!(aiReadyCallbacks instanceof Array)) {\n\t\t\tvar aiReadyCallbacks = [];\n\t\t}    function aiShowIframeId(id_iframe) { jQuery(\"#\"+id_iframe).css(\"visibility\", \"visible\");    }    function aiResizeIframeHeight(height) { aiResizeIframeHeight(height,advanced_iframe); }    function aiResizeIframeHeightId(height,width,id) {aiResizeIframeHeightById(id,height);}<\/script><iframe id=\"advanced_iframe\"  name=\"advanced_iframe\"  src=\"https:\/\/tube-outremer.beta.education.fr\/videos\/embed\/d152b0b7-3374-44c4-bb82-38d1e146aab0\"  width=\"400\"  height=\"200\"  frameborder=\"0\"  border=\"0\"  allowtransparency=\"true\"  loading=\"lazy\"  style=\";border-width: 0px;;border: none;;width:400px;;height:200px;\" ><\/iframe><script type=\"text\/javascript\">var ifrm_advanced_iframe = document.getElementById(\"advanced_iframe\");var hiddenTabsDoneadvanced_iframe = false;\nfunction resizeCallbackadvanced_iframe() {}<\/script><script type=\"text\/javascript\"><\/script><p style=\"display:block !important; visibility:visible !important;margin: -18px 14px 0 0;padding-left: 3px;padding-top:3px;background: white; overflow: hidden; position: relative; line-height:15px;width: fit-content;\"><small style=\"display:block !important;visibility:visible !important\">powered by Advanced iFrame<\/small><\/p>\n\n\n<h2 class=\"wp-block-heading\">Que sont-ils devenus ? <\/h2>\n\n\n<style>\n       .errordiv { padding:10px; margin:10px; border: 1px solid #555555;color: #000000;background-color: #f8f8f8; width:500px; }#advanced_iframe_2 {visibility:visible;opacity:1;vertical-align:top;}.ai-info-bottom-iframe { position: fixed; z-index: 10000; bottom:0; left: 0; margin: 0px; text-align: center; width: 100%; background-color: #ff9999; padding-left: 5px;padding-bottom: 5px; border-top: 1px solid #aaa } a.ai-bold {font-weight: bold;}#ai-layer-div-advanced_iframe_2 p {height:100%;margin:0;padding:0}<\/style><script type=\"text\/javascript\">var ai_iframe_width_advanced_iframe_2 = 0;var ai_iframe_height_advanced_iframe_2 = 0;var aiOnloadScrollTop=\"true\";var aiShowDebug=false;\n\t\tif (typeof aiReadyCallbacks === 'undefined') {\n\t\t\tvar aiReadyCallbacks = [];\n\t\t} else if (!(aiReadyCallbacks instanceof Array)) {\n\t\t\tvar aiReadyCallbacks = [];\n\t\t}    function aiShowIframeId(id_iframe) { jQuery(\"#\"+id_iframe).css(\"visibility\", \"visible\");    }    function aiResizeIframeHeight(height) { aiResizeIframeHeight(height,advanced_iframe_2); }    function aiResizeIframeHeightId(height,width,id) {aiResizeIframeHeightById(id,height);}<\/script><iframe id=\"advanced_iframe_2\"  name=\"advanced_iframe_2\"  src=\"https:\/\/tube-outremer.beta.education.fr\/videos\/embed\/3f85a4c4-3ca1-4659-b1c7-2eccae18738f\"  width=\"400\"  height=\"200\"  frameborder=\"0\"  border=\"0\"  allowtransparency=\"true\"  loading=\"lazy\"  style=\";border-width: 0px;;border: none;;width:400px;;height:200px;\" ><\/iframe><script type=\"text\/javascript\">var ifrm_advanced_iframe_2 = document.getElementById(\"advanced_iframe_2\");var hiddenTabsDoneadvanced_iframe_2 = false;\nfunction resizeCallbackadvanced_iframe_2() {}<\/script><script type=\"text\/javascript\"><\/script><p style=\"display:block !important; visibility:visible !important;margin: -18px 14px 0 0;padding-left: 3px;padding-top:3px;background: white; overflow: hidden; position: relative; line-height:15px;width: fit-content;\"><small style=\"display:block !important;visibility:visible !important\">powered by Advanced iFrame<\/small><\/p>\n\n\n<h2 class=\"wp-block-heading\">Magazine en ligne Ti-Coq Mag 16 <\/h2>\n\n\n\n<p> \u00ab\u00a0R\u00e9alis\u00e9 par les \u00e9l\u00e8ves de la session 2 &#8211; 2021\/2022\u00a0\u00bb<br>Lien vers le magazine : <a rel=\"noreferrer noopener\" href=\"https:\/\/www.calameo.com\/books\/0011831763d590d5c8f6c\" target=\"_blank\">https:\/\/www.calameo.com\/books\/0011831763d590d5c8f6c<\/a><\/p>\n\n\n\n<h2 class=\"wp-block-heading\">Magazine en ligne Ti-Coq Mag 15 <\/h2>\n\n\n\n<p>\u00ab\u00a0R\u00e9alis\u00e9 par les \u00e9l\u00e8ves de la session 1 &#8211; 2021\/2022\u00a0\u00bb<br>Lien vers le magazine : <a rel=\"noreferrer noopener\" href=\"https:\/\/fr.calameo.com\/read\/00118317607e5fdd64b25\" target=\"_blank\">https:\/\/www.calameo.com\/books\/0011831763d590d5c8f6c<\/a><\/p>\n\n\n\n<h2 class=\"wp-block-heading\">Lien vers l&rsquo;ensemble des num\u00e9ros Ti-Coq Mag<\/h2>\n\n\n\n<p><a rel=\"noreferrer noopener\" href=\"https:\/\/fr.calameo.com\/accounts\/1183176\" target=\"_blank\">https:\/\/fr.calameo.com\/accounts\/1183176<\/a><\/p>\n\n\n\n<h2 class=\"wp-block-heading\">Exposition virtuelle sur l&rsquo;engagisme r\u00e9alis\u00e9e par les \u00e9l\u00e8ves de classe relais 2021\/2022 Session 2 &#8211; avec le soutien de la Fondation Fondker.\u00a0<\/h2>\n\n\n\n<figure class=\"wp-block-embed is-type-wp-embed is-provider-peertube wp-block-embed-peertube\"><div class=\"wp-block-embed__wrapper\">\n<iframe loading=\"lazy\" class=\"wp-embedded-content\" sandbox=\"allow-scripts\" security=\"restricted\" title=\"2022 - Classe Relais Henri MATISSE - Fondker - Engagisme\" width=\"560\" height=\"315\" src=\"https:\/\/tube-institutionnel.apps.education.fr\/videos\/embed\/ba86ab5e-a5a9-46a9-aabf-95eaf15be68b#?secret=AyvcWeUd4X\" data-secret=\"AyvcWeUd4X\" frameborder=\"0\"><\/iframe>\n<\/div><\/figure>\n","protected":false},"excerpt":{"rendered":"<p>Pr\u00e9sentation de la classe relais Que sont-ils devenus ? Magazine en ligne Ti-Coq Mag 16 \u00ab\u00a0R\u00e9alis\u00e9 par les \u00e9l\u00e8ves de la session 2 &#8211; 2021\/2022\u00a0\u00bbLien vers le magazine : https:\/\/www.calameo.com\/books\/0011831763d590d5c8f6c Magazine en ligne Ti-Coq Mag 15 \u00ab\u00a0R\u00e9alis\u00e9 par les \u00e9l\u00e8ves de la session 1 &#8211; 2021\/2022\u00a0\u00bbLien vers le magazine :\u2026<\/p>\n<p class=\"continue-reading-button\"> <a class=\"continue-reading-link\" href=\"https:\/\/etab.ac-reunion.fr\/clg-henri-matisse\/le-college\/presentation-de-la-classe-relais\/\">Continuer \u00e0 lire<i class=\"crycon-right-dir\"><\/i><\/a><\/p>\n","protected":false},"author":1381,"featured_media":0,"parent":775,"menu_order":0,"comment_status":"closed","ping_status":"closed","template":"","meta":{"footnotes":""},"class_list":["post-6145","page","type-page","status-publish","hentry"],"_links":{"self":[{"href":"https:\/\/etab.ac-reunion.fr\/clg-henri-matisse\/wp-json\/wp\/v2\/pages\/6145","targetHints":{"allow":["GET"]}}],"collection":[{"href":"https:\/\/etab.ac-reunion.fr\/clg-henri-matisse\/wp-json\/wp\/v2\/pages"}],"about":[{"href":"https:\/\/etab.ac-reunion.fr\/clg-henri-matisse\/wp-json\/wp\/v2\/types\/page"}],"author":[{"embeddable":true,"href":"https:\/\/etab.ac-reunion.fr\/clg-henri-matisse\/wp-json\/wp\/v2\/users\/1381"}],"replies":[{"embeddable":true,"href":"https:\/\/etab.ac-reunion.fr\/clg-henri-matisse\/wp-json\/wp\/v2\/comments?post=6145"}],"version-history":[{"count":11,"href":"https:\/\/etab.ac-reunion.fr\/clg-henri-matisse\/wp-json\/wp\/v2\/pages\/6145\/revisions"}],"predecessor-version":[{"id":6652,"href":"https:\/\/etab.ac-reunion.fr\/clg-henri-matisse\/wp-json\/wp\/v2\/pages\/6145\/revisions\/6652"}],"up":[{"embeddable":true,"href":"https:\/\/etab.ac-reunion.fr\/clg-henri-matisse\/wp-json\/wp\/v2\/pages\/775"}],"wp:attachment":[{"href":"https:\/\/etab.ac-reunion.fr\/clg-henri-matisse\/wp-json\/wp\/v2\/media?parent=6145"}],"curies":[{"name":"wp","href":"https:\/\/api.w.org\/{rel}","templated":true}]}}