{"id":1323,"date":"2022-11-25T17:02:57","date_gmt":"2022-11-25T13:02:57","guid":{"rendered":"https:\/\/etab.ac-reunion.fr\/clg-hippolyte-foucque\/?page_id=1323"},"modified":"2024-10-04T18:26:52","modified_gmt":"2024-10-04T14:26:52","slug":"les-horaires","status":"publish","type":"page","link":"https:\/\/etab.ac-reunion.fr\/clg-hippolyte-foucque\/?page_id=1323","title":{"rendered":"Les horaires"},"content":{"rendered":"\n<div class=\"wp-block-columns is-layout-flex wp-container-core-columns-is-layout-9d6595d7 wp-block-columns-is-layout-flex\">\n<div class=\"wp-block-column is-layout-flow wp-block-column-is-layout-flow\">\n<p class=\"has-medium-font-size\"><strong><em>1\u00e8re sonnerie : 7h20<\/em><\/strong><\/p>\n\n\n\n<p>    M1 : 7h25 &#8211; 8h20 <\/p>\n\n\n\n<p>   M2 : 8h25 &#8211; 9h20<\/p>\n\n\n\n<p class=\"has-medium-font-size\"><em><strong>R\u00e9cr\u00e9ation (20 min) : 9h20 &#8211; 9h35<\/strong><\/em><\/p>\n\n\n\n<p>   M3 : 9h40 &#8211; 10h35<\/p>\n\n\n\n<p>   M4 : 10h40 &#8211; 11h35<\/p>\n\n\n\n<p>   M5 : 11h40 &#8211; 12h35<\/p>\n\n\n\n<p class=\"has-medium-font-size\"><strong><em>Pause m\u00e9ridienne (1h30)<\/em><\/strong><\/p>\n\n\n\n<p class=\"has-medium-font-size\"><strong><em>Sonnerie : 13h20<\/em><\/strong><\/p>\n\n\n\n<p>    S1 : 13h25 &#8211; 14h20<\/p>\n\n\n\n<p>    S2 : 14h25 &#8211; 15h20<\/p>\n\n\n\n<p class=\"has-medium-font-size\"><em><strong>R\u00e9cr\u00e9ation (15 min) : 15h20 &#8211; 15h30<\/strong><\/em><\/p>\n\n\n\n<p>    S3 : 15h35 &#8211; 16h30 <\/p>\n<\/div>\n\n\n\n<div class=\"wp-block-column is-layout-flow wp-block-column-is-layout-flow\">\n<figure class=\"wp-block-image size-full is-resized\"><img loading=\"lazy\" decoding=\"async\" width=\"498\" height=\"500\" src=\"https:\/\/etab.ac-reunion.fr\/clg-hippolyte-foucque\/wp-content\/uploads\/sites\/50\/2022\/11\/old_clock.png\" alt=\"\" class=\"wp-image-1325\" style=\"width:374px;height:375px\" srcset=\"https:\/\/etab.ac-reunion.fr\/clg-hippolyte-foucque\/wp-content\/uploads\/sites\/50\/2022\/11\/old_clock.png 498w, https:\/\/etab.ac-reunion.fr\/clg-hippolyte-foucque\/wp-content\/uploads\/sites\/50\/2022\/11\/old_clock-480x482.png 480w\" sizes=\"(min-width: 0px) and (max-width: 480px) 480px, (min-width: 481px) 498px, 100vw\" \/><\/figure>\n<\/div>\n<\/div>\n","protected":false},"excerpt":{"rendered":"<p>1\u00e8re sonnerie : 7h20 M1 : 7h25 &#8211; 8h20 M2 : 8h25 &#8211; 9h20 R\u00e9cr\u00e9ation (20 min) : 9h20 &#8211; 9h35 M3 : 9h40 &#8211; 10h35 M4 : 10h40 &#8211; 11h35 M5 : 11h40 &#8211; 12h35 Pause m\u00e9ridienne (1h30) Sonnerie : 13h20 S1 : 13h25 &#8211; 14h20 S2 : 14h25 &#8211; 15h20 R\u00e9cr\u00e9ation (15 min) [&hellip;]<\/p>\n","protected":false},"author":10149,"featured_media":1249,"parent":0,"menu_order":0,"comment_status":"closed","ping_status":"closed","template":"","meta":{"_et_pb_use_builder":"off","_et_pb_old_content":"","_et_gb_content_width":"","footnotes":""},"class_list":["post-1323","page","type-page","status-publish","has-post-thumbnail","hentry"],"_links":{"self":[{"href":"https:\/\/etab.ac-reunion.fr\/clg-hippolyte-foucque\/index.php?rest_route=\/wp\/v2\/pages\/1323","targetHints":{"allow":["GET"]}}],"collection":[{"href":"https:\/\/etab.ac-reunion.fr\/clg-hippolyte-foucque\/index.php?rest_route=\/wp\/v2\/pages"}],"about":[{"href":"https:\/\/etab.ac-reunion.fr\/clg-hippolyte-foucque\/index.php?rest_route=\/wp\/v2\/types\/page"}],"author":[{"embeddable":true,"href":"https:\/\/etab.ac-reunion.fr\/clg-hippolyte-foucque\/index.php?rest_route=\/wp\/v2\/users\/10149"}],"replies":[{"embeddable":true,"href":"https:\/\/etab.ac-reunion.fr\/clg-hippolyte-foucque\/index.php?rest_route=%2Fwp%2Fv2%2Fcomments&post=1323"}],"version-history":[{"count":4,"href":"https:\/\/etab.ac-reunion.fr\/clg-hippolyte-foucque\/index.php?rest_route=\/wp\/v2\/pages\/1323\/revisions"}],"predecessor-version":[{"id":3294,"href":"https:\/\/etab.ac-reunion.fr\/clg-hippolyte-foucque\/index.php?rest_route=\/wp\/v2\/pages\/1323\/revisions\/3294"}],"wp:featuredmedia":[{"embeddable":true,"href":"https:\/\/etab.ac-reunion.fr\/clg-hippolyte-foucque\/index.php?rest_route=\/wp\/v2\/media\/1249"}],"wp:attachment":[{"href":"https:\/\/etab.ac-reunion.fr\/clg-hippolyte-foucque\/index.php?rest_route=%2Fwp%2Fv2%2Fmedia&parent=1323"}],"curies":[{"name":"wp","href":"https:\/\/api.w.org\/{rel}","templated":true}]}}