{"id":1340,"date":"2022-11-25T18:00:24","date_gmt":"2022-11-25T14:00:24","guid":{"rendered":"https:\/\/etab.ac-reunion.fr\/clg-hippolyte-foucque\/?page_id=1340"},"modified":"2022-11-25T18:00:25","modified_gmt":"2022-11-25T14:00:25","slug":"presentation-2","status":"publish","type":"page","link":"https:\/\/etab.ac-reunion.fr\/clg-hippolyte-foucque\/?page_id=1340","title":{"rendered":"Pr\u00e9sentation"},"content":{"rendered":"\n<figure class=\"wp-block-image size-large\"><img loading=\"lazy\" decoding=\"async\" width=\"1024\" height=\"202\" src=\"https:\/\/etab.ac-reunion.fr\/clg-hippolyte-foucque\/wp-content\/uploads\/sites\/50\/2021\/09\/cropped-IMG_5298-scaled-1-1024x202.jpg\" alt=\"\" class=\"wp-image-1169\" srcset=\"https:\/\/etab.ac-reunion.fr\/clg-hippolyte-foucque\/wp-content\/uploads\/sites\/50\/2021\/09\/cropped-IMG_5298-scaled-1-1024x202.jpg 1024w, https:\/\/etab.ac-reunion.fr\/clg-hippolyte-foucque\/wp-content\/uploads\/sites\/50\/2021\/09\/cropped-IMG_5298-scaled-1-300x59.jpg 300w, https:\/\/etab.ac-reunion.fr\/clg-hippolyte-foucque\/wp-content\/uploads\/sites\/50\/2021\/09\/cropped-IMG_5298-scaled-1-768x152.jpg 768w, https:\/\/etab.ac-reunion.fr\/clg-hippolyte-foucque\/wp-content\/uploads\/sites\/50\/2021\/09\/cropped-IMG_5298-scaled-1-1536x303.jpg 1536w, https:\/\/etab.ac-reunion.fr\/clg-hippolyte-foucque\/wp-content\/uploads\/sites\/50\/2021\/09\/cropped-IMG_5298-scaled-1-150x30.jpg 150w, https:\/\/etab.ac-reunion.fr\/clg-hippolyte-foucque\/wp-content\/uploads\/sites\/50\/2021\/09\/cropped-IMG_5298-scaled-1.jpg 1920w\" sizes=\"(max-width: 1024px) 100vw, 1024px\" \/><\/figure>\n\n\n\n<div class=\"wp-block-columns is-layout-flex wp-container-core-columns-is-layout-9d6595d7 wp-block-columns-is-layout-flex\">\n<div class=\"wp-block-column is-layout-flow wp-block-column-is-layout-flow\" style=\"flex-basis:66.66%\">\n<p class=\"has-medium-font-size\">  Le coll\u00e8ge Hippolyte Foucque est situ\u00e9 \u00e0 l\u2019entr\u00e9e de la ville de Sainte Suzanne, non loin de son c\u00e9l\u00e8bre phare. Il accueille des \u00e9l\u00e8ves depuis 1971. Cette ann\u00e9e, il compte pr\u00e8s de 721 \u00e9l\u00e8ves issus des \u00e9coles du secteur.\u00a0<\/p>\n\n\n\n<p class=\"has-medium-font-size\">  Le coll\u00e8ge est un \u00e9tablissement d\u2019\u00e9ducation prioritaire (REP) du bassin Nord de l\u2019Acad\u00e9mie de La R\u00e9union.<\/p>\n<\/div>\n\n\n\n<div class=\"wp-block-column is-layout-flow wp-block-column-is-layout-flow\" style=\"flex-basis:33.33%\">\n<figure class=\"wp-block-image aligncenter size-full is-resized\"><img loading=\"lazy\" decoding=\"async\" src=\"https:\/\/etab.ac-reunion.fr\/clg-hippolyte-foucque\/wp-content\/uploads\/sites\/50\/2021\/09\/cropped-Logo-college.png\" alt=\"\" class=\"wp-image-1163\" width=\"128\" height=\"128\" \/><\/figure>\n<\/div>\n<\/div>\n","protected":false},"excerpt":{"rendered":"<p>Le coll\u00e8ge Hippolyte Foucque est situ\u00e9 \u00e0 l\u2019entr\u00e9e de la ville de Sainte Suzanne, non loin de son c\u00e9l\u00e8bre phare. Il accueille des \u00e9l\u00e8ves depuis 1971. Cette ann\u00e9e, il compte pr\u00e8s de 721 \u00e9l\u00e8ves issus des \u00e9coles du secteur.\u00a0 Le coll\u00e8ge est un \u00e9tablissement d\u2019\u00e9ducation prioritaire (REP) du bassin Nord de l\u2019Acad\u00e9mie de La R\u00e9union.<\/p>\n","protected":false},"author":10149,"featured_media":0,"parent":0,"menu_order":0,"comment_status":"closed","ping_status":"closed","template":"","meta":{"_et_pb_use_builder":"off","_et_pb_old_content":"","_et_gb_content_width":"","footnotes":""},"class_list":["post-1340","page","type-page","status-publish","hentry"],"_links":{"self":[{"href":"https:\/\/etab.ac-reunion.fr\/clg-hippolyte-foucque\/index.php?rest_route=\/wp\/v2\/pages\/1340","targetHints":{"allow":["GET"]}}],"collection":[{"href":"https:\/\/etab.ac-reunion.fr\/clg-hippolyte-foucque\/index.php?rest_route=\/wp\/v2\/pages"}],"about":[{"href":"https:\/\/etab.ac-reunion.fr\/clg-hippolyte-foucque\/index.php?rest_route=\/wp\/v2\/types\/page"}],"author":[{"embeddable":true,"href":"https:\/\/etab.ac-reunion.fr\/clg-hippolyte-foucque\/index.php?rest_route=\/wp\/v2\/users\/10149"}],"replies":[{"embeddable":true,"href":"https:\/\/etab.ac-reunion.fr\/clg-hippolyte-foucque\/index.php?rest_route=%2Fwp%2Fv2%2Fcomments&post=1340"}],"version-history":[{"count":4,"href":"https:\/\/etab.ac-reunion.fr\/clg-hippolyte-foucque\/index.php?rest_route=\/wp\/v2\/pages\/1340\/revisions"}],"predecessor-version":[{"id":1344,"href":"https:\/\/etab.ac-reunion.fr\/clg-hippolyte-foucque\/index.php?rest_route=\/wp\/v2\/pages\/1340\/revisions\/1344"}],"wp:attachment":[{"href":"https:\/\/etab.ac-reunion.fr\/clg-hippolyte-foucque\/index.php?rest_route=%2Fwp%2Fv2%2Fmedia&parent=1340"}],"curies":[{"name":"wp","href":"https:\/\/api.w.org\/{rel}","templated":true}]}}