{"id":1347,"date":"2022-11-25T18:18:43","date_gmt":"2022-11-25T14:18:43","guid":{"rendered":"https:\/\/etab.ac-reunion.fr\/clg-hippolyte-foucque\/?page_id=1347"},"modified":"2024-10-04T18:22:16","modified_gmt":"2024-10-04T14:22:16","slug":"protocole-de-vie-scolaire-2022-2023","status":"publish","type":"page","link":"https:\/\/etab.ac-reunion.fr\/clg-hippolyte-foucque\/?page_id=1347","title":{"rendered":"Protocole de vie scolaire 2024\/2025 :"},"content":{"rendered":"\n<div class=\"wp-block-columns is-layout-flex wp-container-core-columns-is-layout-9d6595d7 wp-block-columns-is-layout-flex\">\n<div class=\"wp-block-column is-layout-flow wp-block-column-is-layout-flow\" style=\"flex-basis:66.66%\">\n<p class=\"has-medium-font-size\">Le r\u00f4le du service de vie scolaire est d\u2019accompagner les \u00e9l\u00e8ves dans leur scolarit\u00e9 et de participer au bon fonctionnement de l\u2019\u00e9tablissement. La vie scolaire assure la s\u00e9curit\u00e9 des \u00e9l\u00e8ves hors de la classe, par la surveillance et le contr\u00f4le des flux d\u2019\u00e9l\u00e8ves. Elle est \u00e0 l\u2019interface entre les familles, les personnels et les \u00e9l\u00e8ves. Elle a \u00e9galement une fonction de communication et d\u2019information aupr\u00e8s des membres de la communaut\u00e9 \u00e9ducative.<\/p>\n\n\n\n<p class=\"has-medium-font-size\">Enfin elle assure la mise en \u0153uvre des punitions et sanctions, ainsi que l\u2019accompagnement des \u00e9l\u00e8ves lors de leurs temps libres (salle d\u2019\u00e9tudes, pause m\u00e9ridienne).<\/p>\n<\/div>\n\n\n\n<div class=\"wp-block-column is-layout-flow wp-block-column-is-layout-flow\" style=\"flex-basis:33.33%\">\n<figure class=\"wp-block-image aligncenter size-full is-resized\"><img loading=\"lazy\" decoding=\"async\" width=\"194\" height=\"166\" src=\"https:\/\/etab.ac-reunion.fr\/clg-hippolyte-foucque\/wp-content\/uploads\/sites\/50\/2022\/11\/vie-sco.png\" alt=\"\" class=\"wp-image-1158\" style=\"width:326px;height:275px\" \/><\/figure>\n<\/div>\n<\/div>\n\n\n\n<div data-wp-interactive=\"core\/file\" class=\"wp-block-file\"><object data-wp-bind--hidden=\"!state.hasPdfPreview\" hidden class=\"wp-block-file__embed\" data=\"https:\/\/etab.ac-reunion.fr\/clg-hippolyte-foucque\/wp-content\/uploads\/sites\/50\/2024\/10\/PROTOCOLE-VS-2024-2025-1.pdf\" type=\"application\/pdf\" style=\"width:100%;height:600px\" aria-label=\"Contenu embarqu\u00e9 PROTOCOLE VS 2024 2025.\"><\/object><a id=\"wp-block-file--media-948757bb-8a46-454d-b36d-33784043601b\" href=\"https:\/\/etab.ac-reunion.fr\/clg-hippolyte-foucque\/wp-content\/uploads\/sites\/50\/2024\/10\/PROTOCOLE-VS-2024-2025-1.pdf\" target=\"_blank\" rel=\"noreferrer noopener\">PROTOCOLE VS 2024 2025<\/a><a href=\"https:\/\/etab.ac-reunion.fr\/clg-hippolyte-foucque\/wp-content\/uploads\/sites\/50\/2024\/10\/PROTOCOLE-VS-2024-2025-1.pdf\" class=\"wp-block-file__button wp-element-button\" download aria-describedby=\"wp-block-file--media-948757bb-8a46-454d-b36d-33784043601b\">T\u00e9l\u00e9charger<\/a><\/div>\n","protected":false},"excerpt":{"rendered":"<p>Le r\u00f4le du service de vie scolaire est d\u2019accompagner les \u00e9l\u00e8ves dans leur scolarit\u00e9 et de participer au bon fonctionnement de l\u2019\u00e9tablissement. La vie scolaire assure la s\u00e9curit\u00e9 des \u00e9l\u00e8ves hors de la classe, par la surveillance et le contr\u00f4le des flux d\u2019\u00e9l\u00e8ves. Elle est \u00e0 l\u2019interface entre les familles, les personnels et les \u00e9l\u00e8ves. [&hellip;]<\/p>\n","protected":false},"author":10149,"featured_media":0,"parent":0,"menu_order":0,"comment_status":"closed","ping_status":"closed","template":"","meta":{"_et_pb_use_builder":"off","_et_pb_old_content":"","_et_gb_content_width":"","footnotes":""},"class_list":["post-1347","page","type-page","status-publish","hentry"],"_links":{"self":[{"href":"https:\/\/etab.ac-reunion.fr\/clg-hippolyte-foucque\/index.php?rest_route=\/wp\/v2\/pages\/1347","targetHints":{"allow":["GET"]}}],"collection":[{"href":"https:\/\/etab.ac-reunion.fr\/clg-hippolyte-foucque\/index.php?rest_route=\/wp\/v2\/pages"}],"about":[{"href":"https:\/\/etab.ac-reunion.fr\/clg-hippolyte-foucque\/index.php?rest_route=\/wp\/v2\/types\/page"}],"author":[{"embeddable":true,"href":"https:\/\/etab.ac-reunion.fr\/clg-hippolyte-foucque\/index.php?rest_route=\/wp\/v2\/users\/10149"}],"replies":[{"embeddable":true,"href":"https:\/\/etab.ac-reunion.fr\/clg-hippolyte-foucque\/index.php?rest_route=%2Fwp%2Fv2%2Fcomments&post=1347"}],"version-history":[{"count":4,"href":"https:\/\/etab.ac-reunion.fr\/clg-hippolyte-foucque\/index.php?rest_route=\/wp\/v2\/pages\/1347\/revisions"}],"predecessor-version":[{"id":3293,"href":"https:\/\/etab.ac-reunion.fr\/clg-hippolyte-foucque\/index.php?rest_route=\/wp\/v2\/pages\/1347\/revisions\/3293"}],"wp:attachment":[{"href":"https:\/\/etab.ac-reunion.fr\/clg-hippolyte-foucque\/index.php?rest_route=%2Fwp%2Fv2%2Fmedia&parent=1347"}],"curies":[{"name":"wp","href":"https:\/\/api.w.org\/{rel}","templated":true}]}}