{"id":1352,"date":"2022-11-25T18:27:23","date_gmt":"2022-11-25T14:27:23","guid":{"rendered":"https:\/\/etab.ac-reunion.fr\/clg-hippolyte-foucque\/?page_id=1352"},"modified":"2022-11-25T18:27:24","modified_gmt":"2022-11-25T14:27:24","slug":"protocole-infirmerie-2022-2023","status":"publish","type":"page","link":"https:\/\/etab.ac-reunion.fr\/clg-hippolyte-foucque\/?page_id=1352","title":{"rendered":"Protocole infirmerie 2022-\/2023"},"content":{"rendered":"\n<figure class=\"wp-block-image size-full\"><img loading=\"lazy\" decoding=\"async\" width=\"453\" height=\"104\" src=\"https:\/\/etab.ac-reunion.fr\/clg-hippolyte-foucque\/wp-content\/uploads\/sites\/50\/2022\/11\/inf.png\" alt=\"\" class=\"wp-image-1154\" srcset=\"https:\/\/etab.ac-reunion.fr\/clg-hippolyte-foucque\/wp-content\/uploads\/sites\/50\/2022\/11\/inf.png 453w, https:\/\/etab.ac-reunion.fr\/clg-hippolyte-foucque\/wp-content\/uploads\/sites\/50\/2022\/11\/inf-300x69.png 300w\" sizes=\"(max-width: 453px) 100vw, 453px\" \/><\/figure>\n\n\n\n<p class=\"has-medium-font-size\">Les infirmi\u00e8res scolaires tiennent un r\u00f4le important au sein des \u00e9tablissements scolaires, leurs missions \u00e9voluant autour de la prise en charge des \u00e9l\u00e8ves, mais aussi de la sensibilisation et de la pr\u00e9vention autour de la sant\u00e9 :<\/p>\n\n\n\n<p class=\"has-medium-font-size\">   Accueil et accompagnement des \u00e9l\u00e8ves (\u00e9coute, aide et soutien)<\/p>\n\n\n\n<p class=\"has-medium-font-size\">  Gestion des maladies chroniques<\/p>\n\n\n\n<p class=\"has-medium-font-size\">  Promotion de la sant\u00e9 et sensibilisation (pr\u00e9vention dans les domaines des addictions, de la sexualit\u00e9, du secourisme, de la nutrition et du bien-\u00eatre \u00e0 l\u2019\u00e9cole)<\/p>\n\n\n\n<p class=\"has-medium-font-size\">  Premier soins et soins d\u2019urgence<\/p>\n\n\n\n<p class=\"has-medium-font-size\">  Consultation m\u00e9dicale et bilan sant\u00e9 de l\u2019\u00e9l\u00e8ve<\/p>\n\n\n\n<p class=\"has-medium-font-size\">  Protection de l\u2019enfance<\/p>\n\n\n\n<p class=\"has-medium-font-size\">Voici le protocole de notre infirmerie pour cette ann\u00e9e scolaire:<\/p>\n\n\n\n<div data-wp-interactive=\"core\/file\" class=\"wp-block-file\"><object data-wp-bind--hidden=\"!state.hasPdfPreview\" hidden class=\"wp-block-file__embed\" data=\"https:\/\/etab.ac-reunion.fr\/clg-hippolyte-foucque\/wp-content\/uploads\/sites\/50\/2022\/11\/protocole-infirmerie-2022-2023.pdf\" type=\"application\/pdf\" style=\"width:100%;height:600px\" aria-label=\"Contenu embarqu\u00e9 protocole-infirmerie-2022-2023.\"><\/object><a id=\"wp-block-file--media-b41ee861-fbea-4b33-b92d-c4df17f050eb\" href=\"https:\/\/etab.ac-reunion.fr\/clg-hippolyte-foucque\/wp-content\/uploads\/sites\/50\/2022\/11\/protocole-infirmerie-2022-2023.pdf\">protocole-infirmerie-2022-2023<\/a><a href=\"https:\/\/etab.ac-reunion.fr\/clg-hippolyte-foucque\/wp-content\/uploads\/sites\/50\/2022\/11\/protocole-infirmerie-2022-2023.pdf\" class=\"wp-block-file__button wp-element-button\" download aria-describedby=\"wp-block-file--media-b41ee861-fbea-4b33-b92d-c4df17f050eb\">T\u00e9l\u00e9charger<\/a><\/div>\n","protected":false},"excerpt":{"rendered":"<p>Les infirmi\u00e8res scolaires tiennent un r\u00f4le important au sein des \u00e9tablissements scolaires, leurs missions \u00e9voluant autour de la prise en charge des \u00e9l\u00e8ves, mais aussi de la sensibilisation et de la pr\u00e9vention autour de la sant\u00e9 : Accueil et accompagnement des \u00e9l\u00e8ves (\u00e9coute, aide et soutien) Gestion des maladies chroniques Promotion de la sant\u00e9 et [&hellip;]<\/p>\n","protected":false},"author":10149,"featured_media":0,"parent":0,"menu_order":0,"comment_status":"closed","ping_status":"closed","template":"","meta":{"_et_pb_use_builder":"off","_et_pb_old_content":"","_et_gb_content_width":"","footnotes":""},"class_list":["post-1352","page","type-page","status-publish","hentry"],"_links":{"self":[{"href":"https:\/\/etab.ac-reunion.fr\/clg-hippolyte-foucque\/index.php?rest_route=\/wp\/v2\/pages\/1352","targetHints":{"allow":["GET"]}}],"collection":[{"href":"https:\/\/etab.ac-reunion.fr\/clg-hippolyte-foucque\/index.php?rest_route=\/wp\/v2\/pages"}],"about":[{"href":"https:\/\/etab.ac-reunion.fr\/clg-hippolyte-foucque\/index.php?rest_route=\/wp\/v2\/types\/page"}],"author":[{"embeddable":true,"href":"https:\/\/etab.ac-reunion.fr\/clg-hippolyte-foucque\/index.php?rest_route=\/wp\/v2\/users\/10149"}],"replies":[{"embeddable":true,"href":"https:\/\/etab.ac-reunion.fr\/clg-hippolyte-foucque\/index.php?rest_route=%2Fwp%2Fv2%2Fcomments&post=1352"}],"version-history":[{"count":2,"href":"https:\/\/etab.ac-reunion.fr\/clg-hippolyte-foucque\/index.php?rest_route=\/wp\/v2\/pages\/1352\/revisions"}],"predecessor-version":[{"id":1355,"href":"https:\/\/etab.ac-reunion.fr\/clg-hippolyte-foucque\/index.php?rest_route=\/wp\/v2\/pages\/1352\/revisions\/1355"}],"wp:attachment":[{"href":"https:\/\/etab.ac-reunion.fr\/clg-hippolyte-foucque\/index.php?rest_route=%2Fwp%2Fv2%2Fmedia&parent=1352"}],"curies":[{"name":"wp","href":"https:\/\/api.w.org\/{rel}","templated":true}]}}