{"id":1394,"date":"2022-12-02T17:06:31","date_gmt":"2022-12-02T13:06:31","guid":{"rendered":"https:\/\/etab.ac-reunion.fr\/clg-hippolyte-foucque\/?page_id=1394"},"modified":"2022-12-04T10:00:52","modified_gmt":"2022-12-04T06:00:52","slug":"devoirs-faits","status":"publish","type":"page","link":"https:\/\/etab.ac-reunion.fr\/clg-hippolyte-foucque\/?page_id=1394","title":{"rendered":"Devoirs faits"},"content":{"rendered":"\n<div class=\"wp-block-columns is-layout-flex wp-container-core-columns-is-layout-9d6595d7 wp-block-columns-is-layout-flex\">\n<div class=\"wp-block-column is-layout-flow wp-block-column-is-layout-flow\">\n<p class=\"has-medium-font-size\">Le dispositif \u00ab Devoirs Faits \u00bb offre aux \u00e9l\u00e8ves de notre coll\u00e8ge un temps privil\u00e9gi\u00e9 pour effectuer le travail demand\u00e9 par ses professeurs.<br>C\u2019est un moment \u00ab privil\u00e9gi\u00e9 \u00bb pour nos \u00e9l\u00e8ves car:<br>&#8211; ils y travaillent en groupe,<br>&#8211; ils sont aid\u00e9s pour les devoirs,<br>&#8211; ils disposent d\u2019un temps suppl\u00e9mentaire pour apprendre et comprendre ses<br>le\u00e7ons,<br>&#8211; ils am\u00e9liorent leurs m\u00e9thodes.<br>Le dispositif est ouvert \u00e0 tous les \u00e9l\u00e8ves. \u00c0 ceux qui en ont besoin d\u2019abord et il r\u00e9pond alors \u00e0 une demande de l\u2019\u00e9quipe p\u00e9dagogique lors des conseils classes, mais aussi \u00e0 la demande des<br>parents. Ouvert aussi \u00e0 tous les volontaires.<br>Les \u00e9l\u00e8ves sont alors accompagn\u00e9 par les professeurs, les assistants d\u2019e\u0301ducation ou par une<br>association.<br>L\u2019objectif de Devoirs Faits est d\u2019am\u00e9liorer le lien entre les temps de classe et les devoirs. Il<br>contribue \u00e0 renforcer l\u2019aide apport\u00e9e par l\u2019institution \u00e0 chaque \u00e9l\u00e8ve et am\u00e9liorer l\u2019acc\u00e8s au savoir.<br>Il offre aux e\u0301quipes l\u2019occasion de rendre explicites les objectifs des devoirs pour les e\u0301le\u0300ves et pour leurs familles. Ce travail en dehors de la classe, donne\u0301 aux e\u0301le\u0300ves par les enseignants, doit<br>s\u2019inte\u0301grer naturellement aux enseignements dispense\u0301s en classe.<br>C\u2019est un moment privile\u0301gie\u0301 pour que l\u2019e\u0301le\u0300ve de\u0301veloppe son autonomie : questionner les<br>de\u0301marches propose\u0301es, interroger ses propres me\u0301thodes, mettre a\u0300 l\u2019essai ce qu\u2019il a compris,<br>re\u0301investir les apprentissages tout en be\u0301ne\u0301ficiant, au besoin, de l\u2019accompagnement de<br>professionnels aptes a\u0300 lui apporter toute l\u2019aide ne\u0301cessaire.<br>Devoirs faits a vocation a\u0300 favoriser la continuite\u0301 et la cohe\u0301rence entre, d\u2019une part, le temps<br>scolaire et, d\u2019autre part, le temps familial et pe\u0301riscolaire.<br>Nos \u00e9l\u00e8ves sont vivement encourag\u00e9s \u00e0 profiter pleinement de ce temps. Cet effort porte ses<br>fruits et les progr\u00e8s sont visibles tant dans la maturit\u00e9 que dans la m\u00e9thode et surtout dans les<br>r\u00e9sultats.<br>M.Vaulbert R\u00e9f\u00e9rent du dispositif Devoirs Fait<\/p>\n<\/div>\n<\/div>\n\n\n\n<div class=\"wp-block-columns is-layout-flex wp-container-core-columns-is-layout-9d6595d7 wp-block-columns-is-layout-flex\">\n<div class=\"wp-block-column is-layout-flow wp-block-column-is-layout-flow\">\n<figure class=\"wp-block-image size-large\"><img decoding=\"async\" src=\"https:\/\/etab.ac-reunion.fr\/clg-hippolyte-foucque\/wp-content\/uploads\/sites\/50\/2022\/12\/Devoirs-faits-flyers-1_6-478x1024.png\" alt=\"\" class=\"wp-image-1445\" \/><\/figure>\n<\/div>\n\n\n\n<div class=\"wp-block-column is-layout-flow wp-block-column-is-layout-flow\">\n<figure class=\"wp-block-image size-large\"><img decoding=\"async\" src=\"https:\/\/etab.ac-reunion.fr\/clg-hippolyte-foucque\/wp-content\/uploads\/sites\/50\/2022\/12\/Devoirs-faits-flyers-2_6-467x1024.png\" alt=\"\" class=\"wp-image-1446\" \/><\/figure>\n<\/div>\n<\/div>\n\n\n\n<div class=\"wp-block-columns is-layout-flex wp-container-core-columns-is-layout-9d6595d7 wp-block-columns-is-layout-flex\">\n<div class=\"wp-block-column is-layout-flow wp-block-column-is-layout-flow\">\n<figure class=\"wp-block-image size-large\"><img decoding=\"async\" src=\"https:\/\/etab.ac-reunion.fr\/clg-hippolyte-foucque\/wp-content\/uploads\/sites\/50\/2022\/12\/Devoirs-faits-flyers-3_6-507x1024.png\" alt=\"\" class=\"wp-image-1447\" \/><\/figure>\n<\/div>\n\n\n\n<div class=\"wp-block-column is-layout-flow wp-block-column-is-layout-flow\">\n<figure class=\"wp-block-image size-large\"><img decoding=\"async\" src=\"https:\/\/etab.ac-reunion.fr\/clg-hippolyte-foucque\/wp-content\/uploads\/sites\/50\/2022\/12\/Devoirs-faits-flyers-4_6-492x1024.png\" alt=\"\" class=\"wp-image-1448\" \/><\/figure>\n<\/div>\n<\/div>\n\n\n\n<div class=\"wp-block-columns is-layout-flex wp-container-core-columns-is-layout-9d6595d7 wp-block-columns-is-layout-flex\">\n<div class=\"wp-block-column is-layout-flow wp-block-column-is-layout-flow\">\n<figure class=\"wp-block-image size-large\"><img decoding=\"async\" src=\"https:\/\/etab.ac-reunion.fr\/clg-hippolyte-foucque\/wp-content\/uploads\/sites\/50\/2022\/12\/Devoirs-faits-flyers-5_6-492x1024.png\" alt=\"\" class=\"wp-image-1449\" \/><\/figure>\n<\/div>\n\n\n\n<div class=\"wp-block-column is-layout-flow wp-block-column-is-layout-flow\">\n<figure class=\"wp-block-image size-large\"><img decoding=\"async\" src=\"https:\/\/etab.ac-reunion.fr\/clg-hippolyte-foucque\/wp-content\/uploads\/sites\/50\/2022\/12\/Devoirs-faits-flyers-6_6-501x1024.png\" alt=\"\" class=\"wp-image-1450\" \/><\/figure>\n<\/div>\n<\/div>\n","protected":false},"excerpt":{"rendered":"<p>Le dispositif \u00ab Devoirs Faits \u00bb offre aux \u00e9l\u00e8ves de notre coll\u00e8ge un temps privil\u00e9gi\u00e9 pour effectuer le travail demand\u00e9 par ses professeurs.C\u2019est un moment \u00ab privil\u00e9gi\u00e9 \u00bb pour nos \u00e9l\u00e8ves car:&#8211; ils y travaillent en groupe,&#8211; ils sont aid\u00e9s pour les devoirs,&#8211; ils disposent d\u2019un temps suppl\u00e9mentaire pour apprendre et comprendre sesle\u00e7ons,&#8211; ils am\u00e9liorent [&hellip;]<\/p>\n","protected":false},"author":10149,"featured_media":1395,"parent":0,"menu_order":0,"comment_status":"closed","ping_status":"closed","template":"","meta":{"_et_pb_use_builder":"off","_et_pb_old_content":"","_et_gb_content_width":"","footnotes":""},"class_list":["post-1394","page","type-page","status-publish","has-post-thumbnail","hentry"],"_links":{"self":[{"href":"https:\/\/etab.ac-reunion.fr\/clg-hippolyte-foucque\/index.php?rest_route=\/wp\/v2\/pages\/1394","targetHints":{"allow":["GET"]}}],"collection":[{"href":"https:\/\/etab.ac-reunion.fr\/clg-hippolyte-foucque\/index.php?rest_route=\/wp\/v2\/pages"}],"about":[{"href":"https:\/\/etab.ac-reunion.fr\/clg-hippolyte-foucque\/index.php?rest_route=\/wp\/v2\/types\/page"}],"author":[{"embeddable":true,"href":"https:\/\/etab.ac-reunion.fr\/clg-hippolyte-foucque\/index.php?rest_route=\/wp\/v2\/users\/10149"}],"replies":[{"embeddable":true,"href":"https:\/\/etab.ac-reunion.fr\/clg-hippolyte-foucque\/index.php?rest_route=%2Fwp%2Fv2%2Fcomments&post=1394"}],"version-history":[{"count":9,"href":"https:\/\/etab.ac-reunion.fr\/clg-hippolyte-foucque\/index.php?rest_route=\/wp\/v2\/pages\/1394\/revisions"}],"predecessor-version":[{"id":1452,"href":"https:\/\/etab.ac-reunion.fr\/clg-hippolyte-foucque\/index.php?rest_route=\/wp\/v2\/pages\/1394\/revisions\/1452"}],"wp:featuredmedia":[{"embeddable":true,"href":"https:\/\/etab.ac-reunion.fr\/clg-hippolyte-foucque\/index.php?rest_route=\/wp\/v2\/media\/1395"}],"wp:attachment":[{"href":"https:\/\/etab.ac-reunion.fr\/clg-hippolyte-foucque\/index.php?rest_route=%2Fwp%2Fv2%2Fmedia&parent=1394"}],"curies":[{"name":"wp","href":"https:\/\/api.w.org\/{rel}","templated":true}]}}