{"id":1627,"date":"2022-12-10T21:05:53","date_gmt":"2022-12-10T17:05:53","guid":{"rendered":"https:\/\/etab.ac-reunion.fr\/clg-hippolyte-foucque\/?page_id=1627"},"modified":"2022-12-13T16:58:11","modified_gmt":"2022-12-13T12:58:11","slug":"la-3eme-prepa-metiers","status":"publish","type":"page","link":"https:\/\/etab.ac-reunion.fr\/clg-hippolyte-foucque\/?page_id=1627","title":{"rendered":"La 3\u00e8me Pr\u00e9pa M\u00e9tiers"},"content":{"rendered":"[et_pb_section fb_built=\u00a0\u00bb1&Prime; _builder_version=\u00a0\u00bb4.16&Prime; global_colors_info=\u00a0\u00bb{}\u00a0\u00bb][et_pb_row _builder_version=\u00a0\u00bb4.16&Prime; background_size=\u00a0\u00bbinitial\u00a0\u00bb background_position=\u00a0\u00bbtop_left\u00a0\u00bb background_repeat=\u00a0\u00bbrepeat\u00a0\u00bb global_colors_info=\u00a0\u00bb{}\u00a0\u00bb][et_pb_column type=\u00a0\u00bb4_4&Prime; _builder_version=\u00a0\u00bb4.16&Prime; custom_padding=\u00a0\u00bb|||\u00a0\u00bb global_colors_info=\u00a0\u00bb{}\u00a0\u00bb custom_padding__hover=\u00a0\u00bb|||\u00a0\u00bb][et_pb_text _builder_version=\u00a0\u00bb4.19.2&Prime; _module_preset=\u00a0\u00bbdefault\u00a0\u00bb global_colors_info=\u00a0\u00bb{}\u00a0\u00bb]\n<p class=\"has-medium-font-size\">La classe de 3<sup>e<\/sup>\u00a0\u00ab\u00a0pr\u00e9pa m\u00e9tiers\u00a0\u00bb, s&rsquo;adresse tout particuli\u00e8rement \u00e0 des \u00e9l\u00e8ves volontaires qui souhaitent d\u00e9couvrir puis explorer plusieurs m\u00e9tiers pour construire leur projet d&rsquo;orientation vers la voie professionnelle ou par l&rsquo;apprentissage.<\/p>\n<p><!-- \/divi:paragraph --><\/p>\n<p><!-- divi:paragraph {\"fontSize\":\"medium\"} --><\/p>\n<p class=\"has-medium-font-size\">Nos \u00e9l\u00e8ves participent ainsi \u00e0 diff\u00e9rentes activit\u00e9s pour d\u00e9couvrir les formations propos\u00e9es dans les lyc\u00e9es professionnels partenaires et sont aussi mobilis\u00e9s lors de diff\u00e9rentes actions de l&rsquo;\u00e9tablissement.<\/p>\n<p><!-- \/divi:paragraph --><\/p>\n<p><!-- divi:paragraph {\"fontSize\":\"medium\"} --><\/p>\n<p class=\"has-medium-font-size\">Voici un bref aper\u00e7u des activit\u00e9s de la 3\u00e8me Pr\u00e9pa M\u00e9tiers.<\/p>\n[\/et_pb_text][\/et_pb_column][\/et_pb_row][et_pb_row column_structure=\u00a0\u00bb1_2,1_2&Prime; _builder_version=\u00a0\u00bb4.19.2&Prime; _module_preset=\u00a0\u00bbdefault\u00a0\u00bb global_colors_info=\u00a0\u00bb{}\u00a0\u00bb][et_pb_column type=\u00a0\u00bb1_2&Prime; _builder_version=\u00a0\u00bb4.19.2&Prime; _module_preset=\u00a0\u00bbdefault\u00a0\u00bb global_colors_info=\u00a0\u00bb{}\u00a0\u00bb][et_pb_button button_url=\u00a0\u00bbhttps:\/\/padlet.com\/Mme_Reype\/4pwk3x2agnyhj3ba\u00a0\u00bb button_text=\u00a0\u00bb2021\/2022&Prime; _builder_version=\u00a0\u00bb4.19.2&Prime; _module_preset=\u00a0\u00bbdefault\u00a0\u00bb hover_enabled=\u00a0\u00bb0&Prime; global_colors_info=\u00a0\u00bb{}\u00a0\u00bb url_new_window=\u00a0\u00bbon\u00a0\u00bb sticky_enabled=\u00a0\u00bb0&Prime;][\/et_pb_button][\/et_pb_column][et_pb_column type=\u00a0\u00bb1_2&Prime; _builder_version=\u00a0\u00bb4.19.2&Prime; _module_preset=\u00a0\u00bbdefault\u00a0\u00bb global_colors_info=\u00a0\u00bb{}\u00a0\u00bb][et_pb_button button_url=\u00a0\u00bbhttps:\/\/padlet.com\/natachamanglou\/f285ew5mkgnsfgcy\u00a0\u00bb button_text=\u00a0\u00bb2022\/2023&Prime; _builder_version=\u00a0\u00bb4.19.2&Prime; _module_preset=\u00a0\u00bbdefault\u00a0\u00bb hover_enabled=\u00a0\u00bb0&Prime; global_colors_info=\u00a0\u00bb{}\u00a0\u00bb url_new_window=\u00a0\u00bbon\u00a0\u00bb sticky_enabled=\u00a0\u00bb0&Prime;][\/et_pb_button][\/et_pb_column][\/et_pb_row][\/et_pb_section]\n","protected":false},"excerpt":{"rendered":"<p>La classe de 3e\u00a0\u00ab\u00a0pr\u00e9pa m\u00e9tiers\u00a0\u00bb, s&rsquo;adresse tout particuli\u00e8rement \u00e0 des \u00e9l\u00e8ves volontaires qui souhaitent d\u00e9couvrir puis explorer plusieurs m\u00e9tiers pour construire leur projet d&rsquo;orientation vers la voie professionnelle ou par l&rsquo;apprentissage. Nos \u00e9l\u00e8ves participent ainsi \u00e0 diff\u00e9rentes activit\u00e9s pour d\u00e9couvrir les formations propos\u00e9es dans les lyc\u00e9es professionnels partenaires et sont aussi mobilis\u00e9s lors de diff\u00e9rentes [&hellip;]<\/p>\n","protected":false},"author":10149,"featured_media":1616,"parent":0,"menu_order":0,"comment_status":"closed","ping_status":"closed","template":"","meta":{"_et_pb_use_builder":"on","_et_pb_old_content":"<!-- wp:paragraph {\"fontSize\":\"medium\"} -->\n<p class=\"has-medium-font-size\">La classe de 3<sup>e<\/sup>&nbsp;\u00ab&nbsp;pr\u00e9pa m\u00e9tiers&nbsp;\u00bb, s'adresse tout particuli\u00e8rement \u00e0 des \u00e9l\u00e8ves volontaires qui souhaitent d\u00e9couvrir puis explorer plusieurs m\u00e9tiers pour construire leur projet d'orientation vers la voie professionnelle ou par l'apprentissage.<\/p>\n<!-- \/wp:paragraph -->\n\n<!-- wp:paragraph {\"fontSize\":\"medium\"} -->\n<p class=\"has-medium-font-size\">Nos participent ainsi \u00e0 diff\u00e9rentes activit\u00e9s pour d\u00e9couvrir les formations propos\u00e9es dans les lyc\u00e9es professionnels partenaires et sont aussi mobilis\u00e9s lors de diff\u00e9rentes actions de l'\u00e9tablissement.<\/p>\n<!-- \/wp:paragraph -->\n\n<!-- wp:paragraph {\"fontSize\":\"medium\"} -->\n<p class=\"has-medium-font-size\">Voici un bref aper\u00e7u des activit\u00e9s de la 3\u00e8me Pr\u00e9pa M\u00e9tiers.<\/p>\n<!-- \/wp:paragraph -->\n\n<!-- wp:columns -->\n<div class=\"wp-block-columns\"><!-- wp:column -->\n<div class=\"wp-block-column\"><!-- wp:buttons -->\n<div class=\"wp-block-buttons\"><!-- wp:button -->\n<div class=\"wp-block-button\"><a class=\"wp-block-button__link wp-element-button\" href=\"https:\/\/padlet.com\/natachamanglou\/f285ew5mkgnsfgcy\" target=\"_blank\" rel=\"noreferrer noopener\">2022\/2023<\/a><\/div>\n<!-- \/wp:button --><\/div>\n<!-- \/wp:buttons --><\/div>\n<!-- \/wp:column -->\n\n<!-- wp:column -->\n<div class=\"wp-block-column\"><!-- wp:buttons -->\n<div class=\"wp-block-buttons\"><!-- wp:button -->\n<div class=\"wp-block-button\"><a class=\"wp-block-button__link wp-element-button\">2021\/2022<\/a><\/div>\n<!-- \/wp:button --><\/div>\n<!-- \/wp:buttons --><\/div>\n<!-- \/wp:column --><\/div>\n<!-- \/wp:columns -->","_et_gb_content_width":"","footnotes":""},"class_list":["post-1627","page","type-page","status-publish","has-post-thumbnail","hentry"],"_links":{"self":[{"href":"https:\/\/etab.ac-reunion.fr\/clg-hippolyte-foucque\/index.php?rest_route=\/wp\/v2\/pages\/1627","targetHints":{"allow":["GET"]}}],"collection":[{"href":"https:\/\/etab.ac-reunion.fr\/clg-hippolyte-foucque\/index.php?rest_route=\/wp\/v2\/pages"}],"about":[{"href":"https:\/\/etab.ac-reunion.fr\/clg-hippolyte-foucque\/index.php?rest_route=\/wp\/v2\/types\/page"}],"author":[{"embeddable":true,"href":"https:\/\/etab.ac-reunion.fr\/clg-hippolyte-foucque\/index.php?rest_route=\/wp\/v2\/users\/10149"}],"replies":[{"embeddable":true,"href":"https:\/\/etab.ac-reunion.fr\/clg-hippolyte-foucque\/index.php?rest_route=%2Fwp%2Fv2%2Fcomments&post=1627"}],"version-history":[{"count":5,"href":"https:\/\/etab.ac-reunion.fr\/clg-hippolyte-foucque\/index.php?rest_route=\/wp\/v2\/pages\/1627\/revisions"}],"predecessor-version":[{"id":1634,"href":"https:\/\/etab.ac-reunion.fr\/clg-hippolyte-foucque\/index.php?rest_route=\/wp\/v2\/pages\/1627\/revisions\/1634"}],"wp:featuredmedia":[{"embeddable":true,"href":"https:\/\/etab.ac-reunion.fr\/clg-hippolyte-foucque\/index.php?rest_route=\/wp\/v2\/media\/1616"}],"wp:attachment":[{"href":"https:\/\/etab.ac-reunion.fr\/clg-hippolyte-foucque\/index.php?rest_route=%2Fwp%2Fv2%2Fmedia&parent=1627"}],"curies":[{"name":"wp","href":"https:\/\/api.w.org\/{rel}","templated":true}]}}