{"id":2264,"date":"2023-08-09T15:57:09","date_gmt":"2023-08-09T11:57:09","guid":{"rendered":"https:\/\/etab.ac-reunion.fr\/clg-hippolyte-foucque\/?page_id=2264"},"modified":"2023-08-09T15:57:09","modified_gmt":"2023-08-09T11:57:09","slug":"les-differents-parcours-au-college","status":"publish","type":"page","link":"https:\/\/etab.ac-reunion.fr\/clg-hippolyte-foucque\/?page_id=2264","title":{"rendered":"Les diff\u00e9rents parcours au coll\u00e8ge."},"content":{"rendered":"\n<p class=\"has-medium-font-size\">Il existe 4 parcours \u00e9ducatifs qui permettent aux \u00e9l\u00e8ves de d\u00e9velopper leurs connaissances dans diff\u00e9rents domaines tout au long de leur passage au coll\u00e8ge. <\/p>\n\n\n\n<p class=\"has-medium-font-size\">  Ces parcours sont abord\u00e9es dans chaque discipline et participent \u00e0 donner du sens aux apprentissages. <\/p>\n\n\n\n<p class=\"has-medium-font-size\"> <a rel=\"noreferrer noopener\" href=\"https:\/\/www.education.gouv.fr\/le-parcours-avenir-7598\" target=\"_blank\"> <strong>Le parcours Avenir :<\/strong><\/a>  il permet \u00e0 chaque \u00e9l\u00e8ve de construire progressivement son orientation et de d\u00e9couvrir le monde \u00e9conomique et professionnel;<\/p>\n\n\n\n<p class=\"has-medium-font-size\"> <strong> <a rel=\"noreferrer noopener\" href=\"https:\/\/www.education.gouv.fr\/l-education-artistique-et-culturelle-7496\" target=\"_blank\">Le parcours d&rsquo;Education Artistique et Culturel <\/a><\/strong>: il a pour objectif que tous les \u00e9l\u00e8ves b\u00e9n\u00e9ficient d&rsquo;actions artistiques, culturelles et scientifiques de qualit\u00e9;<\/p>\n\n\n\n<p class=\"has-medium-font-size\"> <strong><a rel=\"noreferrer noopener\" href=\"https:\/\/www.education.gouv.fr\/le-parcours-educatif-de-sante-11786\" target=\"_blank\"> Le parcours Sant\u00e9<\/a><\/strong> :  il permet d&rsquo;\u00e9duquer, de pr\u00e9venir et de prot\u00e9ger les \u00e9l\u00e8ves ;<\/p>\n\n\n\n<p class=\"has-medium-font-size\"> <strong><a rel=\"noreferrer noopener\" href=\"https:\/\/www.education.gouv.fr\/le-parcours-citoyen-5993\" target=\"_blank\"> Le parcours Citoyen <\/a><\/strong>: il vise \u00e0 la construction, par l&rsquo;\u00e9l\u00e8ve, d&rsquo;un jugement moral et civique, \u00e0 l&rsquo;acquisition d&rsquo;un esprit critique et d&rsquo;une culture de l&rsquo;engagement.<\/p>\n","protected":false},"excerpt":{"rendered":"<p>Il existe 4 parcours \u00e9ducatifs qui permettent aux \u00e9l\u00e8ves de d\u00e9velopper leurs connaissances dans diff\u00e9rents domaines tout au long de leur passage au coll\u00e8ge. Ces parcours sont abord\u00e9es dans chaque discipline et participent \u00e0 donner du sens aux apprentissages. Le parcours Avenir : il permet \u00e0 chaque \u00e9l\u00e8ve de construire progressivement son orientation et de [&hellip;]<\/p>\n","protected":false},"author":10149,"featured_media":0,"parent":0,"menu_order":0,"comment_status":"closed","ping_status":"closed","template":"","meta":{"_et_pb_use_builder":"off","_et_pb_old_content":"","_et_gb_content_width":"","footnotes":""},"class_list":["post-2264","page","type-page","status-publish","hentry"],"_links":{"self":[{"href":"https:\/\/etab.ac-reunion.fr\/clg-hippolyte-foucque\/index.php?rest_route=\/wp\/v2\/pages\/2264","targetHints":{"allow":["GET"]}}],"collection":[{"href":"https:\/\/etab.ac-reunion.fr\/clg-hippolyte-foucque\/index.php?rest_route=\/wp\/v2\/pages"}],"about":[{"href":"https:\/\/etab.ac-reunion.fr\/clg-hippolyte-foucque\/index.php?rest_route=\/wp\/v2\/types\/page"}],"author":[{"embeddable":true,"href":"https:\/\/etab.ac-reunion.fr\/clg-hippolyte-foucque\/index.php?rest_route=\/wp\/v2\/users\/10149"}],"replies":[{"embeddable":true,"href":"https:\/\/etab.ac-reunion.fr\/clg-hippolyte-foucque\/index.php?rest_route=%2Fwp%2Fv2%2Fcomments&post=2264"}],"version-history":[{"count":1,"href":"https:\/\/etab.ac-reunion.fr\/clg-hippolyte-foucque\/index.php?rest_route=\/wp\/v2\/pages\/2264\/revisions"}],"predecessor-version":[{"id":2266,"href":"https:\/\/etab.ac-reunion.fr\/clg-hippolyte-foucque\/index.php?rest_route=\/wp\/v2\/pages\/2264\/revisions\/2266"}],"wp:attachment":[{"href":"https:\/\/etab.ac-reunion.fr\/clg-hippolyte-foucque\/index.php?rest_route=%2Fwp%2Fv2%2Fmedia&parent=2264"}],"curies":[{"name":"wp","href":"https:\/\/api.w.org\/{rel}","templated":true}]}}