{"id":2283,"date":"2023-08-11T09:00:41","date_gmt":"2023-08-11T05:00:41","guid":{"rendered":"https:\/\/etab.ac-reunion.fr\/clg-hippolyte-foucque\/?page_id=2283"},"modified":"2023-08-11T09:17:57","modified_gmt":"2023-08-11T05:17:57","slug":"orientation","status":"publish","type":"page","link":"https:\/\/etab.ac-reunion.fr\/clg-hippolyte-foucque\/?page_id=2283","title":{"rendered":"Orientation"},"content":{"rendered":"[et_pb_section fb_built=\u00a0\u00bb1&Prime; _builder_version=\u00a0\u00bb4.16&Prime; global_colors_info=\u00a0\u00bb{}\u00a0\u00bb][et_pb_row _builder_version=\u00a0\u00bb4.16&Prime; background_size=\u00a0\u00bbinitial\u00a0\u00bb background_position=\u00a0\u00bbtop_left\u00a0\u00bb background_repeat=\u00a0\u00bbrepeat\u00a0\u00bb global_colors_info=\u00a0\u00bb{}\u00a0\u00bb][et_pb_column type=\u00a0\u00bb4_4&Prime; _builder_version=\u00a0\u00bb4.16&Prime; custom_padding=\u00a0\u00bb|||\u00a0\u00bb global_colors_info=\u00a0\u00bb{}\u00a0\u00bb custom_padding__hover=\u00a0\u00bb|||\u00a0\u00bb][et_pb_text _builder_version=\u00a0\u00bb4.16&Prime; background_size=\u00a0\u00bbinitial\u00a0\u00bb background_position=\u00a0\u00bbtop_left\u00a0\u00bb background_repeat=\u00a0\u00bbrepeat\u00a0\u00bb global_colors_info=\u00a0\u00bb{}\u00a0\u00bb]<!-- divi:paragraph {\"fontSize\":\"medium\"} --><\/p>\n<p class=\"has-medium-font-size\"><strong><mark class=\"has-inline-color has-vivid-cyan-blue-color\"><a href=\"https:\/\/www.education.gouv.fr\/le-stage-de-3e-8192\" target=\"_blank\" rel=\"noreferrer noopener\">Stage d&rsquo;observation 3\u00e8me :<\/a> <\/mark><\/strong> <\/p>\n<p><!-- \/divi:paragraph --><\/p>\n<p><!-- divi:paragraph {\"fontSize\":\"medium\"} --><\/p>\n<p class=\"has-medium-font-size\">C&rsquo;est l\u2019occasion de&nbsp;<strong>d\u00e9couvrir le monde du travail, partager le quotidien de professionnels et b\u00e9n\u00e9ficier d\u2019une exp\u00e9rience concr\u00e8te<\/strong>. Il est aussi l\u2019occasion pour les \u00e9l\u00e8ves de gagner en autonomie, de prendre confiance dans un nouvel environnement et de permettre, \u00e9ventuellement, de confirmer un projet d\u2019orientation.<\/p>\n<p><!-- \/divi:paragraph --><\/p>\n<p><!-- divi:paragraph {\"fontSize\":\"medium\"} --><\/p>\n<p class=\"has-medium-font-size\">L\u2019ambition du stage n\u2019est donc pas tant de permettre aux \u00e9l\u00e8ves de confirmer ou d\u2019invalider une hypoth\u00e8se d\u2019orientation professionnelle, que d\u2019enrichir leur culture g\u00e9n\u00e9rale citoyenne en leur faisant d\u00e9couvrir :&nbsp;<\/p>\n<p><!-- \/divi:paragraph --><\/p>\n<p><!-- divi:list --><\/p>\n<ul><!-- divi:list-item {\"fontSize\":\"medium\"} --><\/p>\n<li class=\"has-medium-font-size\">le monde \u00e9conomique et professionnel dans sa diversit\u00e9&nbsp;<\/li>\n<p><!-- \/divi:list-item --><\/p>\n<p><!-- divi:list-item {\"fontSize\":\"medium\"} --><\/p>\n<li class=\"has-medium-font-size\">un environnement tr\u00e8s diff\u00e9rent du milieu scolaire, dans une grande autonomie&nbsp;<\/li>\n<p><!-- \/divi:list-item --><\/p>\n<p><!-- divi:list-item {\"fontSize\":\"medium\"} --><\/p>\n<li class=\"has-medium-font-size\">les r\u00e9alit\u00e9s concr\u00e8tes du travail d\u00e9construisant certains pr\u00e9jug\u00e9s&nbsp;<\/li>\n<p><!-- \/divi:list-item --><\/p>\n<p><!-- divi:list-item {\"fontSize\":\"medium\"} --><\/p>\n<li class=\"has-medium-font-size\">les comp\u00e9tences et le savoir-\u00eatre n\u00e9cessaires \u00e0 l\u2019exercice de certains m\u00e9tiers<\/li>\n<p><!-- \/divi:list-item --><\/ul>\n<p><!-- \/divi:list --><\/p>\n<p><!-- divi:paragraph {\"fontSize\":\"medium\"} --><\/p>\n<p class=\"has-medium-font-size\"><strong>Les \u00e9l\u00e8ves et leurs familles doivent \u00eatre activement impliqu\u00e9s dans la recherche et le choix des lieux du stage.<\/strong><\/p>\n<p><!-- \/divi:paragraph --><\/p>\n<p><!-- divi:paragraph {\"fontSize\":\"medium\"} --><\/p>\n<p class=\"has-medium-font-size\"><strong>La s\u00e9quence d&rsquo;observation en milieu professionnel&nbsp;est obligatoire pour tous les \u00e9l\u00e8ves des classes de troisi\u00e8me, en application des dispositions de l&rsquo;article D.332-14 du code de l&rsquo;\u00e9ducation  dans les entreprises, les associations, les administrations, les \u00e9tablissements publics ou les collectivit\u00e9s territoriales, aux conditions pr\u00e9vues par le code du travail.<\/strong><\/p>\n<p><!-- \/divi:paragraph --><\/p>\n<p><!-- divi:buttons {\"layout\":{\"type\":\"flex\",\"justifyContent\":\"center\"}} --><\/p>\n<div class=\"wp-block-buttons\"><!-- divi:button --><\/p>\n<div class=\"wp-block-button\"><a class=\"wp-block-button__link wp-element-button\" href=\"https:\/\/www.education.gouv.fr\/stage-de-3e-des-informations-pour-accompagner-l-organisation-et-le-suivi-du-stage-306708\" target=\"_blank\" rel=\"noreferrer noopener\">Ressources<\/a><\/div>\n<p><!-- \/divi:button --><\/div>\n<p><!-- \/divi:buttons --><\/p>\n<p><!-- divi:paragraph {\"fontSize\":\"medium\"} --><\/p>\n<p class=\"has-medium-font-size\"><strong><mark class=\"has-inline-color has-vivid-cyan-blue-color\"><a href=\"https:\/\/www.education.gouv.fr\/reussir-au-lycee\/que-faire-apres-la-troisieme-12506\" target=\"_blank\" rel=\"noreferrer noopener\">Apr\u00e8s la 3\u00e8me :<\/a><\/mark><\/strong><\/p>\n<p><!-- \/divi:paragraph --><\/p>\n<p><!-- divi:paragraph {\"fontSize\":\"medium\"} --><\/p>\n<p class=\"has-medium-font-size\">L&rsquo;ann\u00e9e de 3\u00e8me est un moment important pour la construction de l&rsquo;avenir des \u00e9l\u00e8ves. C&rsquo;est un temps de r\u00e9flexion et de d\u00e9cision concernant l&rsquo;orientation vers son projet professionnel.<\/p>\n<p><!-- \/divi:paragraph --><\/p>\n<p><!-- divi:paragraph {\"fontSize\":\"medium\"} --><\/p>\n<p class=\"has-medium-font-size\"> A l&rsquo;issue de l&rsquo;ann\u00e9e scolaire chaque \u00e9l\u00e8ve poursuivra ses \u00e9tudes vers un lyc\u00e9e g\u00e9n\u00e9ral et technologique, un lyc\u00e9e professionnel ou vers un apprentissage.  Il est donc important de conna\u00eetre les diff\u00e9rents choix qui se proposent et de prendre le temps de r\u00e9fl\u00e9chir \u00e0 son orientation.<\/p>\n<p><!-- \/divi:paragraph --><\/p>\n<p><!-- divi:buttons {\"layout\":{\"type\":\"flex\",\"justifyContent\":\"center\"}} --><\/p>\n<div class=\"wp-block-buttons\"><!-- divi:button --><\/p>\n<div class=\"wp-block-button\"><a class=\"wp-block-button__link wp-element-button\" href=\"https:\/\/www.education.gouv.fr\/reussir-au-lycee\/l-orientation-en-3e-et-l-affectation-en-lycee-9257\" target=\"_blank\" rel=\"noreferrer noopener\">R\u00e9ussir au lyc\u00e9e<\/a><\/div>\n<p><!-- \/divi:button --><\/div>\n<p><!-- \/divi:buttons --><\/p>\n<p><!-- divi:paragraph {\"fontSize\":\"medium\"} --><\/p>\n<p class=\"has-medium-font-size\"><strong><mark class=\"has-inline-color has-vivid-cyan-blue-color\"><a href=\"https:\/\/eduscol.education.fr\/628\/la-classe-de-troisieme-dite-prepa-metiers\" target=\"_blank\" rel=\"noreferrer noopener\">La 3\u00e8me Pr\u00e9pa-m\u00e9tiers :<\/a><\/mark><\/strong><\/p>\n<p><!-- \/divi:paragraph --><\/p>\n<p><!-- divi:paragraph {\"fontSize\":\"medium\"} --><\/p>\n<p class=\"has-medium-font-size\">La 3\u00e8me pr\u00e9pa-m\u00e9tier permet aux \u00e9l\u00e8ves qui souhaitent s&rsquo;orienter vers la voie professionnelle de d\u00e9couvrir plusieurs m\u00e9tiers tout en suivant les enseignements classiques de la classe de 3\u00e8me. Les \u00e9l\u00e8ves b\u00e9n\u00e9ficient d&rsquo;heures dans les ateliers de diff\u00e9rents lyc\u00e9es et d&rsquo;heurs de d\u00e9couverte professionnelles. De plus ils prennent part \u00e0 diff\u00e9rents projets du coll\u00e8ge.<\/p>\n<p><!-- \/divi:paragraph --><\/p>\n<p><!-- divi:buttons {\"layout\":{\"type\":\"flex\",\"justifyContent\":\"center\"}} --><\/p>\n<div class=\"wp-block-buttons\"><!-- divi:button --><\/p>\n<div class=\"wp-block-button\"><a class=\"wp-block-button__link wp-element-button\" href=\"https:\/\/etab.ac-reunion.fr\/clg-hippolyte-foucque\/?page_id=1627\" target=\"_blank\" rel=\"noreferrer noopener\">La pr\u00e9pa-m\u00e9tier au coll\u00e8ge<\/a><\/div>\n<p><!-- \/divi:button --><\/div>\n<p><!-- \/divi:buttons --><\/p>\n<p><!-- divi:columns {\"align\":\"wide\",\"style\":{\"spacing\":{\"margin\":{\"bottom\":\"0\"}}}} --><\/p>\n<div class=\"wp-block-columns alignwide\" style=\"margin-bottom:0\"><!-- divi:column --><\/p>\n<div class=\"wp-block-column\"><\/div>\n<p><!-- \/divi:column --><\/div>\n<p><!-- \/divi:columns -->[\/et_pb_text][\/et_pb_column][\/et_pb_row][\/et_pb_section][et_pb_section fb_built=\u00a0\u00bb1&Prime; _builder_version=\u00a0\u00bb4.21.2&Prime; _module_preset=\u00a0\u00bbdefault\u00a0\u00bb global_colors_info=\u00a0\u00bb{}\u00a0\u00bb][et_pb_row _builder_version=\u00a0\u00bb4.21.2&Prime; _module_preset=\u00a0\u00bbdefault\u00a0\u00bb global_colors_info=\u00a0\u00bb{}\u00a0\u00bb][et_pb_column type=\u00a0\u00bb4_4&Prime; _builder_version=\u00a0\u00bb4.21.2&Prime; _module_preset=\u00a0\u00bbdefault\u00a0\u00bb global_colors_info=\u00a0\u00bb{}\u00a0\u00bb][et_pb_blog include_categories=\u00a0\u00bb19,14&Prime; show_thumbnail=\u00a0\u00bboff\u00a0\u00bb show_author=\u00a0\u00bboff\u00a0\u00bb show_categories=\u00a0\u00bboff\u00a0\u00bb _builder_version=\u00a0\u00bb4.21.2&Prime; _module_preset=\u00a0\u00bbdefault\u00a0\u00bb global_colors_info=\u00a0\u00bb{}\u00a0\u00bb][\/et_pb_blog][\/et_pb_column][\/et_pb_row][\/et_pb_section]\n","protected":false},"excerpt":{"rendered":"<p>Stage d&rsquo;observation 3\u00e8me : C&rsquo;est l\u2019occasion de&nbsp;d\u00e9couvrir le monde du travail, partager le quotidien de professionnels et b\u00e9n\u00e9ficier d\u2019une exp\u00e9rience concr\u00e8te. Il est aussi l\u2019occasion pour les \u00e9l\u00e8ves de gagner en autonomie, de prendre confiance dans un nouvel environnement et de permettre, \u00e9ventuellement, de confirmer un projet d\u2019orientation. L\u2019ambition du stage n\u2019est donc pas tant [&hellip;]<\/p>\n","protected":false},"author":10149,"featured_media":0,"parent":0,"menu_order":0,"comment_status":"closed","ping_status":"closed","template":"","meta":{"_et_pb_use_builder":"on","_et_pb_old_content":"<!-- wp:paragraph {\"fontSize\":\"medium\"} -->\n<p class=\"has-medium-font-size\"><strong><mark class=\"has-inline-color has-vivid-cyan-blue-color\"><a href=\"https:\/\/www.education.gouv.fr\/le-stage-de-3e-8192\" target=\"_blank\" rel=\"noreferrer noopener\">Stage d'observation 3\u00e8me :<\/a> <\/mark><\/strong> <\/p>\n<!-- \/wp:paragraph -->\n\n<!-- wp:paragraph {\"fontSize\":\"medium\"} -->\n<p class=\"has-medium-font-size\">C'est l\u2019occasion de&nbsp;<strong>d\u00e9couvrir le monde du travail, partager le quotidien de professionnels et b\u00e9n\u00e9ficier d\u2019une exp\u00e9rience concr\u00e8te<\/strong>. Il est aussi l\u2019occasion pour les \u00e9l\u00e8ves de gagner en autonomie, de prendre confiance dans un nouvel environnement et de permettre, \u00e9ventuellement, de confirmer un projet d\u2019orientation.<\/p>\n<!-- \/wp:paragraph -->\n\n<!-- wp:paragraph {\"fontSize\":\"medium\"} -->\n<p class=\"has-medium-font-size\">L\u2019ambition du stage n\u2019est donc pas tant de permettre aux \u00e9l\u00e8ves de confirmer ou d\u2019invalider une hypoth\u00e8se d\u2019orientation professionnelle, que d\u2019enrichir leur culture g\u00e9n\u00e9rale citoyenne en leur faisant d\u00e9couvrir :&nbsp;<\/p>\n<!-- \/wp:paragraph -->\n\n<!-- wp:list -->\n<ul><!-- wp:list-item {\"fontSize\":\"medium\"} -->\n<li class=\"has-medium-font-size\">le monde \u00e9conomique et professionnel dans sa diversit\u00e9&nbsp;<\/li>\n<!-- \/wp:list-item -->\n\n<!-- wp:list-item {\"fontSize\":\"medium\"} -->\n<li class=\"has-medium-font-size\">un environnement tr\u00e8s diff\u00e9rent du milieu scolaire, dans une grande autonomie&nbsp;<\/li>\n<!-- \/wp:list-item -->\n\n<!-- wp:list-item {\"fontSize\":\"medium\"} -->\n<li class=\"has-medium-font-size\">les r\u00e9alit\u00e9s concr\u00e8tes du travail d\u00e9construisant certains pr\u00e9jug\u00e9s&nbsp;<\/li>\n<!-- \/wp:list-item -->\n\n<!-- wp:list-item {\"fontSize\":\"medium\"} -->\n<li class=\"has-medium-font-size\">les comp\u00e9tences et le savoir-\u00eatre n\u00e9cessaires \u00e0 l\u2019exercice de certains m\u00e9tiers<\/li>\n<!-- \/wp:list-item --><\/ul>\n<!-- \/wp:list -->\n\n<!-- wp:paragraph {\"fontSize\":\"medium\"} -->\n<p class=\"has-medium-font-size\"><strong>Les \u00e9l\u00e8ves et leurs familles doivent \u00eatre activement impliqu\u00e9s dans la recherche et le choix des lieux du stage.<\/strong><\/p>\n<!-- \/wp:paragraph -->\n\n<!-- wp:paragraph {\"fontSize\":\"medium\"} -->\n<p class=\"has-medium-font-size\"><strong>La s\u00e9quence d'observation en milieu professionnel&nbsp;est obligatoire pour tous les \u00e9l\u00e8ves des classes de troisi\u00e8me, en application des dispositions de l'article D.332-14 du code de l'\u00e9ducation  dans les entreprises, les associations, les administrations, les \u00e9tablissements publics ou les collectivit\u00e9s territoriales, aux conditions pr\u00e9vues par le code du travail.<\/strong><\/p>\n<!-- \/wp:paragraph -->\n\n<!-- wp:buttons {\"layout\":{\"type\":\"flex\",\"justifyContent\":\"center\"}} -->\n<div class=\"wp-block-buttons\"><!-- wp:button -->\n<div class=\"wp-block-button\"><a class=\"wp-block-button__link wp-element-button\" href=\"https:\/\/www.education.gouv.fr\/stage-de-3e-des-informations-pour-accompagner-l-organisation-et-le-suivi-du-stage-306708\" target=\"_blank\" rel=\"noreferrer noopener\">Ressources<\/a><\/div>\n<!-- \/wp:button --><\/div>\n<!-- \/wp:buttons -->\n\n<!-- wp:paragraph {\"fontSize\":\"medium\"} -->\n<p class=\"has-medium-font-size\"><strong><mark class=\"has-inline-color has-vivid-cyan-blue-color\"><a href=\"https:\/\/www.education.gouv.fr\/reussir-au-lycee\/que-faire-apres-la-troisieme-12506\" target=\"_blank\" rel=\"noreferrer noopener\">Apr\u00e8s la 3\u00e8me :<\/a><\/mark><\/strong><\/p>\n<!-- \/wp:paragraph -->\n\n<!-- wp:paragraph {\"fontSize\":\"medium\"} -->\n<p class=\"has-medium-font-size\">L'ann\u00e9e de 3\u00e8me est un moment important pour la construction de l'avenir des \u00e9l\u00e8ves. C'est un temps de r\u00e9flexion et de d\u00e9cision concernant l'orientation vers son projet professionnel.<\/p>\n<!-- \/wp:paragraph -->\n\n<!-- wp:paragraph {\"fontSize\":\"medium\"} -->\n<p class=\"has-medium-font-size\"> A l'issue de l'ann\u00e9e scolaire chaque \u00e9l\u00e8ve poursuivra ses \u00e9tudes vers un lyc\u00e9e g\u00e9n\u00e9ral et technologique, un lyc\u00e9e professionnel ou vers un apprentissage.  Il est donc important de conna\u00eetre les diff\u00e9rents choix qui se proposent et de prendre le temps de r\u00e9fl\u00e9chir \u00e0 son orientation.<\/p>\n<!-- \/wp:paragraph -->\n\n<!-- wp:buttons {\"layout\":{\"type\":\"flex\",\"justifyContent\":\"center\"}} -->\n<div class=\"wp-block-buttons\"><!-- wp:button -->\n<div class=\"wp-block-button\"><a class=\"wp-block-button__link wp-element-button\" href=\"https:\/\/www.education.gouv.fr\/reussir-au-lycee\/l-orientation-en-3e-et-l-affectation-en-lycee-9257\" target=\"_blank\" rel=\"noreferrer noopener\">R\u00e9ussir au lyc\u00e9e<\/a><\/div>\n<!-- \/wp:button --><\/div>\n<!-- \/wp:buttons -->\n\n<!-- wp:paragraph {\"fontSize\":\"medium\"} -->\n<p class=\"has-medium-font-size\"><strong><mark class=\"has-inline-color has-vivid-cyan-blue-color\"><a href=\"https:\/\/eduscol.education.fr\/628\/la-classe-de-troisieme-dite-prepa-metiers\" target=\"_blank\" rel=\"noreferrer noopener\">La 3\u00e8me Pr\u00e9pa-m\u00e9tiers :<\/a><\/mark><\/strong><\/p>\n<!-- \/wp:paragraph -->\n\n<!-- wp:paragraph {\"fontSize\":\"medium\"} -->\n<p class=\"has-medium-font-size\">La 3\u00e8me pr\u00e9pa-m\u00e9tier permet aux \u00e9l\u00e8ves qui souhaitent s'orienter vers la voie professionnelle de d\u00e9couvrir plusieurs m\u00e9tiers tout en suivant les enseignements classiques de la classe de 3\u00e8me. Les \u00e9l\u00e8ves b\u00e9n\u00e9ficient d'heures dans les ateliers de diff\u00e9rents lyc\u00e9es et d'heurs de d\u00e9couverte professionnelles. De plus ils prennent part \u00e0 diff\u00e9rents projets du coll\u00e8ge.<\/p>\n<!-- \/wp:paragraph -->\n\n<!-- wp:buttons {\"layout\":{\"type\":\"flex\",\"justifyContent\":\"center\"}} -->\n<div class=\"wp-block-buttons\"><!-- wp:button -->\n<div class=\"wp-block-button\"><a class=\"wp-block-button__link wp-element-button\" href=\"https:\/\/etab.ac-reunion.fr\/clg-hippolyte-foucque\/?page_id=1627\" target=\"_blank\" rel=\"noreferrer noopener\">La pr\u00e9pa-m\u00e9tier au coll\u00e8ge<\/a><\/div>\n<!-- \/wp:button --><\/div>\n<!-- \/wp:buttons -->\n\n<!-- wp:columns {\"align\":\"wide\",\"style\":{\"spacing\":{\"margin\":{\"bottom\":\"0\"}}}} -->\n<div class=\"wp-block-columns alignwide\" style=\"margin-bottom:0\"><!-- wp:column -->\n<div class=\"wp-block-column\"><\/div>\n<!-- \/wp:column --><\/div>\n<!-- \/wp:columns -->","_et_gb_content_width":"","footnotes":""},"class_list":["post-2283","page","type-page","status-publish","hentry"],"_links":{"self":[{"href":"https:\/\/etab.ac-reunion.fr\/clg-hippolyte-foucque\/index.php?rest_route=\/wp\/v2\/pages\/2283","targetHints":{"allow":["GET"]}}],"collection":[{"href":"https:\/\/etab.ac-reunion.fr\/clg-hippolyte-foucque\/index.php?rest_route=\/wp\/v2\/pages"}],"about":[{"href":"https:\/\/etab.ac-reunion.fr\/clg-hippolyte-foucque\/index.php?rest_route=\/wp\/v2\/types\/page"}],"author":[{"embeddable":true,"href":"https:\/\/etab.ac-reunion.fr\/clg-hippolyte-foucque\/index.php?rest_route=\/wp\/v2\/users\/10149"}],"replies":[{"embeddable":true,"href":"https:\/\/etab.ac-reunion.fr\/clg-hippolyte-foucque\/index.php?rest_route=%2Fwp%2Fv2%2Fcomments&post=2283"}],"version-history":[{"count":8,"href":"https:\/\/etab.ac-reunion.fr\/clg-hippolyte-foucque\/index.php?rest_route=\/wp\/v2\/pages\/2283\/revisions"}],"predecessor-version":[{"id":2295,"href":"https:\/\/etab.ac-reunion.fr\/clg-hippolyte-foucque\/index.php?rest_route=\/wp\/v2\/pages\/2283\/revisions\/2295"}],"wp:attachment":[{"href":"https:\/\/etab.ac-reunion.fr\/clg-hippolyte-foucque\/index.php?rest_route=%2Fwp%2Fv2%2Fmedia&parent=2283"}],"curies":[{"name":"wp","href":"https:\/\/api.w.org\/{rel}","templated":true}]}}