{"id":3679,"date":"2024-11-28T13:59:52","date_gmt":"2024-11-28T09:59:52","guid":{"rendered":"https:\/\/etab.ac-reunion.fr\/clg-hippolyte-foucque\/?page_id=3679"},"modified":"2026-03-26T09:44:44","modified_gmt":"2026-03-26T05:44:44","slug":"foucque-fm","status":"publish","type":"page","link":"https:\/\/etab.ac-reunion.fr\/clg-hippolyte-foucque\/?page_id=3679","title":{"rendered":"Foucque FM"},"content":{"rendered":"\n<div class=\"wp-block-columns is-layout-flex wp-container-core-columns-is-layout-9d6595d7 wp-block-columns-is-layout-flex\">\n<div class=\"wp-block-column is-layout-flow wp-block-column-is-layout-flow\">\n<figure class=\"wp-block-image aligncenter size-large is-resized\"><img loading=\"lazy\" decoding=\"async\" width=\"1024\" height=\"909\" src=\"https:\/\/etab.ac-reunion.fr\/clg-hippolyte-foucque\/wp-content\/uploads\/sites\/50\/2024\/11\/logo_FoucqueFM-1024x909.png\" alt=\"\" class=\"wp-image-3711\" style=\"aspect-ratio:1.1265292155017539;width:199px;height:auto\" srcset=\"https:\/\/etab.ac-reunion.fr\/clg-hippolyte-foucque\/wp-content\/uploads\/sites\/50\/2024\/11\/logo_FoucqueFM-980x870.png 980w, https:\/\/etab.ac-reunion.fr\/clg-hippolyte-foucque\/wp-content\/uploads\/sites\/50\/2024\/11\/logo_FoucqueFM-480x426.png 480w\" sizes=\"(min-width: 0px) and (max-width: 480px) 480px, (min-width: 481px) and (max-width: 980px) 980px, (min-width: 981px) 1024px, 100vw\" \/><\/figure>\n\n\n\n<p><\/p>\n\n\n\n<h2 class=\"wp-block-heading\"><mark style=\"background-color:#fcb900\" class=\"has-inline-color has-black-color\">Journal n\u00b02<\/mark><\/h2>\n\n\n\n<p class=\"has-medium-font-size\">Notre premi\u00e8re \u00e9mission de l&rsquo;ann\u00e9e 2025\/2026 traite du petit-d\u00e9jeuner, du cross du coll\u00e8ge, une recette de cuisine, des loisirs, \u201cSi j\u2019\u00e9tais un super-h\u00e9ros\u2026\u201d, et \u201cLe saviez-vous ?<\/p>\n\n\n\n<p class=\"has-medium-font-size\"><\/p>\n\n\n\n<p class=\"has-medium-font-size\">\ud83c\udfa7 (Re)d\u00e9couvrez l&rsquo;\u00e9mission ici :<\/p>\n\n\n\n<figure class=\"wp-block-audio\"><audio controls src=\"https:\/\/etab.ac-reunion.fr\/clg-hippolyte-foucque\/wp-content\/uploads\/sites\/50\/2026\/03\/Emission-2026.mp3\"><\/audio><\/figure>\n\n\n\n<p><\/p>\n\n\n\n<h2 class=\"wp-block-heading\"><mark style=\"background-color:#fcb900\" class=\"has-inline-color has-black-color\">Journal n\u00b01<\/mark><\/h2>\n\n\n\n<p class=\"has-medium-font-size\">Dans cette \u00e9mission de l\u2019ann\u00e9e derni\u00e8re ( 2024\/2025), les \u00e9l\u00e8ves parlent de plusieurs sujets int\u00e9ressants. On commence avec des sorties p\u00e9dagogiques et culturelles o\u00f9 ils d\u00e9couvrent la sucrerie Payet et Rivi\u00e8re et la bande dessin\u00e9e au festival BD P\u00e9i.<\/p>\n\n\n\n<p class=\"has-medium-font-size\">Ensuite, ils \u00e9voquent le programme\u00a0<em>Coll\u00e8ge au Cin\u00e9ma<\/em>, qui permet aux coll\u00e9giens de d\u00e9couvrir des films dans un cadre scolaire. Ils parlent aussi de la f\u00eate d&rsquo;Halloween, avec les activit\u00e9s propos\u00e9es au CDI. Enfin, ils partagent leur avis de lecture et une blague pour ajouter une touche de fun \u00e0 tout \u00e7a.<\/p>\n\n\n\n<p class=\"has-medium-font-size\"><\/p>\n\n\n\n<p class=\"has-medium-font-size\">\ud83c\udfa7 (Re)d\u00e9couvrez l&rsquo;\u00e9mission ici :<\/p>\n\n\n\n<figure class=\"wp-block-audio\"><audio controls src=\"https:\/\/etab.ac-reunion.fr\/clg-hippolyte-foucque\/wp-content\/uploads\/sites\/50\/2026\/03\/Emission-1.mp3\"><\/audio><\/figure>\n\n\n\n<p><\/p>\n\n\n\n<h2 class=\"wp-block-heading\"><mark style=\"background-color:#fcb900\" class=\"has-inline-color\">Demi-Finalistes au Concours \u00abR\u00e9inventer le Monde\u00bb : Une Belle Victoire !<\/mark><\/h2>\n\n\n\n<p class=\"has-medium-font-size\">Notre coll\u00e8ge a particip\u00e9 au concours national \u00abR\u00e9inventer le Monde\u00bb, organis\u00e9 par l\u2019AFD (Agence Fran\u00e7aise de D\u00e9veloppement).<\/p>\n\n\n\n<p class=\"has-medium-font-size\"><\/p>\n\n\n\n<p class=\"has-medium-font-size\">\ud83c\udfa7 \u00c0 \u00e9couter ici :<br>\ud83d\udc49 <a href=\"https:\/\/concours.reinventer-le-monde.fr\/podcasts\/presages\/\">https:\/\/concours.reinventer-le-monde.fr\/podcasts\/presages\/<\/a><\/p>\n\n\n\n<p><\/p>\n\n\n\n<h1 class=\"wp-block-heading\"><br><mark style=\"background-color:#fcb900\" class=\"has-inline-color\">Matin\u00e9e MangaRun inter-\u00e9tablissements<\/mark><\/h1>\n\n\n\n<p class=\"has-medium-font-size\">Le 23 mai 2025, les \u00e9l\u00e8ves du club presse avaient rendez-vous avec la culture japonaise et l\u2019univers du manga \u00e0 l\u2019Universit\u00e9 de la R\u00e9union lors d\u2019une rencontre inter-\u00e9tablissements organis\u00e9e dans le cadre du projet&nbsp;MangaRun, coordonn\u00e9 \u00e0 l\u2019\u00e9chelle acad\u00e9mique.<\/p>\n\n\n\n<p class=\"has-medium-font-size\">(Re)d\u00e9couvrez l\u2019\u00e9mission ici :<\/p>\n\n\n\n<figure class=\"wp-block-audio\"><audio controls src=\"https:\/\/etab.ac-reunion.fr\/clg-hippolyte-foucque\/wp-content\/uploads\/sites\/50\/2025\/07\/Mangarun-1.mp3\"><\/audio><\/figure>\n\n\n\n<p class=\"has-medium-font-size\">Bravo aux journalistes en herbe pour leur professionnalisme !<\/p>\n\n\n\n<p><\/p>\n\n\n\n<p><\/p>\n\n\n\n<h2 class=\"wp-block-heading\"><\/h2>\n<\/div>\n<\/div>\n\n\n\n<h2 class=\"wp-block-heading\"><mark style=\"background-color:#fcb900\" class=\"has-inline-color\">\ud83c\udfac&nbsp;Atelier cin\u00e9ma : l\u2019\u00e9galit\u00e9 femmes \u2013 hommes \u00e0 l\u2019\u00e9cran et au micro !&nbsp;\ud83c\udfa7<\/mark><\/h2>\n\n\n\n<p class=\"has-medium-font-size\">Dans le cadre de l\u2019atelier cin\u00e9ma du vendredi, nos \u00e9l\u00e8ves ont explor\u00e9 la th\u00e9matique de l\u2019\u00e9galit\u00e9 entre les femmes et les hommes \u00e0 travers le 7e art. Apr\u00e8s avoir visionn\u00e9 le film&nbsp;<strong><em>Comme des gar\u00e7ons<\/em><\/strong>, qui aborde avec humour et justesse la place des femmes dans le sport, les \u00e9l\u00e8ves ont \u00e9t\u00e9 invit\u00e9s \u00e0 r\u00e9fl\u00e9chir et \u00e0 s\u2019exprimer sur les st\u00e9r\u00e9otypes de genre et l\u2019\u00e9volution des mentalit\u00e9s.<\/p>\n\n\n\n<p class=\"has-medium-font-size\">Ils ont ensuite relev\u00e9 un d\u00e9fi cr\u00e9atif :&nbsp;<strong>r\u00e9aliser des affiches ou enregistrer un podcast<\/strong>&nbsp;pour partager leurs r\u00e9flexions et messages. \ud83c\udf99\ufe0f\ud83d\uddbc\ufe0f<\/p>\n\n\n\n<p class=\"has-medium-font-size\">Nous vous invitons \u00e0 d\u00e9couvrir leurs productions pleines de sens, d\u2019engagement et de talent !<\/p>\n\n\n\n<figure class=\"wp-block-audio\"><audio controls src=\"https:\/\/etab.ac-reunion.fr\/clg-hippolyte-foucque\/wp-content\/uploads\/sites\/50\/2025\/07\/atelier-cinema-comme-des-garcons.mp3\"><\/audio><\/figure>\n\n\n\n<p><\/p>\n\n\n\n<h2 class=\"wp-block-heading\"><mark style=\"background-color:#fcb900\" class=\"has-inline-color has-black-color\">Podcast \u00ab\u00a0Prix Mangarun\u00a0\u00bb<\/mark><\/h2>\n\n\n\n<figure class=\"wp-block-audio\"><audio controls src=\"https:\/\/etab.ac-reunion.fr\/clg-hippolyte-foucque\/wp-content\/uploads\/sites\/50\/2025\/07\/Mangarun.mp3\"><\/audio><\/figure>\n\n\n\n<p><\/p>\n","protected":false},"excerpt":{"rendered":"<p>Journal n\u00b02 Notre premi\u00e8re \u00e9mission de l&rsquo;ann\u00e9e 2025\/2026 traite du petit-d\u00e9jeuner, du cross du coll\u00e8ge, une recette de cuisine, des loisirs, \u201cSi j\u2019\u00e9tais un super-h\u00e9ros\u2026\u201d, et \u201cLe saviez-vous ? \ud83c\udfa7 (Re)d\u00e9couvrez l&rsquo;\u00e9mission ici : Journal n\u00b01 Dans cette \u00e9mission de l\u2019ann\u00e9e derni\u00e8re ( 2024\/2025), les \u00e9l\u00e8ves parlent de plusieurs sujets int\u00e9ressants. On commence avec des [&hellip;]<\/p>\n","protected":false},"author":37549,"featured_media":0,"parent":0,"menu_order":0,"comment_status":"closed","ping_status":"closed","template":"","meta":{"_et_pb_use_builder":"off","_et_pb_old_content":"","_et_gb_content_width":"","footnotes":""},"class_list":["post-3679","page","type-page","status-publish","hentry"],"_links":{"self":[{"href":"https:\/\/etab.ac-reunion.fr\/clg-hippolyte-foucque\/index.php?rest_route=\/wp\/v2\/pages\/3679","targetHints":{"allow":["GET"]}}],"collection":[{"href":"https:\/\/etab.ac-reunion.fr\/clg-hippolyte-foucque\/index.php?rest_route=\/wp\/v2\/pages"}],"about":[{"href":"https:\/\/etab.ac-reunion.fr\/clg-hippolyte-foucque\/index.php?rest_route=\/wp\/v2\/types\/page"}],"author":[{"embeddable":true,"href":"https:\/\/etab.ac-reunion.fr\/clg-hippolyte-foucque\/index.php?rest_route=\/wp\/v2\/users\/37549"}],"replies":[{"embeddable":true,"href":"https:\/\/etab.ac-reunion.fr\/clg-hippolyte-foucque\/index.php?rest_route=%2Fwp%2Fv2%2Fcomments&post=3679"}],"version-history":[{"count":17,"href":"https:\/\/etab.ac-reunion.fr\/clg-hippolyte-foucque\/index.php?rest_route=\/wp\/v2\/pages\/3679\/revisions"}],"predecessor-version":[{"id":4555,"href":"https:\/\/etab.ac-reunion.fr\/clg-hippolyte-foucque\/index.php?rest_route=\/wp\/v2\/pages\/3679\/revisions\/4555"}],"wp:attachment":[{"href":"https:\/\/etab.ac-reunion.fr\/clg-hippolyte-foucque\/index.php?rest_route=%2Fwp%2Fv2%2Fmedia&parent=3679"}],"curies":[{"name":"wp","href":"https:\/\/api.w.org\/{rel}","templated":true}]}}