{"id":5627,"date":"2023-09-18T17:14:40","date_gmt":"2023-09-18T13:14:40","guid":{"rendered":"https:\/\/etab.ac-reunion.fr\/clg-hubert-delisle\/?page_id=5627"},"modified":"2023-09-18T17:14:40","modified_gmt":"2023-09-18T13:14:40","slug":"securite-routiere-assr","status":"publish","type":"page","link":"https:\/\/etab.ac-reunion.fr\/clg-hubert-delisle\/securite-routiere-assr\/","title":{"rendered":"S\u00e9curit\u00e9 routi\u00e8re \/ ASSR"},"content":{"rendered":"<div class=\"wp-block-image\">\n<figure class=\"aligncenter\"><a href=\"https:\/\/etab.ac-reunion.fr\/clg-hubert-delisle\/wp-content\/uploads\/sites\/22\/2014\/02\/ASSR.jpg\"><img loading=\"lazy\" decoding=\"async\" width=\"277\" height=\"116\" src=\"https:\/\/etab.ac-reunion.fr\/clg-hubert-delisle\/wp-content\/uploads\/sites\/22\/2014\/02\/ASSR.jpg\" alt=\"ASSR\" class=\"wp-image-683\" \/><\/a><\/figure>\n<\/div>\n\n\n<p>\u00c0 partir du coll\u00e8ge, l&rsquo;\u00e9ducation \u00e0 la s\u00e9curit\u00e9 routi\u00e8re est marqu\u00e9e par le passage des attestations scolaires de s\u00e9curit\u00e9 routi\u00e8re. L&rsquo;\u00e9ducation \u00e0 la s\u00e9curit\u00e9 routi\u00e8re au coll\u00e8ge prend la forme d&rsquo;un enseignement obligatoire, int\u00e9gr\u00e9 aux programmes et sanctionn\u00e9 par les ASSR 1 et 2.<\/p>\n\n\n<div class=\"wp-block-image\">\n<figure class=\"aligncenter\"><a href=\"https:\/\/etab.ac-reunion.fr\/clg-hubert-delisle\/wp-content\/uploads\/sites\/22\/2014\/02\/artoff96.gif\"><img loading=\"lazy\" decoding=\"async\" width=\"70\" height=\"70\" src=\"https:\/\/etab.ac-reunion.fr\/clg-hubert-delisle\/wp-content\/uploads\/sites\/22\/2014\/02\/artoff96.gif\" alt=\"artoff96\" class=\"wp-image-613\" srcset=\"https:\/\/etab.ac-reunion.fr\/clg-hubert-delisle\/wp-content\/uploads\/sites\/22\/2014\/02\/artoff96.gif 70w, https:\/\/etab.ac-reunion.fr\/clg-hubert-delisle\/wp-content\/uploads\/sites\/22\/2014\/02\/artoff96-37x37.gif 37w\" sizes=\"auto, (max-width: 70px) 100vw, 70px\" \/><\/a><\/figure>\n<\/div>\n\n\n<p><strong>L\u2019\u00e9preuve de l\u2019ASSR1 est organis\u00e9e pour&nbsp;:<\/strong><\/p>\n\n\n\n<ul class=\"wp-block-list\">\n<li>les \u00e9l\u00e8ves des classes de cinqui\u00e8me ,<\/li>\n\n\n\n<li>des \u00e9l\u00e8ves d\u2019autres classes qui atteignent l\u2019\u00e2ge de 14 ans au cours de l\u2019ann\u00e9e civile.<\/li>\n<\/ul>\n\n\n\n<p><strong><br>L\u2019\u00e9preuve de l\u2019ASSR2 est organis\u00e9e pour&nbsp;:<\/strong><\/p>\n\n\n\n<ul class=\"wp-block-list\">\n<li>les \u00e9l\u00e8ves des classes de troisi\u00e8me ,<\/li>\n\n\n\n<li>des \u00e9l\u00e8ves d\u2019autres classes qui atteignent l\u2019\u00e2ge de 16 ans au cours de l\u2019ann\u00e9e civile.<\/li>\n<\/ul>\n\n\n\n<p>Un calendrier fixant les modalit\u00e9s de l&rsquo;organisation&nbsp; des \u00e9preuves ASSR1 et ASSR2, vous sera communiqu\u00e9.<\/p>\n\n\n\n<p>Le lien vers le site pour se pr\u00e9parer : \u00a0<\/p>\n\n\n\n<p><a href=\"_wp_link_placeholder\">https:\/\/e-assr.education-securite-routiere.fr\/preparer\/assr<\/a><\/p>\n","protected":false},"excerpt":{"rendered":"<p>\u00c0 partir du coll\u00e8ge, l&rsquo;\u00e9ducation \u00e0 la s\u00e9curit\u00e9 routi\u00e8re est marqu\u00e9e par le passage des attestations scolaires de s\u00e9curit\u00e9 routi\u00e8re. L&rsquo;\u00e9ducation \u00e0 la s\u00e9curit\u00e9 routi\u00e8re au coll\u00e8ge prend la forme d&rsquo;un enseignement obligatoire, int\u00e9gr\u00e9 aux programmes et sanctionn\u00e9 par les ASSR 1 et 2. L\u2019\u00e9preuve de l\u2019ASSR1 est organis\u00e9e pour&nbsp;: L\u2019\u00e9preuve de l\u2019ASSR2 est organis\u00e9e [&hellip;]<\/p>\n","protected":false},"author":116,"featured_media":0,"parent":0,"menu_order":0,"comment_status":"closed","ping_status":"closed","template":"","meta":{"footnotes":""},"class_list":["post-5627","page","type-page","status-publish","hentry"],"_links":{"self":[{"href":"https:\/\/etab.ac-reunion.fr\/clg-hubert-delisle\/wp-json\/wp\/v2\/pages\/5627","targetHints":{"allow":["GET"]}}],"collection":[{"href":"https:\/\/etab.ac-reunion.fr\/clg-hubert-delisle\/wp-json\/wp\/v2\/pages"}],"about":[{"href":"https:\/\/etab.ac-reunion.fr\/clg-hubert-delisle\/wp-json\/wp\/v2\/types\/page"}],"author":[{"embeddable":true,"href":"https:\/\/etab.ac-reunion.fr\/clg-hubert-delisle\/wp-json\/wp\/v2\/users\/116"}],"replies":[{"embeddable":true,"href":"https:\/\/etab.ac-reunion.fr\/clg-hubert-delisle\/wp-json\/wp\/v2\/comments?post=5627"}],"version-history":[{"count":3,"href":"https:\/\/etab.ac-reunion.fr\/clg-hubert-delisle\/wp-json\/wp\/v2\/pages\/5627\/revisions"}],"predecessor-version":[{"id":5630,"href":"https:\/\/etab.ac-reunion.fr\/clg-hubert-delisle\/wp-json\/wp\/v2\/pages\/5627\/revisions\/5630"}],"wp:attachment":[{"href":"https:\/\/etab.ac-reunion.fr\/clg-hubert-delisle\/wp-json\/wp\/v2\/media?parent=5627"}],"curies":[{"name":"wp","href":"https:\/\/api.w.org\/{rel}","templated":true}]}}