{"id":6337,"date":"2024-01-22T16:49:03","date_gmt":"2024-01-22T12:49:03","guid":{"rendered":"https:\/\/etab.ac-reunion.fr\/clg-hubert-delisle\/?page_id=6337"},"modified":"2025-01-17T18:23:57","modified_gmt":"2025-01-17T14:23:57","slug":"reglement-interieur-du-college","status":"publish","type":"page","link":"https:\/\/etab.ac-reunion.fr\/clg-hubert-delisle\/reglement-interieur-du-college\/","title":{"rendered":"R\u00e8glement int\u00e9rieur du coll\u00e8ge"},"content":{"rendered":"","protected":false},"excerpt":{"rendered":"","protected":false},"author":116,"featured_media":0,"parent":0,"menu_order":0,"comment_status":"closed","ping_status":"closed","template":"","meta":{"footnotes":""},"class_list":["post-6337","page","type-page","status-publish","hentry"],"_links":{"self":[{"href":"https:\/\/etab.ac-reunion.fr\/clg-hubert-delisle\/wp-json\/wp\/v2\/pages\/6337","targetHints":{"allow":["GET"]}}],"collection":[{"href":"https:\/\/etab.ac-reunion.fr\/clg-hubert-delisle\/wp-json\/wp\/v2\/pages"}],"about":[{"href":"https:\/\/etab.ac-reunion.fr\/clg-hubert-delisle\/wp-json\/wp\/v2\/types\/page"}],"author":[{"embeddable":true,"href":"https:\/\/etab.ac-reunion.fr\/clg-hubert-delisle\/wp-json\/wp\/v2\/users\/116"}],"replies":[{"embeddable":true,"href":"https:\/\/etab.ac-reunion.fr\/clg-hubert-delisle\/wp-json\/wp\/v2\/comments?post=6337"}],"version-history":[{"count":1,"href":"https:\/\/etab.ac-reunion.fr\/clg-hubert-delisle\/wp-json\/wp\/v2\/pages\/6337\/revisions"}],"predecessor-version":[{"id":6338,"href":"https:\/\/etab.ac-reunion.fr\/clg-hubert-delisle\/wp-json\/wp\/v2\/pages\/6337\/revisions\/6338"}],"wp:attachment":[{"href":"https:\/\/etab.ac-reunion.fr\/clg-hubert-delisle\/wp-json\/wp\/v2\/media?parent=6337"}],"curies":[{"name":"wp","href":"https:\/\/api.w.org\/{rel}","templated":true}]}}