{"id":103,"date":"2014-11-03T10:57:00","date_gmt":"2014-11-03T09:57:00","guid":{"rendered":"http:\/\/college-jean-albany-tmp.ac-reunion.fr\/?page_id=103"},"modified":"2025-10-09T15:09:25","modified_gmt":"2025-10-09T11:09:25","slug":"organigramme","status":"publish","type":"page","link":"https:\/\/etab.ac-reunion.fr\/clg-jean-albany\/accueil\/organigramme\/","title":{"rendered":"Organigramme"},"content":{"rendered":"<p><strong><u>\u00c9QUIPE DE DIRECTION<\/u><\/strong><\/p>\n<p><strong>Principale :<\/strong><\/p>\n<p>Mme DI-NATALE Lynda<\/p>\n<p><strong>Principal-adjoint :\u00a0<\/strong><\/p>\n<p>M.ANNY Laurent<\/p>\n<p><strong>Directeur-adjoint charg\u00e9 de la SEGPA<\/strong> \u00a0(DACS):<\/p>\n<p>Mme JARDINOT Jeanne<\/p>\n<p><strong>Adjointe-Gestionnaire :<\/strong><\/p>\n<p>Mme BABET Val\u00e9rie<\/p>\n<p><strong style=\"font-size: revert;color: initial\"><u>\u00c9QUIPE ADMINISTRATIVE<\/u><\/strong><\/p>\n<p><strong>Secr\u00e9taires :<\/strong><\/p>\n<p>Mme VAVELIN Kelly (Direction)<\/p>\n<p>Mme ADVISSE Melinda (Gestion)<\/p>\n<p>Mme BARON Marie (Gestion)<\/p>\n<p><strong>Informatique :<br \/>\n<\/strong><\/p>\n<p>M. VROLANT Fabrice (TICE)<\/p>\n<p><strong><u>POLE \u00c9DUCATIF et ORIENTATION<\/u><\/strong><\/p>\n<p><strong>Conseillers\u00a0Principaux d\u2019Education :<\/strong><\/p>\n<p>Mme HOAREAU Marine<\/p>\n<p>Mme FEDE\u00a0Marie La\u00ebtitia<\/p>\n<p>et nos Assistants d&rsquo;Education (AED)<\/p>\n<p><strong>Conseiller d\u2019orientation psychologue :\u00a0<\/strong><\/p>\n<p>Mme Faustine CAMBIER (pr\u00e9sente le jeudi 8h-12h et 13h-16h)<\/p>\n<p><u><strong>POLE HYGI\u00c8NE ET SANT\u00c9<\/strong><b><br \/>\n<\/b><\/u><\/p>\n<p>M\u00e9decin de Sant\u00e9 Scolaire : Docteur AFLAH-MARMASSE<\/p>\n<p>Infirmi\u00e8re : \u00a0Mme HOARAU Anna<\/p>\n<p>Assistante Sociale : Mme ASSENDJEE Lo\u00ebtitia<\/p>\n<p><em>(pr\u00e9sente le lundi 7h30-15H00 , le 2\u00e8me et 4\u00e8me mercredi du mois 7h30-12h30 et le jeudi de 7h30 &#8211; 16h00.)<\/em><\/p>\n<p><strong><u>POLE TECHNIQUE<\/u><\/strong><\/p>\n<p><strong><em>Entretien \u2013 Accueil\u00a0 et Restauration\u00a0<\/em>\u00a0\u00a0\u00a0\u00a0<\/strong><\/p>\n<p>M. FOLIO Julien (Responsable d\u2019\u00e9quipe)<\/p>\n<p>M.FORTUNE Johnny<\/p>\n<p>Mme HOAREAU Marie Chantale<\/p>\n<p>Mme THIBUR Isabelle<\/p>\n<div class=\"gmail-page\" title=\"Page 2\">\n<div class=\"gmail-layoutArea\">\n<div class=\"gmail-column\">\n<p>M.KONDOKI Elis\u00e9<\/p>\n<p>Mme MERALO\u00a0Aur\u00e9lie<\/p>\n<p>M.PARVEDY Luciano<\/p>\n<p>M.PAYET Jean Patrice<\/p>\n<p>Mme PICARD Denise (Responsable de cuisine satellite)<\/p>\n<p>M.SAMARIA Jean-Pierre (Agent d\u2019accueil)<\/p>\n<p>M.REMANALY Yannick<\/p>\n<p>Mme RINGASSAMY Jo\u00eblle<\/p>\n<p>Mme SAINT AGNAN Priscilla<\/p>\n<p>M.TECHER Patrice<\/p>\n<p>M. TIRANO Henri<\/p>\n<p>M.<\/p>\n<\/div>\n<\/div>\n<\/div>\n<p><strong>Vie Scolaire<\/strong><\/p>\n<p>Pendant les mouvements d\u2019\u00e9l\u00e8ves, les assistants d\u2019\u00e9ducation interviennent pour la surveillance et l\u2019animation.<\/p>\n<table style=\"height: 516px\" width=\"522\">\n<tbody>\n<tr>\n<td width=\"82\"><strong>\u00a0<\/strong><\/td>\n<td width=\"287\"><strong>NOM &#8211; PRENOMS<\/strong><\/td>\n<td width=\"135\"><strong>GRADE<\/strong><\/td>\n<\/tr>\n<tr>\n<td width=\"82\">Mme<\/td>\n<td width=\"287\">CESBRON Sarah<\/td>\n<td width=\"135\">AED<\/td>\n<\/tr>\n<tr>\n<td width=\"82\">M.<\/td>\n<td width=\"287\">BULIN Ulrich<\/td>\n<td width=\"135\">AED<\/td>\n<\/tr>\n<tr>\n<td width=\"82\">M<\/td>\n<td width=\"287\">BOYER Michael<\/td>\n<td width=\"135\">AED<\/td>\n<\/tr>\n<tr>\n<td width=\"82\">Mme<\/td>\n<td width=\"287\">MOREAU Beverley<\/td>\n<td width=\"135\">AED<\/td>\n<\/tr>\n<tr>\n<td width=\"82\">M<\/td>\n<td width=\"287\">BLANCARD Olivier<\/td>\n<td width=\"135\">AED<\/td>\n<\/tr>\n<tr>\n<td width=\"82\">M.<\/td>\n<td width=\"287\">ACADINE K\u00e9vin<\/td>\n<td width=\"135\">AED<\/td>\n<\/tr>\n<tr>\n<td width=\"82\">Mme<\/td>\n<td width=\"287\">MARAPA Valercia<\/td>\n<td width=\"135\">AED<\/td>\n<\/tr>\n<tr>\n<td width=\"82\">Mme<\/td>\n<td width=\"287\">DIJOUX Emmanuelle<\/td>\n<td width=\"135\">AED<\/td>\n<\/tr>\n<tr>\n<td width=\"82\">Mme<\/td>\n<td width=\"287\">DORSEUIL Charlotte<\/td>\n<td width=\"135\">AED<\/td>\n<\/tr>\n<tr>\n<td width=\"82\">M<\/td>\n<td width=\"287\">FONTAINE Teddy<\/td>\n<td width=\"135\">AED<\/td>\n<\/tr>\n<tr>\n<td width=\"82\">Mme<\/td>\n<td width=\"287\">TARISTAS Oc\u00e9ane<\/td>\n<td width=\"135\">AED<\/td>\n<\/tr>\n<tr>\n<td width=\"82\">M.<\/td>\n<td width=\"287\">YU-TIM Julien<\/td>\n<td width=\"135\">AED<\/td>\n<\/tr>\n<tr>\n<td width=\"82\">M<\/td>\n<td width=\"287\">VROLANT Fabrice<\/td>\n<td width=\"135\">AED Tice<\/td>\n<\/tr>\n<\/tbody>\n<\/table>\n<table>\n<tbody>\n<tr>\n<td width=\"353\"><strong>LES PROFESSEURS PAR DISCIPLINE<\/strong><\/td>\n<\/tr>\n<\/tbody>\n<\/table>\n<p><strong>LETTRES MODERNES<\/strong><\/p>\n<p><span style=\"font-family: 'times new roman', times, serif\">M.\u00a0 \u00a0 AJAGUIN-SOLEYEN Jonathan\u00a0<\/span><br \/>\n<span style=\"font-family: 'times new roman', times, serif\">Mme DARAN Val\u00e9rie\u00a0<\/span><br \/>\n<span style=\"font-family: 'times new roman', times, serif\">Mme MANOUVRIER Sylvie<\/span><br \/>\n<span style=\"font-family: 'times new roman', times, serif\">Mme MOUTIN Solange<\/span><br \/>\n<span style=\"font-family: 'times new roman', times, serif\">Mme Pignoque Magali<\/span><br \/>\n<span style=\"font-family: 'times new roman', times, serif\">M. NAFION Attoumani<\/span><br \/>\n<span style=\"font-family: 'times new roman', times, serif\">Mme Romuald-Robert Alexandra<\/span><br \/>\n<span style=\"font-family: 'times new roman', times, serif\">Mme TURPIN M\u00e9lissa<\/span><\/p>\n<p><strong>DOCUMENTATION<\/strong><\/p>\n<p>Mme HOARAU Patricia<\/p>\n<p><strong>HISTOIRE-GEO<\/strong><\/p>\n<p>Mme CADET La\u00ebtitia<br \/>\nMme ESCORIHUELA Cristina<br \/>\nMme HOARAU-LAGOURDE Corinne<br \/>\nM. Lapersonne Eric<br \/>\nM. STRAZEL Jonathan<\/p>\n<p><strong>ANGLAIS<\/strong><\/p>\n<p>Mme Chabriat St\u00e9phanie<br \/>\nM. Chanal Nicolas<br \/>\nMme LAURET Cynthia<br \/>\nMme L\u00e9ani Ra\u00efssa<br \/>\nMme Maroude Pramila<br \/>\nMme TOUSSAINT Marie-Jo\u00eblle<\/p>\n<p><strong>ESPAGNOL<\/strong><\/p>\n<p>Mme AROUMOUGOM-COJONDEYE Steffy \/ Mme CADJEE Yasmine<br \/>\nMme Boyer Cindy<br \/>\nMme Robert Mirella<\/p>\n<p><strong>ALLEMAND <\/strong><\/p>\n<p>Mme ANDRIEUX Ranjavelosolo<\/p>\n<p><strong>MATHEMATIQUES<\/strong><\/p>\n<p>Mme Auffret Alexandra<br \/>\nM. AZEMA Camille<br \/>\nMme DEVEAUX Marie<br \/>\nMme SOOBRATTY Nausheen<br \/>\nM. Layemar Eric<br \/>\nMme You-Seen Nadine<\/p>\n<p><strong>SCIENCES DE LA VIE ET DE LA TERRE<\/strong><\/p>\n<p>Mme BENARD Sophia<br \/>\nM. Fakroudine Asslame<br \/>\nM. Ropy Fr\u00e9d\u00e9ric<\/p>\n<p><strong>SCIENCES PHYSIQUES <\/strong><\/p>\n<p>M. Baunifais Jacques<br \/>\nMme Claux C\u00e9cile<\/p>\n<p><strong>TECHNOLOGIE<\/strong><\/p>\n<p>M. Dera Sylvain<br \/>\nM. HOARAU Thierry<\/p>\n<p><strong>EPS<\/strong><\/p>\n<p>M. AKBI Yani<br \/>\nMme Beguinet Fanny<br \/>\nM. Demure St\u00e9phane<br \/>\nM Guerrero Gilles<br \/>\nM. LECHOT S\u00e9bastien<br \/>\nMme DIJOUX Nina<\/p>\n<p>M. Payet Fabrice<\/p>\n<p>Mme BONCOMPAIN Charlotte<\/p>\n<p><strong>ARTS PLASTIQUES <\/strong><\/p>\n<p>Mme Aipar Muriel<br \/>\nM. JAMS Marie-Catherine<\/p>\n<p><strong>EDUCATION MUSICALE<\/strong><\/p>\n<p>M. Moufflet S\u00e9bastien<br \/>\nM. Sibuet Nicolas<\/p>\n<p><strong>HYGIENE ALIMENTAIRE SERVICE<\/strong><\/p>\n<p>M. David Christophe<\/p>\n<p><strong>HABITAT <\/strong><\/p>\n<p>M. Permal Georget<\/p>\n<p><strong>PRODUCTION INDUSTRIELLE <\/strong><\/p>\n<p>M. BARBE Alexandre<\/p>\n<p><strong>HORTICULTURE <\/strong><\/p>\n<p>M. Albert Laurent<\/p>\n<p><strong>LETTRES \/ ANGLAIS <\/strong><\/p>\n<p>Mme Robert Val\u00e9rie<\/p>\n<p><strong>PROFESSEUR DES ECOLES <\/strong><\/p>\n<p>Mme BARCELO Margaux<br \/>\nMme PANGLOSSE Martine<br \/>\nM. ORTIZ S\u00e9bastien<br \/>\nM. Filleul Fr\u00e9d\u00e9ric<br \/>\nM. Mailly Dominique<br \/>\nM. ROUSSEAU Tony<\/p>\n<!-- AddThis Advanced Settings generic via filter on the_content --><!-- AddThis Share Buttons generic via filter on the_content -->","protected":false},"excerpt":{"rendered":"<p>\u00c9QUIPE DE DIRECTION Principale : Mme DI-NATALE Lynda Principal-adjoint :\u00a0 M.ANNY Laurent Directeur-adjoint charg\u00e9 de la SEGPA \u00a0(DACS): Mme JARDINOT Jeanne Adjointe-Gestionnaire : Mme BABET Val\u00e9rie \u00c9QUIPE ADMINISTRATIVE Secr\u00e9taires : Mme VAVELIN Kelly (Direction) Mme ADVISSE Melinda (Gestion) Mme BARON Marie (Gestion) Informatique : M. VROLANT Fabrice (TICE) POLE \u00c9DUCATIF&#8230;<!-- AddThis Advanced Settings generic via filter on get_the_excerpt --><!-- AddThis Share Buttons generic via filter on get_the_excerpt --><\/p>\n<p> <a class=\"continue-reading-link\" href=\"https:\/\/etab.ac-reunion.fr\/clg-jean-albany\/accueil\/organigramme\/\"><span>Continuez \u00e0 lire &#8230;<\/span><i class=\"crycon-right-dir\"><\/i><\/a> <\/p>\n","protected":false},"author":66,"featured_media":0,"parent":69,"menu_order":0,"comment_status":"closed","ping_status":"closed","template":"","meta":{"footnotes":"","_links_to":"","_links_to_target":""},"class_list":["post-103","page","type-page","status-publish","hentry"],"_links":{"self":[{"href":"https:\/\/etab.ac-reunion.fr\/clg-jean-albany\/wp-json\/wp\/v2\/pages\/103","targetHints":{"allow":["GET"]}}],"collection":[{"href":"https:\/\/etab.ac-reunion.fr\/clg-jean-albany\/wp-json\/wp\/v2\/pages"}],"about":[{"href":"https:\/\/etab.ac-reunion.fr\/clg-jean-albany\/wp-json\/wp\/v2\/types\/page"}],"author":[{"embeddable":true,"href":"https:\/\/etab.ac-reunion.fr\/clg-jean-albany\/wp-json\/wp\/v2\/users\/66"}],"replies":[{"embeddable":true,"href":"https:\/\/etab.ac-reunion.fr\/clg-jean-albany\/wp-json\/wp\/v2\/comments?post=103"}],"version-history":[{"count":58,"href":"https:\/\/etab.ac-reunion.fr\/clg-jean-albany\/wp-json\/wp\/v2\/pages\/103\/revisions"}],"predecessor-version":[{"id":13396,"href":"https:\/\/etab.ac-reunion.fr\/clg-jean-albany\/wp-json\/wp\/v2\/pages\/103\/revisions\/13396"}],"up":[{"embeddable":true,"href":"https:\/\/etab.ac-reunion.fr\/clg-jean-albany\/wp-json\/wp\/v2\/pages\/69"}],"wp:attachment":[{"href":"https:\/\/etab.ac-reunion.fr\/clg-jean-albany\/wp-json\/wp\/v2\/media?parent=103"}],"curies":[{"name":"wp","href":"https:\/\/api.w.org\/{rel}","templated":true}]}}