{"id":5643,"date":"2019-02-26T15:03:39","date_gmt":"2019-02-26T11:03:39","guid":{"rendered":"http:\/\/college-jean-albany.ac-reunion.fr\/?page_id=5643"},"modified":"2021-01-21T18:42:37","modified_gmt":"2021-01-21T14:42:37","slug":"blog-3eme-prepa-pro","status":"publish","type":"page","link":"https:\/\/etab.ac-reunion.fr\/clg-jean-albany\/vie-du-college\/blog-3eme-prepa-pro\/","title":{"rendered":"Blog 3\u00e8me Pr\u00e9pa m\u00e9tier"},"content":{"rendered":"<p><a href=\"http:\/\/Albany974-prepapro.over-blog.com\"><img loading=\"lazy\" decoding=\"async\" class=\"alignnone size-medium wp-image-5647\" src=\"https:\/\/etab.ac-reunion.fr\/clg-jean-albany\/wp-content\/uploads\/sites\/70\/2019\/02\/lien_blog-300x225.jpg\" alt=\"\" width=\"300\" height=\"225\"><\/a><\/p>\n<p>&nbsp;<\/p>\n<p>&nbsp;<\/p>\n<p>&nbsp;<\/p>\n<p>http:\/\/Albany974-prepapro.over-blog.com<\/p>\n<!-- AddThis Advanced Settings generic via filter on the_content --><!-- AddThis Share Buttons generic via filter on the_content -->","protected":false},"excerpt":{"rendered":"<p>&nbsp; &nbsp; &nbsp; http:\/\/Albany974-prepapro.over-blog.com<!-- AddThis Advanced Settings generic via filter on get_the_excerpt --><!-- AddThis Share Buttons generic via filter on get_the_excerpt --><\/p>\n<p> <a class=\"continue-reading-link\" href=\"https:\/\/etab.ac-reunion.fr\/clg-jean-albany\/vie-du-college\/blog-3eme-prepa-pro\/\"><span>Continuez \u00e0 lire &#8230;<\/span><i class=\"crycon-right-dir\"><\/i><\/a> <\/p>\n","protected":false},"author":20606,"featured_media":0,"parent":53,"menu_order":0,"comment_status":"closed","ping_status":"closed","template":"","meta":{"footnotes":"","_links_to":"","_links_to_target":""},"class_list":["post-5643","page","type-page","status-publish","hentry"],"_links":{"self":[{"href":"https:\/\/etab.ac-reunion.fr\/clg-jean-albany\/wp-json\/wp\/v2\/pages\/5643","targetHints":{"allow":["GET"]}}],"collection":[{"href":"https:\/\/etab.ac-reunion.fr\/clg-jean-albany\/wp-json\/wp\/v2\/pages"}],"about":[{"href":"https:\/\/etab.ac-reunion.fr\/clg-jean-albany\/wp-json\/wp\/v2\/types\/page"}],"author":[{"embeddable":true,"href":"https:\/\/etab.ac-reunion.fr\/clg-jean-albany\/wp-json\/wp\/v2\/users\/20606"}],"replies":[{"embeddable":true,"href":"https:\/\/etab.ac-reunion.fr\/clg-jean-albany\/wp-json\/wp\/v2\/comments?post=5643"}],"version-history":[{"count":3,"href":"https:\/\/etab.ac-reunion.fr\/clg-jean-albany\/wp-json\/wp\/v2\/pages\/5643\/revisions"}],"predecessor-version":[{"id":7251,"href":"https:\/\/etab.ac-reunion.fr\/clg-jean-albany\/wp-json\/wp\/v2\/pages\/5643\/revisions\/7251"}],"up":[{"embeddable":true,"href":"https:\/\/etab.ac-reunion.fr\/clg-jean-albany\/wp-json\/wp\/v2\/pages\/53"}],"wp:attachment":[{"href":"https:\/\/etab.ac-reunion.fr\/clg-jean-albany\/wp-json\/wp\/v2\/media?parent=5643"}],"curies":[{"name":"wp","href":"https:\/\/api.w.org\/{rel}","templated":true}]}}