{"id":6133,"date":"2019-06-18T15:44:49","date_gmt":"2019-06-18T11:44:49","guid":{"rendered":"http:\/\/college-jean-albany.ac-reunion.fr\/?page_id=6133"},"modified":"2019-06-25T12:08:27","modified_gmt":"2019-06-25T08:08:27","slug":"section-globe-reporters","status":"publish","type":"page","link":"https:\/\/etab.ac-reunion.fr\/clg-jean-albany\/section-globe-reporters\/","title":{"rendered":"Section Globe reporters"},"content":{"rendered":"\n<p>Dans le cadre de l\u2019action globe reporter, la 6<sup>\u00e8me<\/sup> Azal\u00e9e a tenu le r\u00f4le de \u00ab\u00a0r\u00e9dacteur en chef\u00a0\u00bb et ont publi\u00e9 plusieurs articles dans le quotidien des jeunes. Cette action s&rsquo;est d\u00e9roul\u00e9e au CDI avec les professeures Mme Lavit et Mme Melchior.  <\/p>\n\n\n\n<p><strong>LE QUOTIDIEN DES JEUNES <\/strong><\/p>\n\n\n\n<p><a href=\"http:\/\/www.lequotidiendesjeunes.re\/\">http:\/\/www.lequotidiendesjeunes.re\/<\/a><\/p>\n\n\n\n<p> Dans la rubrique du <br>Quotidien des jeunes -&gt; s\u00e9lectionner le club presse du coll\u00e8ge Jean albany<\/p>\n\n\n\n<p><a href=\"http:\/\/www.lequotidiendesjeunes.re\/categorie\/mon-club-presse\/\">http:\/\/www.lequotidiendesjeunes.re\/categorie\/mon-club-presse\/<\/a> <\/p>\n<!-- AddThis Advanced Settings generic via filter on the_content --><!-- AddThis Share Buttons generic via filter on the_content -->","protected":false},"excerpt":{"rendered":"<p>Dans le cadre de l\u2019action globe reporter, la 6\u00e8me Azal\u00e9e a tenu le r\u00f4le de \u00ab\u00a0r\u00e9dacteur en chef\u00a0\u00bb et ont publi\u00e9 plusieurs articles dans le quotidien des jeunes. Cette action s&rsquo;est d\u00e9roul\u00e9e au CDI avec les professeures Mme Lavit et Mme Melchior. LE QUOTIDIEN DES JEUNES http:\/\/www.lequotidiendesjeunes.re\/ Dans la rubrique&#8230;<!-- AddThis Advanced Settings generic via filter on get_the_excerpt --><!-- AddThis Share Buttons generic via filter on get_the_excerpt --><\/p>\n<p> <a class=\"continue-reading-link\" href=\"https:\/\/etab.ac-reunion.fr\/clg-jean-albany\/section-globe-reporters\/\"><span>Continuez \u00e0 lire &#8230;<\/span><i class=\"crycon-right-dir\"><\/i><\/a> <\/p>\n","protected":false},"author":20606,"featured_media":0,"parent":0,"menu_order":0,"comment_status":"closed","ping_status":"closed","template":"","meta":{"footnotes":"","_links_to":"","_links_to_target":""},"class_list":["post-6133","page","type-page","status-publish","hentry"],"_links":{"self":[{"href":"https:\/\/etab.ac-reunion.fr\/clg-jean-albany\/wp-json\/wp\/v2\/pages\/6133","targetHints":{"allow":["GET"]}}],"collection":[{"href":"https:\/\/etab.ac-reunion.fr\/clg-jean-albany\/wp-json\/wp\/v2\/pages"}],"about":[{"href":"https:\/\/etab.ac-reunion.fr\/clg-jean-albany\/wp-json\/wp\/v2\/types\/page"}],"author":[{"embeddable":true,"href":"https:\/\/etab.ac-reunion.fr\/clg-jean-albany\/wp-json\/wp\/v2\/users\/20606"}],"replies":[{"embeddable":true,"href":"https:\/\/etab.ac-reunion.fr\/clg-jean-albany\/wp-json\/wp\/v2\/comments?post=6133"}],"version-history":[{"count":5,"href":"https:\/\/etab.ac-reunion.fr\/clg-jean-albany\/wp-json\/wp\/v2\/pages\/6133\/revisions"}],"predecessor-version":[{"id":6215,"href":"https:\/\/etab.ac-reunion.fr\/clg-jean-albany\/wp-json\/wp\/v2\/pages\/6133\/revisions\/6215"}],"wp:attachment":[{"href":"https:\/\/etab.ac-reunion.fr\/clg-jean-albany\/wp-json\/wp\/v2\/media?parent=6133"}],"curies":[{"name":"wp","href":"https:\/\/api.w.org\/{rel}","templated":true}]}}