{"id":7297,"date":"2021-02-21T10:06:01","date_gmt":"2021-02-21T06:06:01","guid":{"rendered":"http:\/\/college-jean-albany.ac-reunion.fr\/?page_id=7297"},"modified":"2025-10-09T15:36:31","modified_gmt":"2025-10-09T11:36:31","slug":"structure-du-college","status":"publish","type":"page","link":"https:\/\/etab.ac-reunion.fr\/clg-jean-albany\/accueil\/structure-du-college\/","title":{"rendered":"Structure du coll\u00e8ge"},"content":{"rendered":"\n<p>Le coll\u00e8ge Jean Albany est compos\u00e9 de diff\u00e9rentes classes :<\/p>\n\n\n\n<p class=\"has-vivid-purple-color has-text-color\" style=\"font-size:26px\">Au sein du coll\u00e8ge :<\/p>\n\n\n\n<ul class=\"wp-block-list\">\n<li>7 classes de 6<sup>\u00e8me<\/sup>, soit 186 \u00e9l\u00e8ves<\/li>\n\n\n\n<li>7 classes de 5<sup>\u00e8me<\/sup>, soit 190 \u00e9l\u00e8ves<\/li>\n\n\n\n<li>7 classes de 4<sup>\u00e8me<\/sup>, soit 192 \u00e9l\u00e8ves<\/li>\n\n\n\n<li>8 classes de 3<sup>\u00e8me<\/sup>, soit 208 \u00e9l\u00e8ves (dont 1 classe de 3<sup>\u00e8me<\/sup> Pr\u00e9pa m\u00e9tiers)<\/li>\n<\/ul>\n\n\n\n<p class=\"has-vivid-purple-color has-text-color\" style=\"font-size:26px\">Au sein de la Segpa :<\/p>\n\n\n\n<ul class=\"wp-block-list\">\n<li>2 classes de 6<sup>\u00e8me<\/sup>, soit 30 \u00e9l\u00e8ves<\/li>\n\n\n\n<li>2 classes de 5<sup>\u00e8me<\/sup>, soit 23 \u00e9l\u00e8ves<\/li>\n\n\n\n<li>2 classes de 4<sup>\u00e8me<\/sup>, soit 32 \u00e9l\u00e8ves<\/li>\n\n\n\n<li>2 classes de 3<sup>\u00e8me<\/sup>, soit 32 \u00e9l\u00e8ves<\/li>\n<\/ul>\n\n\n\n<p><\/p>\n<!-- AddThis Advanced Settings generic via filter on the_content --><!-- AddThis Share Buttons generic via filter on the_content -->","protected":false},"excerpt":{"rendered":"<p>Le coll\u00e8ge Jean Albany est compos\u00e9 de diff\u00e9rentes classes : Au sein du coll\u00e8ge : Au sein de la Segpa :<!-- AddThis Advanced Settings generic via filter on get_the_excerpt --><!-- AddThis Share Buttons generic via filter on get_the_excerpt --><\/p>\n<p> <a class=\"continue-reading-link\" href=\"https:\/\/etab.ac-reunion.fr\/clg-jean-albany\/accueil\/structure-du-college\/\"><span>Continuez \u00e0 lire &#8230;<\/span><i class=\"crycon-right-dir\"><\/i><\/a> <\/p>\n","protected":false},"author":6990,"featured_media":0,"parent":69,"menu_order":0,"comment_status":"closed","ping_status":"closed","template":"","meta":{"footnotes":"","_links_to":"","_links_to_target":""},"class_list":["post-7297","page","type-page","status-publish","hentry"],"_links":{"self":[{"href":"https:\/\/etab.ac-reunion.fr\/clg-jean-albany\/wp-json\/wp\/v2\/pages\/7297","targetHints":{"allow":["GET"]}}],"collection":[{"href":"https:\/\/etab.ac-reunion.fr\/clg-jean-albany\/wp-json\/wp\/v2\/pages"}],"about":[{"href":"https:\/\/etab.ac-reunion.fr\/clg-jean-albany\/wp-json\/wp\/v2\/types\/page"}],"author":[{"embeddable":true,"href":"https:\/\/etab.ac-reunion.fr\/clg-jean-albany\/wp-json\/wp\/v2\/users\/6990"}],"replies":[{"embeddable":true,"href":"https:\/\/etab.ac-reunion.fr\/clg-jean-albany\/wp-json\/wp\/v2\/comments?post=7297"}],"version-history":[{"count":3,"href":"https:\/\/etab.ac-reunion.fr\/clg-jean-albany\/wp-json\/wp\/v2\/pages\/7297\/revisions"}],"predecessor-version":[{"id":13398,"href":"https:\/\/etab.ac-reunion.fr\/clg-jean-albany\/wp-json\/wp\/v2\/pages\/7297\/revisions\/13398"}],"up":[{"embeddable":true,"href":"https:\/\/etab.ac-reunion.fr\/clg-jean-albany\/wp-json\/wp\/v2\/pages\/69"}],"wp:attachment":[{"href":"https:\/\/etab.ac-reunion.fr\/clg-jean-albany\/wp-json\/wp\/v2\/media?parent=7297"}],"curies":[{"name":"wp","href":"https:\/\/api.w.org\/{rel}","templated":true}]}}