{"id":107,"date":"2014-10-26T21:08:29","date_gmt":"2014-10-26T17:08:29","guid":{"rendered":"http:\/\/college-jean-lafosse.ac-reunion.fr\/?page_id=107"},"modified":"2017-11-14T23:32:31","modified_gmt":"2017-11-14T19:32:31","slug":"autres","status":"publish","type":"page","link":"https:\/\/etab.ac-reunion.fr\/clg-jean-lafosse\/presentation\/autres\/","title":{"rendered":"REP+"},"content":{"rendered":"<p>Retrouvez le R\u00e9f\u00e9rentiel de l\u2019\u00c9ducation Prioritaire: <a href=\"https:\/\/etab.ac-reunion.fr\/clg-jean-lafosse\/wp-content\/uploads\/sites\/101\/2014\/10\/Referentiel_de_l_education_prioritaire.pdf\">Cliquez ici!<\/a><\/p>\n<p>Le coll\u00e8ge pr\u00e9sente son projet REP+ pour la p\u00e9riode 2015-2019:<\/p>\n<p><a href=\"https:\/\/padlet.com\/clg_jlafosse\/Projet20152019\">https:\/\/padlet.com\/clg_jlafosse\/Projet20152019<\/a><\/p>\n<p>Bonne lecture!<\/p>\n<p>&nbsp;<\/p>\n","protected":false},"excerpt":{"rendered":"<p>Retrouvez le R\u00e9f\u00e9rentiel de l\u2019\u00c9ducation Prioritaire: Cliquez ici! Le coll\u00e8ge pr\u00e9sente son projet REP+ pour la p\u00e9riode 2015-2019: https:\/\/padlet.com\/clg_jlafosse\/Projet20152019 Bonne lecture! &nbsp;<\/p>\n<p> <a class=\"continue-reading-link\" href=\"https:\/\/etab.ac-reunion.fr\/clg-jean-lafosse\/presentation\/autres\/\"><span>Lire la suite&#8230;<\/span><i class=\"crycon-right-dir\"><\/i><\/a> <\/p>\n","protected":false},"author":3653,"featured_media":0,"parent":14,"menu_order":0,"comment_status":"closed","ping_status":"closed","template":"","meta":{"footnotes":""},"class_list":["post-107","page","type-page","status-publish","hentry"],"_links":{"self":[{"href":"https:\/\/etab.ac-reunion.fr\/clg-jean-lafosse\/wp-json\/wp\/v2\/pages\/107","targetHints":{"allow":["GET"]}}],"collection":[{"href":"https:\/\/etab.ac-reunion.fr\/clg-jean-lafosse\/wp-json\/wp\/v2\/pages"}],"about":[{"href":"https:\/\/etab.ac-reunion.fr\/clg-jean-lafosse\/wp-json\/wp\/v2\/types\/page"}],"author":[{"embeddable":true,"href":"https:\/\/etab.ac-reunion.fr\/clg-jean-lafosse\/wp-json\/wp\/v2\/users\/3653"}],"replies":[{"embeddable":true,"href":"https:\/\/etab.ac-reunion.fr\/clg-jean-lafosse\/wp-json\/wp\/v2\/comments?post=107"}],"version-history":[{"count":7,"href":"https:\/\/etab.ac-reunion.fr\/clg-jean-lafosse\/wp-json\/wp\/v2\/pages\/107\/revisions"}],"predecessor-version":[{"id":770,"href":"https:\/\/etab.ac-reunion.fr\/clg-jean-lafosse\/wp-json\/wp\/v2\/pages\/107\/revisions\/770"}],"up":[{"embeddable":true,"href":"https:\/\/etab.ac-reunion.fr\/clg-jean-lafosse\/wp-json\/wp\/v2\/pages\/14"}],"wp:attachment":[{"href":"https:\/\/etab.ac-reunion.fr\/clg-jean-lafosse\/wp-json\/wp\/v2\/media?parent=107"}],"curies":[{"name":"wp","href":"https:\/\/api.w.org\/{rel}","templated":true}]}}