{"id":17,"date":"2014-10-23T21:06:53","date_gmt":"2014-10-23T17:06:53","guid":{"rendered":"http:\/\/college-jean-lafosse.ac-reunion.fr\/?page_id=17"},"modified":"2017-11-14T23:53:24","modified_gmt":"2017-11-14T19:53:24","slug":"informations","status":"publish","type":"page","link":"https:\/\/etab.ac-reunion.fr\/clg-jean-lafosse\/informations\/","title":{"rendered":"Informations"},"content":{"rendered":"<p>Organisation de la <a href=\"https:\/\/etab.ac-reunion.fr\/clg-jean-lafosse\/reforme-2016\/organisation-de-la-rentree-2016\/\">rentr\u00e9e 2017<\/a>.<\/p>\n<p><a href=\"https:\/\/etab.ac-reunion.fr\/clg-jean-lafosse\/pedagogie\/autres\/\">Le projet REP+ du coll\u00e8ge<\/a> pour la p\u00e9riode 2015-2019.<\/p>\n<p>Des documents sur la <a href=\"https:\/\/etab.ac-reunion.fr\/clg-jean-lafosse\/reforme-2016\/\" target=\"_blank\" rel=\"noopener\">R\u00e9forme 2016<\/a>.<\/p>\n<p>Voici le <a title=\"Plan d\u2019acc\u00e8s\" href=\"https:\/\/etab.ac-reunion.fr\/clg-jean-lafosse\/informations\/plan-dacces\/\">plan <\/a>pour nous rendre visite.<\/p>\n<p>Pour nous <a title=\"Contacts\" href=\"https:\/\/etab.ac-reunion.fr\/clg-jean-lafosse\/informations\/contacts\/\">contacter<\/a>, voici les diverses coordonn\u00e9es n\u00e9cessaires.<\/p>\n<p>Une recherche \u00e0 faire au <a title=\"CDI\" href=\"https:\/\/etab.ac-reunion.fr\/clg-jean-lafosse\/informations\/cdi\/\">CDI<\/a> ?<\/p>\n<p>&nbsp;<\/p>\n","protected":false},"excerpt":{"rendered":"<p>Organisation de la rentr\u00e9e 2017. Le projet REP+ du coll\u00e8ge pour la p\u00e9riode 2015-2019. Des documents sur la R\u00e9forme 2016. Voici le plan pour nous rendre visite. Pour nous contacter, voici les diverses coordonn\u00e9es n\u00e9cessaires. Une recherche \u00e0 faire au CDI ? &nbsp;<\/p>\n<p> <a class=\"continue-reading-link\" href=\"https:\/\/etab.ac-reunion.fr\/clg-jean-lafosse\/informations\/\"><span>Lire la suite&#8230;<\/span><i class=\"crycon-right-dir\"><\/i><\/a> <\/p>\n","protected":false},"author":3653,"featured_media":166,"parent":0,"menu_order":0,"comment_status":"closed","ping_status":"closed","template":"","meta":{"footnotes":""},"class_list":["post-17","page","type-page","status-publish","has-post-thumbnail","hentry"],"_links":{"self":[{"href":"https:\/\/etab.ac-reunion.fr\/clg-jean-lafosse\/wp-json\/wp\/v2\/pages\/17","targetHints":{"allow":["GET"]}}],"collection":[{"href":"https:\/\/etab.ac-reunion.fr\/clg-jean-lafosse\/wp-json\/wp\/v2\/pages"}],"about":[{"href":"https:\/\/etab.ac-reunion.fr\/clg-jean-lafosse\/wp-json\/wp\/v2\/types\/page"}],"author":[{"embeddable":true,"href":"https:\/\/etab.ac-reunion.fr\/clg-jean-lafosse\/wp-json\/wp\/v2\/users\/3653"}],"replies":[{"embeddable":true,"href":"https:\/\/etab.ac-reunion.fr\/clg-jean-lafosse\/wp-json\/wp\/v2\/comments?post=17"}],"version-history":[{"count":29,"href":"https:\/\/etab.ac-reunion.fr\/clg-jean-lafosse\/wp-json\/wp\/v2\/pages\/17\/revisions"}],"predecessor-version":[{"id":1139,"href":"https:\/\/etab.ac-reunion.fr\/clg-jean-lafosse\/wp-json\/wp\/v2\/pages\/17\/revisions\/1139"}],"wp:featuredmedia":[{"embeddable":true,"href":"https:\/\/etab.ac-reunion.fr\/clg-jean-lafosse\/wp-json\/wp\/v2\/media\/166"}],"wp:attachment":[{"href":"https:\/\/etab.ac-reunion.fr\/clg-jean-lafosse\/wp-json\/wp\/v2\/media?parent=17"}],"curies":[{"name":"wp","href":"https:\/\/api.w.org\/{rel}","templated":true}]}}