{"id":1808,"date":"2018-06-01T17:48:34","date_gmt":"2018-06-01T13:48:34","guid":{"rendered":"http:\/\/college-jean-lafosse.ac-reunion.fr\/?page_id=1808"},"modified":"2018-06-05T22:14:26","modified_gmt":"2018-06-05T18:14:26","slug":"horaires","status":"publish","type":"page","link":"https:\/\/etab.ac-reunion.fr\/clg-jean-lafosse\/presentation\/horaires\/","title":{"rendered":"Horaires"},"content":{"rendered":"<p>7h20 : Entr\u00e9e des \u00e9l\u00e8ves<\/p>\n<p>7h25 : Mise en rang<\/p>\n<p>7h30\/8h25 : M1<\/p>\n<p>8h25\/9h20 : M2<\/p>\n<p>9h20\/9h35 : R\u00e9cr\u00e9ation<\/p>\n<p>9h40\/10h35 : M3<\/p>\n<p>10h35\/11h30 : M4<\/p>\n<p>11h30\/13h15 :\u00a0 Pause d\u00e9jeuner<\/p>\n<p>13h20\/14h15 : S1<\/p>\n<p>14h15\/15h10 : S2<\/p>\n<p>15h10\/15h25 : R\u00e9cr\u00e9ation<\/p>\n<p>15h30\/16h25 : S3<\/p>\n","protected":false},"excerpt":{"rendered":"<p>7h20 : Entr\u00e9e des \u00e9l\u00e8ves 7h25 : Mise en rang 7h30\/8h25 : M1 8h25\/9h20 : M2 9h20\/9h35 : R\u00e9cr\u00e9ation 9h40\/10h35 : M3 10h35\/11h30 : M4 11h30\/13h15 :\u00a0 Pause d\u00e9jeuner 13h20\/14h15 : S1 14h15\/15h10 : S2 15h10\/15h25 : R\u00e9cr\u00e9ation 15h30\/16h25 : S3<\/p>\n<p> <a class=\"continue-reading-link\" href=\"https:\/\/etab.ac-reunion.fr\/clg-jean-lafosse\/presentation\/horaires\/\"><span>Lire la suite&#8230;<\/span><i class=\"crycon-right-dir\"><\/i><\/a> <\/p>\n","protected":false},"author":16543,"featured_media":0,"parent":14,"menu_order":0,"comment_status":"closed","ping_status":"closed","template":"","meta":{"footnotes":""},"class_list":["post-1808","page","type-page","status-publish","hentry"],"_links":{"self":[{"href":"https:\/\/etab.ac-reunion.fr\/clg-jean-lafosse\/wp-json\/wp\/v2\/pages\/1808","targetHints":{"allow":["GET"]}}],"collection":[{"href":"https:\/\/etab.ac-reunion.fr\/clg-jean-lafosse\/wp-json\/wp\/v2\/pages"}],"about":[{"href":"https:\/\/etab.ac-reunion.fr\/clg-jean-lafosse\/wp-json\/wp\/v2\/types\/page"}],"author":[{"embeddable":true,"href":"https:\/\/etab.ac-reunion.fr\/clg-jean-lafosse\/wp-json\/wp\/v2\/users\/16543"}],"replies":[{"embeddable":true,"href":"https:\/\/etab.ac-reunion.fr\/clg-jean-lafosse\/wp-json\/wp\/v2\/comments?post=1808"}],"version-history":[{"count":3,"href":"https:\/\/etab.ac-reunion.fr\/clg-jean-lafosse\/wp-json\/wp\/v2\/pages\/1808\/revisions"}],"predecessor-version":[{"id":2377,"href":"https:\/\/etab.ac-reunion.fr\/clg-jean-lafosse\/wp-json\/wp\/v2\/pages\/1808\/revisions\/2377"}],"up":[{"embeddable":true,"href":"https:\/\/etab.ac-reunion.fr\/clg-jean-lafosse\/wp-json\/wp\/v2\/pages\/14"}],"wp:attachment":[{"href":"https:\/\/etab.ac-reunion.fr\/clg-jean-lafosse\/wp-json\/wp\/v2\/media?parent=1808"}],"curies":[{"name":"wp","href":"https:\/\/api.w.org\/{rel}","templated":true}]}}