{"id":571,"date":"2015-10-31T16:47:01","date_gmt":"2015-10-31T12:47:01","guid":{"rendered":"http:\/\/college-jean-lafosse.ac-reunion.fr\/?page_id=571"},"modified":"2017-11-14T23:20:04","modified_gmt":"2017-11-14T19:20:04","slug":"reforme-2016","status":"publish","type":"page","link":"https:\/\/etab.ac-reunion.fr\/clg-jean-lafosse\/scolarite\/reforme-2016\/","title":{"rendered":"RENTREE 2017"},"content":{"rendered":"<p>Vous trouverez ci-apr\u00e8s la liste des effets scolaires pour la rentr\u00e9e d&rsquo;ao\u00fbt 2017 :<\/p>\n<p>Pour les 5\u00e8\/4\u00e8\/3\u00e8 : <a href=\"https:\/\/etab.ac-reunion.fr\/clg-jean-lafosse\/wp-content\/uploads\/sites\/101\/2015\/10\/Effets-scolaires-Aout2017.pdf\">Effets-scolaires-Aout2017<\/a><\/p>\n<p>&nbsp;<\/p>\n<p><a href=\"https:\/\/etab.ac-reunion.fr\/clg-jean-lafosse\/wp-content\/uploads\/sites\/101\/2015\/10\/Page_Ref2016.jpg\"><img loading=\"lazy\" decoding=\"async\" class=\"size-medium wp-image-575 aligncenter\" src=\"https:\/\/etab.ac-reunion.fr\/clg-jean-lafosse\/wp-content\/uploads\/sites\/101\/2015\/10\/Page_Ref2016-300x224.jpg\" alt=\"Page_Ref2016\" width=\"300\" height=\"224\" srcset=\"https:\/\/etab.ac-reunion.fr\/clg-jean-lafosse\/wp-content\/uploads\/sites\/101\/2015\/10\/Page_Ref2016-300x224.jpg 300w, https:\/\/etab.ac-reunion.fr\/clg-jean-lafosse\/wp-content\/uploads\/sites\/101\/2015\/10\/Page_Ref2016.jpg 677w\" sizes=\"auto, (max-width: 300px) 100vw, 300px\" \/><\/a><\/p>\n<p>La r\u00e9forme du coll\u00e8ge prendra effet \u00e0 la rentr\u00e9e 2016 et apportera beaucoup de changements dans l&rsquo;organisation des enseignements.<\/p>\n<p>Voici un document synth\u00e9tique pour y voir plus clair: <a href=\"https:\/\/etab.ac-reunion.fr\/clg-jean-lafosse\/wp-content\/uploads\/sites\/101\/2015\/10\/Preparation_reforme_2016_DGESCO.pdf\">Preparation_reforme_2016_DGESCO <\/a><\/p>\n","protected":false},"excerpt":{"rendered":"<p>Vous trouverez ci-apr\u00e8s la liste des effets scolaires pour la rentr\u00e9e d&rsquo;ao\u00fbt 2017 : Pour les 5\u00e8\/4\u00e8\/3\u00e8 : Effets-scolaires-Aout2017 &nbsp; La r\u00e9forme du coll\u00e8ge prendra effet \u00e0 la rentr\u00e9e 2016 et apportera beaucoup de changements dans l&rsquo;organisation des enseignements. Voici un document synth\u00e9tique pour y voir plus clair: Preparation_reforme_2016_DGESCO<\/p>\n<p> <a class=\"continue-reading-link\" href=\"https:\/\/etab.ac-reunion.fr\/clg-jean-lafosse\/scolarite\/reforme-2016\/\"><span>Lire la suite&#8230;<\/span><i class=\"crycon-right-dir\"><\/i><\/a> <\/p>\n","protected":false},"author":3653,"featured_media":0,"parent":1303,"menu_order":0,"comment_status":"closed","ping_status":"closed","template":"","meta":{"footnotes":""},"class_list":["post-571","page","type-page","status-publish","hentry"],"_links":{"self":[{"href":"https:\/\/etab.ac-reunion.fr\/clg-jean-lafosse\/wp-json\/wp\/v2\/pages\/571","targetHints":{"allow":["GET"]}}],"collection":[{"href":"https:\/\/etab.ac-reunion.fr\/clg-jean-lafosse\/wp-json\/wp\/v2\/pages"}],"about":[{"href":"https:\/\/etab.ac-reunion.fr\/clg-jean-lafosse\/wp-json\/wp\/v2\/types\/page"}],"author":[{"embeddable":true,"href":"https:\/\/etab.ac-reunion.fr\/clg-jean-lafosse\/wp-json\/wp\/v2\/users\/3653"}],"replies":[{"embeddable":true,"href":"https:\/\/etab.ac-reunion.fr\/clg-jean-lafosse\/wp-json\/wp\/v2\/comments?post=571"}],"version-history":[{"count":6,"href":"https:\/\/etab.ac-reunion.fr\/clg-jean-lafosse\/wp-json\/wp\/v2\/pages\/571\/revisions"}],"predecessor-version":[{"id":1123,"href":"https:\/\/etab.ac-reunion.fr\/clg-jean-lafosse\/wp-json\/wp\/v2\/pages\/571\/revisions\/1123"}],"up":[{"embeddable":true,"href":"https:\/\/etab.ac-reunion.fr\/clg-jean-lafosse\/wp-json\/wp\/v2\/pages\/1303"}],"wp:attachment":[{"href":"https:\/\/etab.ac-reunion.fr\/clg-jean-lafosse\/wp-json\/wp\/v2\/media?parent=571"}],"curies":[{"name":"wp","href":"https:\/\/api.w.org\/{rel}","templated":true}]}}