{"id":731,"date":"2016-07-25T16:46:15","date_gmt":"2016-07-25T12:46:15","guid":{"rendered":"http:\/\/college-jean-lafosse.ac-reunion.fr\/?page_id=731"},"modified":"2017-08-16T13:01:29","modified_gmt":"2017-08-16T09:01:29","slug":"organisation-de-la-rentree-2016","status":"publish","type":"page","link":"https:\/\/etab.ac-reunion.fr\/clg-jean-lafosse\/scolarite\/reforme-2016\/organisation-de-la-rentree-2016\/","title":{"rendered":"Organisation de la rentr\u00e9e 2017"},"content":{"rendered":"<p>Voici l&rsquo;organisation de la rentr\u00e9e 2017 :<\/p>\n<p><strong>Jeudi 17 ao\u00fbt 2017<\/strong>: Rentr\u00e9e des personnels \u00e0 8h30.<\/p>\n<p><strong>Vendredi 18 ao\u00fbt 2017<\/strong>:<\/p>\n<p><strong>\u00a0\u00a0\u00a0\u00a0\u00a0 7h30-11h30<\/strong>: Rentr\u00e9e des \u00e9l\u00e8ves de 6\u00e8me et de l&rsquo;ULIS accompagn\u00e9s de leurs parents.<\/p>\n<p><strong>\u00a0\u00a0\u00a0\u00a0\u00a0 8h30<\/strong>: R\u00e9union des parents des \u00e9l\u00e8ves de 6\u00e8me au restaurant scolaire.<\/p>\n<p>Le transport scolaire est assur\u00e9 mais il n&rsquo;y a <span style=\"color: #000000\"><strong>PAS DE RESTAURATION<\/strong><\/span>.<\/p>\n<p><strong>Lundi 21 ao\u00fbt 2017:<\/strong><\/p>\n<p><strong>\u00a0\u00a0\u00a0\u00a0\u00a0\u00a0 7h30-11h30<\/strong>: Rentr\u00e9e des \u00e9l\u00e8ves de 5\u00e8me, 4\u00e8me et 3\u00e8me.<\/p>\n<p>Le transport scolaire est assur\u00e9 mais il n&rsquo;y a<span style=\"color: #000000\"> <strong>PAS DE RESTAURATION<\/strong><\/span>.<\/p>\n<p><strong>Mardi 22 ao\u00fbt 2017:<\/strong><\/p>\n<p>D\u00e9but des cours pour tous selon l&#8217;emploi du temps.<\/p>\n<p>&nbsp;<\/p>\n<p>Retrouvez aussi la liste des effets scolaires: <a href=\"https:\/\/etab.ac-reunion.fr\/clg-jean-lafosse\/wp-content\/uploads\/sites\/101\/2015\/10\/Effets-scolaires-Aout2017.pdf\">Effets-scolaires-Aout2017<\/a><\/p>\n<p>&nbsp;<\/p>\n","protected":false},"excerpt":{"rendered":"<p>Voici l&rsquo;organisation de la rentr\u00e9e 2017 : Jeudi 17 ao\u00fbt 2017: Rentr\u00e9e des personnels \u00e0 8h30. Vendredi 18 ao\u00fbt 2017: \u00a0\u00a0\u00a0\u00a0\u00a0 7h30-11h30: Rentr\u00e9e des \u00e9l\u00e8ves de 6\u00e8me et de l&rsquo;ULIS accompagn\u00e9s de leurs parents. \u00a0\u00a0\u00a0\u00a0\u00a0 8h30: R\u00e9union des parents des \u00e9l\u00e8ves de 6\u00e8me au restaurant scolaire. Le transport scolaire est\u2026<\/p>\n<p> <a class=\"continue-reading-link\" href=\"https:\/\/etab.ac-reunion.fr\/clg-jean-lafosse\/scolarite\/reforme-2016\/organisation-de-la-rentree-2016\/\"><span>Lire la suite&#8230;<\/span><i class=\"crycon-right-dir\"><\/i><\/a> <\/p>\n","protected":false},"author":3653,"featured_media":1137,"parent":571,"menu_order":0,"comment_status":"closed","ping_status":"closed","template":"","meta":{"footnotes":""},"class_list":["post-731","page","type-page","status-publish","has-post-thumbnail","hentry"],"_links":{"self":[{"href":"https:\/\/etab.ac-reunion.fr\/clg-jean-lafosse\/wp-json\/wp\/v2\/pages\/731","targetHints":{"allow":["GET"]}}],"collection":[{"href":"https:\/\/etab.ac-reunion.fr\/clg-jean-lafosse\/wp-json\/wp\/v2\/pages"}],"about":[{"href":"https:\/\/etab.ac-reunion.fr\/clg-jean-lafosse\/wp-json\/wp\/v2\/types\/page"}],"author":[{"embeddable":true,"href":"https:\/\/etab.ac-reunion.fr\/clg-jean-lafosse\/wp-json\/wp\/v2\/users\/3653"}],"replies":[{"embeddable":true,"href":"https:\/\/etab.ac-reunion.fr\/clg-jean-lafosse\/wp-json\/wp\/v2\/comments?post=731"}],"version-history":[{"count":7,"href":"https:\/\/etab.ac-reunion.fr\/clg-jean-lafosse\/wp-json\/wp\/v2\/pages\/731\/revisions"}],"predecessor-version":[{"id":1136,"href":"https:\/\/etab.ac-reunion.fr\/clg-jean-lafosse\/wp-json\/wp\/v2\/pages\/731\/revisions\/1136"}],"up":[{"embeddable":true,"href":"https:\/\/etab.ac-reunion.fr\/clg-jean-lafosse\/wp-json\/wp\/v2\/pages\/571"}],"wp:featuredmedia":[{"embeddable":true,"href":"https:\/\/etab.ac-reunion.fr\/clg-jean-lafosse\/wp-json\/wp\/v2\/media\/1137"}],"wp:attachment":[{"href":"https:\/\/etab.ac-reunion.fr\/clg-jean-lafosse\/wp-json\/wp\/v2\/media?parent=731"}],"curies":[{"name":"wp","href":"https:\/\/api.w.org\/{rel}","templated":true}]}}