{"id":89,"date":"2014-10-26T21:01:26","date_gmt":"2014-10-26T17:01:26","guid":{"rendered":"http:\/\/college-jean-lafosse.ac-reunion.fr\/?page_id=89"},"modified":"2017-11-10T21:05:15","modified_gmt":"2017-11-10T17:05:15","slug":"letablissement","status":"publish","type":"page","link":"https:\/\/etab.ac-reunion.fr\/clg-jean-lafosse\/presentation\/letablissement\/","title":{"rendered":"Pr\u00e9sentation"},"content":{"rendered":"<p align=\"left\"><a href=\"https:\/\/etab.ac-reunion.fr\/clg-jean-lafosse\/wp-content\/uploads\/sites\/101\/2014\/10\/Page_Etablissement.jpg\"><img loading=\"lazy\" decoding=\"async\" class=\"alignleft size-full wp-image-161\" src=\"https:\/\/etab.ac-reunion.fr\/clg-jean-lafosse\/wp-content\/uploads\/sites\/101\/2014\/10\/Page_Etablissement.jpg\" alt=\"Page_Etablissement\" width=\"600\" height=\"450\" \/><\/a>Le coll\u00e8ge Jean Lafosse est situ\u00e9 dans la commune de Saint-Louis \u00e0 proximit\u00e9 de l&rsquo;usine sucri\u00e8re du Gol.<\/p>\n<p align=\"left\">Il a ouvert ses portes en 1997 et accueille aujourd&rsquo;hui plus de 600 \u00e9l\u00e8ves.<\/p>\n<p align=\"left\">L&rsquo;\u00e9tablissement propose des classes bilangues d\u00e8s la 6\u00e8me. Il accueille aussi des sections ULIS.<\/p>\n<p align=\"left\">Les enseignements peuvent s&rsquo;appuyer sur 2 salles informatiques et la plupart des salles d&rsquo;enseignement disposent d&rsquo;un ordinateur avec vid\u00e9oprojecteur et connexion \u00e0 Internet. Les \u00e9l\u00e8ves ont un acc\u00e8s r\u00e9glement\u00e9 mais plus libre \u00e0 des ordinateurs au CDI.<\/p>\n<p align=\"left\">Voici les horaires d&rsquo;ouverture du coll\u00e8ge:<\/p>\n<p align=\"left\">Lundi: 7h15 &#8211; 16h20<\/p>\n<p align=\"left\">Mardi: 7h15 &#8211; 16h20<\/p>\n<p align=\"left\">Mercredi: 7h15 &#8211; 11h20<\/p>\n<p align=\"left\">Jeudi: 7h15 &#8211; 16h20<\/p>\n<p align=\"left\">Vendredi: 7h15 &#8211; 16h20<\/p>\n","protected":false},"excerpt":{"rendered":"<p>Le coll\u00e8ge Jean Lafosse est situ\u00e9 dans la commune de Saint-Louis \u00e0 proximit\u00e9 de l&rsquo;usine sucri\u00e8re du Gol. Il a ouvert ses portes en 1997 et accueille aujourd&rsquo;hui plus de 600 \u00e9l\u00e8ves. L&rsquo;\u00e9tablissement propose des classes bilangues d\u00e8s la 6\u00e8me. Il accueille aussi des sections ULIS. Les enseignements peuvent s&rsquo;appuyer\u2026<\/p>\n<p> <a class=\"continue-reading-link\" href=\"https:\/\/etab.ac-reunion.fr\/clg-jean-lafosse\/presentation\/letablissement\/\"><span>Lire la suite&#8230;<\/span><i class=\"crycon-right-dir\"><\/i><\/a> <\/p>\n","protected":false},"author":3653,"featured_media":144,"parent":14,"menu_order":0,"comment_status":"closed","ping_status":"closed","template":"","meta":{"footnotes":""},"class_list":["post-89","page","type-page","status-publish","has-post-thumbnail","hentry"],"_links":{"self":[{"href":"https:\/\/etab.ac-reunion.fr\/clg-jean-lafosse\/wp-json\/wp\/v2\/pages\/89","targetHints":{"allow":["GET"]}}],"collection":[{"href":"https:\/\/etab.ac-reunion.fr\/clg-jean-lafosse\/wp-json\/wp\/v2\/pages"}],"about":[{"href":"https:\/\/etab.ac-reunion.fr\/clg-jean-lafosse\/wp-json\/wp\/v2\/types\/page"}],"author":[{"embeddable":true,"href":"https:\/\/etab.ac-reunion.fr\/clg-jean-lafosse\/wp-json\/wp\/v2\/users\/3653"}],"replies":[{"embeddable":true,"href":"https:\/\/etab.ac-reunion.fr\/clg-jean-lafosse\/wp-json\/wp\/v2\/comments?post=89"}],"version-history":[{"count":11,"href":"https:\/\/etab.ac-reunion.fr\/clg-jean-lafosse\/wp-json\/wp\/v2\/pages\/89\/revisions"}],"predecessor-version":[{"id":1340,"href":"https:\/\/etab.ac-reunion.fr\/clg-jean-lafosse\/wp-json\/wp\/v2\/pages\/89\/revisions\/1340"}],"up":[{"embeddable":true,"href":"https:\/\/etab.ac-reunion.fr\/clg-jean-lafosse\/wp-json\/wp\/v2\/pages\/14"}],"wp:featuredmedia":[{"embeddable":true,"href":"https:\/\/etab.ac-reunion.fr\/clg-jean-lafosse\/wp-json\/wp\/v2\/media\/144"}],"wp:attachment":[{"href":"https:\/\/etab.ac-reunion.fr\/clg-jean-lafosse\/wp-json\/wp\/v2\/media?parent=89"}],"curies":[{"name":"wp","href":"https:\/\/api.w.org\/{rel}","templated":true}]}}