{"id":93,"date":"2014-10-26T21:03:09","date_gmt":"2014-10-26T17:03:09","guid":{"rendered":"http:\/\/college-jean-lafosse.ac-reunion.fr\/?page_id=93"},"modified":"2019-03-22T12:44:48","modified_gmt":"2019-03-22T08:44:48","slug":"contacts","status":"publish","type":"page","link":"https:\/\/etab.ac-reunion.fr\/clg-jean-lafosse\/informations\/contacts\/","title":{"rendered":"Contacts"},"content":{"rendered":"<p><strong>Plan de situation<\/strong><\/p>\n<p><img loading=\"lazy\" decoding=\"async\" class=\"alignnone wp-image-2374\" src=\"https:\/\/etab.ac-reunion.fr\/clg-jean-lafosse\/wp-content\/uploads\/sites\/101\/2019\/03\/map-300x174.jpg\" alt=\"\" width=\"688\" height=\"399\" srcset=\"https:\/\/etab.ac-reunion.fr\/clg-jean-lafosse\/wp-content\/uploads\/sites\/101\/2019\/03\/map-300x174.jpg 300w, https:\/\/etab.ac-reunion.fr\/clg-jean-lafosse\/wp-content\/uploads\/sites\/101\/2019\/03\/map-1024x593.jpg 1024w, https:\/\/etab.ac-reunion.fr\/clg-jean-lafosse\/wp-content\/uploads\/sites\/101\/2019\/03\/map-150x87.jpg 150w, https:\/\/etab.ac-reunion.fr\/clg-jean-lafosse\/wp-content\/uploads\/sites\/101\/2019\/03\/map.jpg 1170w\" sizes=\"auto, (max-width: 688px) 100vw, 688px\" \/><\/p>\n<p><small><a href=\"https:\/\/www.openstreetmap.org\/?mlat=-21.2693&amp;mlon=55.4006#map=15\/-21.2693\/55.4006\">Afficher une carte plus grande<\/a><\/small><\/p>\n<p><strong>Adresse <\/strong><span style=\"font-family: Ubuntu\"><strong>:<\/strong> 86 Rue de Paris, 97450 Saint-Louis<\/span><\/p>\n<p><strong>T\u00e9l\u00e9phone :<\/strong> 0262 91 93 50\u00a0\u00a0\u00a0 <strong>Fax<\/strong> <strong>:<\/strong> 0262 91 93 51<\/p>\n<p><strong>Horaires du secr\u00e9tariat :<\/strong> Du lundi au vendredi de 08h00 \u00e0 16h30<\/p>\n<p><strong>Se rendre en bus<\/strong> <strong>:<\/strong> Depuis la gare de Saint Louis ligne 23.<\/p>\n<p>CIVIS \/ Altern\u00e9o :\u00a0<a class=\"moz-txt-link-freetext\" href=\"http:\/\/www.alterneo.re\/\">http:\/\/www.alterneo.re\/<\/a><\/p>\n<p><strong>Pour nous contacter par mail, veuillez remplir ce formulaire.<\/strong><\/p>\n\n<div class=\"wpcf7 no-js\" id=\"wpcf7-f2312-o1\" lang=\"fr-FR\" dir=\"ltr\" data-wpcf7-id=\"2312\">\n<div class=\"screen-reader-response\"><p role=\"status\" aria-live=\"polite\" aria-atomic=\"true\"><\/p> <ul><\/ul><\/div>\n<form action=\"\/clg-jean-lafosse\/wp-json\/wp\/v2\/pages\/93#wpcf7-f2312-o1\" method=\"post\" class=\"wpcf7-form init\" aria-label=\"Formulaire de contact\" novalidate=\"novalidate\" data-status=\"init\">\n<fieldset class=\"hidden-fields-container\"><input type=\"hidden\" name=\"_wpcf7\" value=\"2312\" \/><input type=\"hidden\" name=\"_wpcf7_version\" value=\"6.1.5\" \/><input type=\"hidden\" name=\"_wpcf7_locale\" value=\"fr_FR\" \/><input type=\"hidden\" name=\"_wpcf7_unit_tag\" value=\"wpcf7-f2312-o1\" \/><input type=\"hidden\" name=\"_wpcf7_container_post\" value=\"0\" \/><input type=\"hidden\" name=\"_wpcf7_posted_data_hash\" value=\"\" \/>\n<\/fieldset>\n<p><label> Votre nom (obligatoire)<br \/>\n<span class=\"wpcf7-form-control-wrap\" data-name=\"your-name\"><input size=\"40\" maxlength=\"400\" class=\"wpcf7-form-control wpcf7-text wpcf7-validates-as-required\" aria-required=\"true\" aria-invalid=\"false\" value=\"\" type=\"text\" name=\"your-name\" \/><\/span> <\/label>\n<\/p>\n<p><label> Votre adresse de messagerie (obligatoire)<br \/>\n<span class=\"wpcf7-form-control-wrap\" data-name=\"your-email\"><input size=\"40\" maxlength=\"400\" class=\"wpcf7-form-control wpcf7-email wpcf7-validates-as-required wpcf7-text wpcf7-validates-as-email\" aria-required=\"true\" aria-invalid=\"false\" value=\"\" type=\"email\" name=\"your-email\" \/><\/span> <\/label>\n<\/p>\n<p><label> Objet<br \/>\n<span class=\"wpcf7-form-control-wrap\" data-name=\"your-subject\"><input size=\"40\" maxlength=\"400\" class=\"wpcf7-form-control wpcf7-text\" aria-invalid=\"false\" value=\"\" type=\"text\" name=\"your-subject\" \/><\/span> <\/label>\n<\/p>\n<p><label> Votre message<br \/>\n<span class=\"wpcf7-form-control-wrap\" data-name=\"your-message\"><textarea cols=\"40\" rows=\"10\" maxlength=\"2000\" class=\"wpcf7-form-control wpcf7-textarea\" aria-invalid=\"false\" name=\"your-message\"><\/textarea><\/span> <\/label>\n<\/p>\n<p><span class=\"wpcf7-form-control-wrap\" data-name=\"quiz-450\"><label><span class=\"wpcf7-quiz-label\">Quelle est le num\u00e9ro du d\u00e9partement de la R\u00e9union ?<\/span> <input size=\"40\" class=\"wpcf7-form-control wpcf7-quiz\" id=\"974\" autocomplete=\"off\" aria-required=\"true\" aria-invalid=\"false\" type=\"text\" name=\"quiz-450\" \/><\/label><input type=\"hidden\" name=\"_wpcf7_quiz_answer_quiz-450\" value=\"22d0a0459ebbdff218ff2d0df388b8e4\" \/><\/span>\n<\/p>\n<p><span id=\"wpcf7-69dc7e9e06555-wrapper\" class=\"wpcf7-form-control-wrap honeypot-572-wrap\" style=\"display:none !important; visibility:hidden !important;\"><label for=\"wpcf7-69dc7e9e06555-field\" class=\"hp-message\">Veuillez laisser ce champ vide.<\/label><input id=\"wpcf7-69dc7e9e06555-field\"  class=\"wpcf7-form-control wpcf7-text\" type=\"text\" name=\"honeypot-572\" value=\"\" size=\"40\" tabindex=\"-1\" autocomplete=\"new-password\" \/><\/span>\n<\/p>\n<p><input class=\"wpcf7-form-control wpcf7-submit has-spinner\" type=\"submit\" value=\"Envoyer\" \/>\n<\/p><div class=\"wpcf7-response-output\" aria-hidden=\"true\"><\/div>\n<\/form>\n<\/div>\n\n","protected":false},"excerpt":{"rendered":"<p>Plan de situation Afficher une carte plus grande Adresse : 86 Rue de Paris, 97450 Saint-Louis T\u00e9l\u00e9phone : 0262 91 93 50\u00a0\u00a0\u00a0 Fax : 0262 91 93 51 Horaires du secr\u00e9tariat : Du lundi au vendredi de 08h00 \u00e0 16h30 Se rendre en bus : Depuis la gare de Saint\u2026<\/p>\n<p> <a class=\"continue-reading-link\" href=\"https:\/\/etab.ac-reunion.fr\/clg-jean-lafosse\/informations\/contacts\/\"><span>Lire la suite&#8230;<\/span><i class=\"crycon-right-dir\"><\/i><\/a> <\/p>\n","protected":false},"author":3653,"featured_media":146,"parent":17,"menu_order":0,"comment_status":"closed","ping_status":"closed","template":"","meta":{"footnotes":""},"class_list":["post-93","page","type-page","status-publish","has-post-thumbnail","hentry"],"_links":{"self":[{"href":"https:\/\/etab.ac-reunion.fr\/clg-jean-lafosse\/wp-json\/wp\/v2\/pages\/93","targetHints":{"allow":["GET"]}}],"collection":[{"href":"https:\/\/etab.ac-reunion.fr\/clg-jean-lafosse\/wp-json\/wp\/v2\/pages"}],"about":[{"href":"https:\/\/etab.ac-reunion.fr\/clg-jean-lafosse\/wp-json\/wp\/v2\/types\/page"}],"author":[{"embeddable":true,"href":"https:\/\/etab.ac-reunion.fr\/clg-jean-lafosse\/wp-json\/wp\/v2\/users\/3653"}],"replies":[{"embeddable":true,"href":"https:\/\/etab.ac-reunion.fr\/clg-jean-lafosse\/wp-json\/wp\/v2\/comments?post=93"}],"version-history":[{"count":22,"href":"https:\/\/etab.ac-reunion.fr\/clg-jean-lafosse\/wp-json\/wp\/v2\/pages\/93\/revisions"}],"predecessor-version":[{"id":2382,"href":"https:\/\/etab.ac-reunion.fr\/clg-jean-lafosse\/wp-json\/wp\/v2\/pages\/93\/revisions\/2382"}],"up":[{"embeddable":true,"href":"https:\/\/etab.ac-reunion.fr\/clg-jean-lafosse\/wp-json\/wp\/v2\/pages\/17"}],"wp:featuredmedia":[{"embeddable":true,"href":"https:\/\/etab.ac-reunion.fr\/clg-jean-lafosse\/wp-json\/wp\/v2\/media\/146"}],"wp:attachment":[{"href":"https:\/\/etab.ac-reunion.fr\/clg-jean-lafosse\/wp-json\/wp\/v2\/media?parent=93"}],"curies":[{"name":"wp","href":"https:\/\/api.w.org\/{rel}","templated":true}]}}