{"id":14435,"date":"2023-06-14T14:04:36","date_gmt":"2023-06-14T10:04:36","guid":{"rendered":"https:\/\/etab.ac-reunion.fr\/clg-joseph-bedier\/?page_id=14435"},"modified":"2023-08-15T13:01:34","modified_gmt":"2023-08-15T09:01:34","slug":"accueil-des-eleves-de-6eme","status":"publish","type":"page","link":"https:\/\/etab.ac-reunion.fr\/clg-joseph-bedier\/accueil-des-eleves-de-6eme\/","title":{"rendered":"Accueil des \u00e9l\u00e8ves de 6\u00e8me"},"content":{"rendered":"\n<p class=\"has-text-align-center has-medium-font-size\">Clg B\u00e9dier 974 \u00ab\u00a0Je d\u00e9couvre le coll\u00e8ge\u00a0\u00bb:<a rel=\"noreferrer noopener\" href=\"https:\/\/youtu.be\/PUhAoLfoVCg\" target=\"_blank\">https:\/\/youtu.be\/PUhAoLfoVCg<\/a><\/p>\n\n\n\n<figure class=\"wp-block-table\"><table class=\"has-fixed-layout\"><tbody><tr><td class=\"has-text-align-left\" data-align=\"left\"><strong>LE FONCTIONNEMENT DU COLL\u00c8GE<\/strong><br \/><br \/>Clg B\u00e9dier 974 \u00ab\u00a0J&rsquo;utilise mon carnet de liaison\u00a0\u00bb :<br \/><a rel=\"noreferrer noopener\" href=\"https:\/\/youtu.be\/f7zpYFO64v8\" target=\"_blank\">https:\/\/youtu.be\/f7zpYFO64v8<\/a><br \/><br \/>Clg B\u00e9dier 974 \u00ab\u00a0Je suis absent(e)\u00a0\u00bb :<br \/> <a rel=\"noreferrer noopener\" href=\"https:\/\/youtu.be\/HvbIROIuOTw\" target=\"_blank\">https:\/\/youtu.be\/HvbIROIuOTw<\/a><br \/><br \/>Clg B\u00e9dier 974 \u00ab\u00a0Je suis en retard\u00a0\u00bb :<br \/> <a rel=\"noreferrer noopener\" href=\"https:\/\/youtu.be\/gnYD5Ldpk2A\" target=\"_blank\">https:\/\/youtu.be\/gnYD5Ldpk2A<\/a><br \/><br \/>Clg B\u00e9dier 974 \u00ab\u00a0Je suis malade\u00a0\u00bb\u00a0 :\u00a0<br \/> <a rel=\"noreferrer noopener\" href=\"https:\/\/youtu.be\/CMsQebB_eNI\" target=\"_blank\">https:\/\/youtu.be\/CMsQebB_eNI<\/a><br \/><br \/>Clg B\u00e9dier 974 \u00ab\u00a0Je suis demi pensionnaire\u00a0\u00bb :<br \/> <a rel=\"noreferrer noopener\" href=\"https:\/\/youtu.be\/qhqF8te0Hrc\" target=\"_blank\">https:\/\/youtu.be\/qhqF8te0Hrc<\/a><br \/><br \/>Clg B\u00e9dier 974 \u00ab\u00a0J&rsquo;ai oubli\u00e9 mon mat\u00e9riel\u00a0\u00bb:<br \/><a rel=\"noreferrer noopener\" href=\"https:\/\/youtu.be\/DfPhMki-qwk\" target=\"_blank\">https:\/\/youtu.be\/DfPhMki-qwk<\/a><\/td><td><br \/><br \/><strong>LES ACTEURS<\/strong><br \/><br \/>Clg B\u00e9dier 974 \u00ab\u00a0Qui est le principal ?\u00a0\u00bb : <br \/><a rel=\"noreferrer noopener\" href=\"https:\/\/youtu.be\/TUHtKPJvHt4\" target=\"_blank\">https:\/\/youtu.be\/TUHtKPJvHt4<\/a><br \/><br \/>Clg B\u00e9dier 974 \u00a0\u00bb Qui est la principale adjointe ?\u00a0\u00bb :<br \/> <a rel=\"noreferrer noopener\" href=\"https:\/\/youtu.be\/WpWJ5alNjKE\" target=\"_blank\">https:\/\/youtu.be\/WpWJ5alNjKE<\/a><br \/><br \/>Clg B\u00e9dier 974&Prime; Qui est la conseill\u00e8re principale d&rsquo;\u00e9ducation ?\u00a0\u00bb : <a rel=\"noreferrer noopener\" href=\"https:\/\/youtu.be\/Seblwtcp_zE\" target=\"_blank\">https:\/\/youtu.be\/Seblwtcp_zE<\/a><br \/><br \/>Clg B\u00e9dier 974 \u00ab\u00a0Qui est l&rsquo;infirmi\u00e8re scolaire ?\u00a0\u00bb :<br \/> <a rel=\"noreferrer noopener\" href=\"https:\/\/youtu.be\/0g8XsEUqCyc\" target=\"_blank\">https:\/\/youtu.be\/0g8XsEUqCyc<\/a><br \/><br \/>Clg B\u00e9dier 974 \u00ab\u00a0Qui est l&rsquo;assistante sociale?\u00a0\u00bb\u00a0 :<br \/><a rel=\"noreferrer noopener\" href=\"https:\/\/youtu.be\/teWX18e_jwM\" target=\"_blank\">https:\/\/youtu.be\/teWX18e_jwM<\/a><br \/><br \/>Clg B\u00e9dier 974 \u00ab\u00a0Qui est la documentaliste?\u00a0\u00bb :\u00a0<br \/> <a rel=\"noreferrer noopener\" href=\"https:\/\/youtu.be\/ZbpCW9d4TBE\" target=\"_blank\">https:\/\/youtu.be\/ZbpCW9d4TBE<\/a><br \/><br \/>Clg B\u00e9dier 974 \u00ab\u00a0Qui est le coordonnateur r\u00e9seau?\u00a0\u00bb :\u00a0<br \/> <a rel=\"noreferrer noopener\" href=\"https:\/\/youtu.be\/DBV8Gu58-hE\" target=\"_blank\">https:\/\/youtu.be\/DBV8Gu58-hE<\/a><\/td><\/tr><tr><td class=\"has-text-align-left\" data-align=\"left\"><strong>LES ENSEIGNEMENTS<\/strong><br \/><br \/>Clg B\u00e9dier 974 \u00ab\u00a0Je fais de la physique chimie\u00a0\u00bb : <br \/><a rel=\"noreferrer noopener\" href=\"https:\/\/youtu.be\/YyBpkvYOvNI\" target=\"_blank\">https:\/\/youtu.be\/YyBpkvYOvNI<\/a><br \/><br \/>Clg B\u00e9dier 974 \u00ab\u00a0Je fais de l&rsquo;art plastique\u00a0\u00bb :\u00a0<br \/> <a rel=\"noreferrer noopener\" href=\"https:\/\/youtu.be\/nC3_PDQStEU\" target=\"_blank\">https:\/\/youtu.be\/nC3_PDQStEU<\/a><br \/><br \/>Clg B\u00e9dier 974 \u00ab\u00a0Je fais de l\u2019\u00c9ducation Physique et Sportive\u00a0\u00bb :<br \/> <a rel=\"noreferrer noopener\" href=\"https:\/\/youtu.be\/KO_LdFCaSBE\" target=\"_blank\">https:\/\/youtu.be\/KO_LdFCaSBE<\/a><br \/><br \/>Clg B\u00e9dier 974 \u00ab\u00a0Je fais de l&rsquo;informatique\u00a0\u00bb :<br \/> <a rel=\"noreferrer noopener\" href=\"https:\/\/youtu.be\/yGuLf8yxanM\" target=\"_blank\">https:\/\/youtu.be\/yGuLf8yxanM<\/a><br \/><br \/><br \/>Clg B\u00e9dier 974 \u00ab\u00a0Je vais au CDI\u00a0\u00bb :<br \/><a rel=\"noreferrer noopener\" href=\"https:\/\/youtu.be\/nok5ofEEYf8\" target=\"_blank\">https:\/\/youtu.be\/nok5ofEEYf8<\/a><\/td><td><br \/><strong>LES OPTIONS\/PROJETS ET AIDES<\/strong><br \/><br \/>Clg B\u00e9dier 974 \u00ab\u00a0Je commence l&rsquo;espagnol\u00a0\u00bb :<br \/><a rel=\"noreferrer noopener\" href=\"https:\/\/youtu.be\/2idUn33cXAI\" target=\"_blank\">https:\/\/youtu.be\/2idUn33cXAI<\/a><br \/><br \/>Clg B\u00e9dier 974 \u00ab\u00a0Je d\u00e9couvre l&rsquo;arbre des langues\u00a0\u00bb: <br \/><a rel=\"noreferrer noopener\" href=\"https:\/\/youtu.be\/ETKgfvfpWeo\" target=\"_blank\">https:\/\/youtu.be\/ETKgfvfpWeo<\/a><br \/><br \/>Clg B\u00e9dier 974 \u00ab\u00a0Je me fais aider pour les devoirs\u00a0\u00bb:<br \/> <a rel=\"noreferrer noopener\" href=\"https:\/\/youtu.be\/ojD2-PY8ZXs\" target=\"_blank\">https:\/\/youtu.be\/ojD2-PY8ZXs<\/a><br \/><br \/>Clg B\u00e9dier 974 \u00ab\u00a0Je pratique des arts divers\u00a0\u00bb : <br \/><a rel=\"noreferrer noopener\" href=\"https:\/\/youtu.be\/dRcmA3k9TBA\" target=\"_blank\">https:\/\/youtu.be\/dRcmA3k9TBA<\/a><br \/><br \/>Clg B\u00e9dier 974 \u00ab\u00a0Je fais de l&rsquo;escalade en option\u00a0\u00bb :<br \/><a rel=\"noreferrer noopener\" href=\"https:\/\/youtu.be\/BTRRTH5xTco\" target=\"_blank\">https:\/\/youtu.be\/BTRRTH5xTco<\/a><br \/><br \/>Clg B\u00e9dier 974 \u00ab\u00a0J&#8217;embellis le coll\u00e8ge\u00a0\u00bb : <br \/><a rel=\"noreferrer noopener\" href=\"https:\/\/youtu.be\/Am2CeyY_Q9w\" target=\"_blank\">https:\/\/youtu.be\/Am2CeyY_Q9w<\/a><br \/><br \/>Clg B\u00e9dier 974 \u00ab\u00a0Je participe \u00e0 l&rsquo;atelier astronomie\u00a0\u00bb:<br \/><a rel=\"noreferrer noopener\" href=\"https:\/\/youtu.be\/XDidOGVPO7k\" target=\"_blank\">https:\/\/youtu.be\/XDidOGVPO7k<\/a><br \/><br \/>Clg B\u00e9dier 974 \u00ab\u00a0Je participe \u00e0 des ateliers\u00a0\u00bb :<br \/><a rel=\"noreferrer noopener\" href=\"https:\/\/youtu.be\/Cai3JKoyq5s\" target=\"_blank\">https:\/\/youtu.be\/Cai3JKoyq5s<\/a><\/td><\/tr><\/tbody><\/table><\/figure>\n\n\n\n<p class=\"has-text-align-center has-medium-font-size\">QR CODES vers les vid\u00e9os<\/p>\n\n\n<a href=\"https:\/\/etab.ac-reunion.fr\/clg-joseph-bedier\/wp-content\/uploads\/sites\/79\/2023\/08\/Flyer-Bedier-verso-modifie2.pdf\" class=\"pdfemb-viewer\" style=\"\" data-width=\"max\" data-height=\"max\" data-toolbar=\"bottom\" data-toolbar-fixed=\"off\">Flyer-Bedier-verso-modifie2<\/a>\n<p class=\"wp-block-pdfemb-pdf-embedder-viewer\"><\/p>\n\n\n<a href=\"https:\/\/etab.ac-reunion.fr\/clg-joseph-bedier\/wp-content\/uploads\/sites\/79\/2023\/08\/Flyer-Bedier-recto-modifie2.pdf\" class=\"pdfemb-viewer\" style=\"\" data-width=\"max\" data-height=\"max\" data-toolbar=\"bottom\" data-toolbar-fixed=\"off\">Flyer-Bedier-recto-modifie2<\/a>\n<p class=\"wp-block-pdfemb-pdf-embedder-viewer\"><\/p>\n","protected":false},"excerpt":{"rendered":"<p>Clg B\u00e9dier 974 \u00ab\u00a0Je d\u00e9couvre le coll\u00e8ge\u00a0\u00bb:https:\/\/youtu.be\/PUhAoLfoVCg LE FONCTIONNEMENT DU COLL\u00c8GE Clg B\u00e9dier 974 \u00ab\u00a0J&rsquo;utilise mon carnet de liaison\u00a0\u00bb :https:\/\/youtu.be\/f7zpYFO64v8 Clg B\u00e9dier 974 \u00ab\u00a0Je suis absent(e)\u00a0\u00bb : https:\/\/youtu.be\/HvbIROIuOTw Clg B\u00e9dier [&hellip;]<\/p>\n","protected":false},"author":1583,"featured_media":0,"parent":0,"menu_order":0,"comment_status":"closed","ping_status":"closed","template":"","meta":{"_et_pb_use_builder":"off","_et_pb_old_content":"<!-- wp:pdfemb\/pdf-embedder-viewer {\"pdfID\":14825,\"url\":\"https:\/\/etab.ac-reunion.fr\/clg-joseph-bedier\/wp-content\/uploads\/sites\/79\/2023\/08\/Flyer-Bedier-verso-modifie2.pdf\"} -->\n<p class=\"wp-block-pdfemb-pdf-embedder-viewer\"><\/p>\n<!-- \/wp:pdfemb\/pdf-embedder-viewer -->\n\n<!-- wp:pdfemb\/pdf-embedder-viewer {\"pdfID\":14826,\"url\":\"https:\/\/etab.ac-reunion.fr\/clg-joseph-bedier\/wp-content\/uploads\/sites\/79\/2023\/08\/Flyer-Bedier-recto-modifie2.pdf\"} -->\n<p class=\"wp-block-pdfemb-pdf-embedder-viewer\"><\/p>\n<!-- \/wp:pdfemb\/pdf-embedder-viewer -->","_et_gb_content_width":"","footnotes":"","_links_to":"","_links_to_target":""},"class_list":["post-14435","page","type-page","status-publish","hentry"],"_links":{"self":[{"href":"https:\/\/etab.ac-reunion.fr\/clg-joseph-bedier\/wp-json\/wp\/v2\/pages\/14435","targetHints":{"allow":["GET"]}}],"collection":[{"href":"https:\/\/etab.ac-reunion.fr\/clg-joseph-bedier\/wp-json\/wp\/v2\/pages"}],"about":[{"href":"https:\/\/etab.ac-reunion.fr\/clg-joseph-bedier\/wp-json\/wp\/v2\/types\/page"}],"author":[{"embeddable":true,"href":"https:\/\/etab.ac-reunion.fr\/clg-joseph-bedier\/wp-json\/wp\/v2\/users\/1583"}],"replies":[{"embeddable":true,"href":"https:\/\/etab.ac-reunion.fr\/clg-joseph-bedier\/wp-json\/wp\/v2\/comments?post=14435"}],"version-history":[{"count":24,"href":"https:\/\/etab.ac-reunion.fr\/clg-joseph-bedier\/wp-json\/wp\/v2\/pages\/14435\/revisions"}],"predecessor-version":[{"id":15780,"href":"https:\/\/etab.ac-reunion.fr\/clg-joseph-bedier\/wp-json\/wp\/v2\/pages\/14435\/revisions\/15780"}],"wp:attachment":[{"href":"https:\/\/etab.ac-reunion.fr\/clg-joseph-bedier\/wp-json\/wp\/v2\/media?parent=14435"}],"curies":[{"name":"wp","href":"https:\/\/api.w.org\/{rel}","templated":true}]}}