{"id":262,"date":"2013-09-15T16:51:55","date_gmt":"2013-09-15T12:51:55","guid":{"rendered":"http:\/\/college-joseph-bedier.ac-reunion.fr\/?p=262"},"modified":"2025-09-16T19:04:58","modified_gmt":"2025-09-16T15:04:58","slug":"presentation-coordonnees","status":"publish","type":"page","link":"https:\/\/etab.ac-reunion.fr\/clg-joseph-bedier\/presentation-coordonnees\/","title":{"rendered":"Pr\u00e9sentation -Coordonn\u00e9es"},"content":{"rendered":"[et_pb_section fb_built=\u00a0\u00bb1&Prime; admin_label=\u00a0\u00bbsection\u00a0\u00bb _builder_version=\u00a0\u00bb4.16&Prime; global_colors_info=\u00a0\u00bb{}\u00a0\u00bb][et_pb_row admin_label=\u00a0\u00bbrow\u00a0\u00bb _builder_version=\u00a0\u00bb4.16&Prime; background_size=\u00a0\u00bbinitial\u00a0\u00bb background_position=\u00a0\u00bbtop_left\u00a0\u00bb background_repeat=\u00a0\u00bbrepeat\u00a0\u00bb global_colors_info=\u00a0\u00bb{}\u00a0\u00bb][et_pb_column type=\u00a0\u00bb4_4&Prime; _builder_version=\u00a0\u00bb4.16&Prime; custom_padding=\u00a0\u00bb|||\u00a0\u00bb global_colors_info=\u00a0\u00bb{}\u00a0\u00bb custom_padding__hover=\u00a0\u00bb|||\u00a0\u00bb][et_pb_text admin_label=\u00a0\u00bbText\u00a0\u00bb _builder_version=\u00a0\u00bb4.27.4&Prime; background_size=\u00a0\u00bbinitial\u00a0\u00bb background_position=\u00a0\u00bbtop_left\u00a0\u00bb background_repeat=\u00a0\u00bbrepeat\u00a0\u00bb hover_enabled=\u00a0\u00bb0&Prime; global_colors_info=\u00a0\u00bb{}\u00a0\u00bb sticky_enabled=\u00a0\u00bb0&Prime;]<p><a href=\"https:\/\/etab.ac-reunion.fr\/clg-joseph-bedier\/wp-content\/uploads\/sites\/79\/2013\/09\/logo-reunion-e-vert.jpg\"><img loading=\"lazy\" decoding=\"async\" class=\"alignnone size-full wp-image-2152\" src=\"https:\/\/etab.ac-reunion.fr\/clg-joseph-bedier\/wp-content\/uploads\/sites\/79\/2013\/09\/logo-reunion-e-vert.jpg\" alt=\"logo-reunion-e-vert\" width=\"278\" height=\"139\" style=\"margin-left: auto;margin-right: auto\" \/><img loading=\"lazy\" decoding=\"async\" src=\"https:\/\/etab.ac-reunion.fr\/clg-joseph-bedier\/wp-content\/uploads\/sites\/79\/2024\/10\/Logo-College-bloc-marque-allege_2-e1728457875247.png\" style=\"float: right\" width=\"222\" height=\"109\" \/><\/a><\/p>\n<p style=\"text-align: center\"><span style=\"font-size: xx-large\">\u00a0 \u00a0 \u00a0 \u00a0 \u00a0 \u00a0 \u00a0 \u00a0 \u00a0 \u00a0 \u00a0 \u00a0 \u00a0 \u00a0 \u00a0 \u00a0 \u00a0 \u00a0 \u00a0 \u00a0 \u00a0 \u00a0 \u00a0 \u00a0 \u00a0 \u00a0 \u00a0 \u00a0 \u00a0 \u00a0 \u00a0 \u00a0 \u00a0 \u00a0 \u00a0 \u00a0 \u00a0 \u00a0 \u00a0 \u00a0 \u00a0 \u00a0 \u00a0 \u00a0 \u00a0 \u00a0 \u00a0 \u00a0 \u00a0 \u00a0 \u00a0 \u00a0 \u00a0 \u00a0 \u00a0 \u00a0 \u00a0 \u00a0 \u00a0 \u00a0<\/span><\/p>\n<h2 style=\"text-align: center\"><span class=\"auto-style322\" style=\"color: #000000\"><strong>Coll\u00e8ge Joseph B\u00e9dier<\/strong><\/span><br class=\"style180\" style=\"color: #000000\" \/><span class=\"style180\" style=\"color: #000000\"><\/span><\/h2>\n<h2 style=\"text-align: center\"><span class=\"style180\" style=\"color: #000000\"><\/span><\/h2>\n<h3 style=\"text-align: center\"><span class=\"style180\" style=\"color: #000000\">105 Rue Joseph B\u00e9dier<\/span><br class=\"style180\" style=\"color: #000000\" \/><span class=\"style180\" style=\"color: #000000\">BP 504<\/span><br class=\"style180\" style=\"color: #000000\" \/><span class=\"style180\" style=\"color: #000000\">97440 Saint &#8211; Andr\u00e9<\/span><\/h3>\n<p style=\"text-align: center\"><span class=\"auto-style719\" style=\"color: #0000a3\"><strong>\u00eele de La R\u00e9union<\/strong><\/span><\/p>\n<p style=\"text-align: center\"><span class=\"style180\" style=\"color: #000000\"><strong>Tel<\/strong> : 0262 46 01 38<\/span><\/p>\n<p style=\"text-align: center\"><span style=\"color: #000000\"><strong>Mail<\/strong>: ce.9740599h@ac-reunion.fr<\/span><span class=\"style180\" style=\"color: #000000\"><\/span><\/p>\n<h3 style=\"text-align: center\"><strong>Horaires des Cours<\/strong><\/h3>\n<p style=\"text-align: center\"><strong>\u00a0<\/strong>Lundi, Mardi, Jeudi, Vendredi : 7h25 \u00e0 11h40 13h20 \u00e0 16h30<\/p>\n<p style=\"text-align: center\">Mercredi : 7h25 \u00e0 11h40<\/p>\n<p style=\"text-align: center\"><strong style=\"color: #000000\"><span class=\"style140\"><\/span><\/strong><\/p>\n<p style=\"text-align: center\"><strong style=\"color: #000000\"><span class=\"style140\"><\/span><\/strong><\/p>\n<p style=\"text-align: center\"><strong style=\"color: #000000\"><span class=\"style140\">Situ\u00e9 \u00e0 l&rsquo;est de la R\u00e9union<\/span><br class=\"style140\" \/><span class=\"style140\">Dans la ville de Saint -Andr\u00e9, ce coll\u00e8ge du centre ville porte le nom de Joseph B\u00e9dier.<\/span><\/strong><\/p>\n<p style=\"text-align: center\"><strong style=\"color: #000000\"><span class=\"style140\"><\/span><\/strong><\/p>\n<h2 style=\"text-align: center\">Qui \u00e9tait Joseph B\u00e9dier ?<\/h2>\n<p><span style=\"text-align: center\"><\/span><\/p>\n<p style=\"text-align: center\"><img loading=\"lazy\" decoding=\"async\" src=\"https:\/\/upload.wikimedia.org\/wikipedia\/commons\/0\/0c\/Joseph_B%C3%A9dier_1921.jpg\" alt=\"undefined\" width=\"231\" height=\"308\" \/><\/p>\n<p><span style=\"color: #313131\"><span class=\"auto-style30\"><strong>N\u00e9 \u00e0 Paris, le 28 janvier 1864.<\/strong><\/span>\u00a0<br class=\"auto-style30\" \/><\/span><span style=\"color: #313131\"><span class=\"auto-style31\">Ce Breton d\u2019origine v\u00e9cut l<strong>es premi\u00e8res ann\u00e9es de sa vie \u00e0 la R\u00e9union\u00a0<\/strong>o\u00f9 ses anc\u00eatres s\u2019\u00e9taient install\u00e9s au XVIII<sup>e<\/sup><\/span><\/span><span style=\"color: #313131\"><span class=\"auto-style31\">\u00a0si\u00e8cle.<\/span><\/span><\/p>\n<p>Il vint \u00e0 Paris pour pr\u00e9parer le concours de l\u2019\u00c9cole Normale Sup\u00e9rieure, qu\u2019il r\u00e9ussit en 1883 avant de passer l\u2019agr\u00e9gation de lettres et d\u2019obtenir, en 1893, sa th\u00e8se de doctorat. Apr\u00e8s avoir enseign\u00e9 quelques ann\u00e9es en Suisse, \u00e0 l\u2019universit\u00e9 de Fribourg, il fut nomm\u00e9 ma\u00eetre de conf\u00e9rence \u00e0 la Facult\u00e9 de Caen puis \u00e0 l\u2019\u00c9cole Normale Sup\u00e9rieure. En 1903, lui fut enfin attribu\u00e9e la chaire de langue et de litt\u00e9rature fran\u00e7aise du Moyen \u00c2ge au Coll\u00e8ge de France, o\u00f9 il succ\u00e9dait \u00e0 son ma\u00eetre Gaston Paris.<\/p>\n<p>M\u00e9di\u00e9viste \u00e0 tous \u00e9gards exceptionnel, Joseph B\u00e9dier fit beaucoup pour la r\u00e9surrection des grands textes initiaux de la litt\u00e9rature fran\u00e7aise, en \u00e9tablissant d\u2019excellentes \u00e9ditions des Fabliaux (1893), de Tristan et Yseult (1900) et de La Chanson de Roland (1921). Il fut \u00e9galement avec Paul Hazard, acad\u00e9micien lui aussi, l\u2019auteur d\u2019une remarquable Histoire de la litt\u00e9rature fran\u00e7aise (1923-1924).<\/p>\n<p>Avant d\u2019\u00eatre nomm\u00e9 en 1929 administrateur du Coll\u00e8ge de France et d\u2019\u00eatre \u00e9lev\u00e9 \u00e0 la dignit\u00e9 de Grand-croix de la L\u00e9gion d\u2019honneur en 1937, il fut \u00e9lu \u00e0 l\u2019Acad\u00e9mie fran\u00e7aise, le 3 juin 1920, par 20 voix, au fauteuil d\u2019Edmond Rostand. Se pr\u00e9sentaient contre lui Francis Jammes qui obtint 8 voix, et un autre po\u00e8te, Paul Fort qui n\u2019en obtint que 2.<\/p>\n<p>Il fut re\u00e7u le 3 novembre 1921 par Louis Barthou.<\/p>\n<p>Mort le 29 ao\u00fbt 1938.<\/p>\n<p><\/p>\n<div class=\"wp-block-image\">\n<figure class=\"aligncenter size-full\"><img decoding=\"async\" src=\"https:\/\/etab.ac-reunion.fr\/clg-joseph-bedier\/wp-content\/uploads\/sites\/79\/2020\/08\/cropped-logo-college.png\" alt=\"\" class=\"wp-image-5096\" \/><\/figure>\n<\/div>\n<p><\/p>[\/et_pb_text][\/et_pb_column][\/et_pb_row][\/et_pb_section]","protected":false},"excerpt":{"rendered":"<p>\u00a0 \u00a0 \u00a0 \u00a0 \u00a0 \u00a0 \u00a0 \u00a0 \u00a0 \u00a0 \u00a0 \u00a0 \u00a0 \u00a0 \u00a0 \u00a0 \u00a0 \u00a0 \u00a0 \u00a0 \u00a0 \u00a0 \u00a0 \u00a0 \u00a0 \u00a0 \u00a0 \u00a0 \u00a0 \u00a0 [&hellip;]<\/p>\n","protected":false},"author":1583,"featured_media":0,"parent":0,"menu_order":0,"comment_status":"closed","ping_status":"closed","template":"","meta":{"_et_pb_use_builder":"on","_et_pb_old_content":"[caption id=\"\" align=\"aligncenter\" width=\"200\"]<a href=\"https:\/\/etab.ac-reunion.fr\/clg-joseph-bedier\/wp-content\/uploads\/sites\/79\/2013\/09\/logo-reunion-e-vert.jpg\"><img class=\"alignnone size-full wp-image-2152\" src=\"https:\/\/etab.ac-reunion.fr\/clg-joseph-bedier\/wp-content\/uploads\/sites\/79\/2013\/09\/logo-reunion-e-vert.jpg\" alt=\"logo-reunion-e-vert\" width=\"200\" height=\"100\" \/><\/a> &gt; Acad\u00e9mie de La R\u00e9union[\/caption]\n<p style=\"text-align: center\">[box]<\/p>\n<h2 style=\"text-align: center\"><span class=\"auto-style322\" style=\"color: #000000\"><strong>Coll\u00e8ge Joseph B\u00e9dier<\/strong><\/span><br class=\"style180\" style=\"color: #000000\" \/><span class=\"style180\" style=\"color: #000000\">105 Rue Joseph B\u00e9dier<\/span><br class=\"style180\" style=\"color: #000000\" \/><span class=\"style180\" style=\"color: #000000\">BP 504<\/span><br class=\"style180\" style=\"color: #000000\" \/><span class=\"style180\" style=\"color: #000000\">97440 Saint - Andr\u00e9<\/span><\/h2>\n<p style=\"text-align: center\"><span class=\"auto-style719\" style=\"color: #0000a3\"><strong>\u00eele de La R\u00e9union<\/strong><\/span><\/p>\n<p style=\"text-align: center\"><span class=\"style180\" style=\"color: #000000\">Tel : 0262 46 01 38<\/span><\/p>\n<h3 style=\"text-align: center\"><strong>Horaires des Cours<\/strong><\/h3>\n<p style=\"text-align: center\"><strong>\u00a0<\/strong>Lundi, Mardi, Jeudi, Vendredi : 7h25 \u00e0 11h40 13h20 \u00e0 16h30<\/p>\n<p style=\"text-align: center\">Mercredi : 7h25 \u00e0 11h40[\/box]<\/p>\n<p style=\"text-align: center\"><a href=\"https:\/\/etab.ac-reunion.fr\/clg-joseph-bedier\/wp-content\/uploads\/sites\/79\/2014\/06\/saintandrevueduciel1.jpg\"><img class=\"alignnone wp-image-279\" src=\"https:\/\/etab.ac-reunion.fr\/clg-joseph-bedier\/wp-content\/uploads\/sites\/79\/2014\/06\/saintandrevueduciel1.jpg\" alt=\"saintandrevueduciel1\" width=\"585\" height=\"698\" \/><\/a><\/p>\n<p style=\"text-align: center\"><strong style=\"color: #000000\"><span class=\"style140\"><a href=\"https:\/\/etab.ac-reunion.fr\/clg-joseph-bedier\/wp-content\/uploads\/sites\/79\/2013\/09\/reunion_carte_transparent.gif\"><img class=\"alignleft wp-image-286 size-full\" src=\"https:\/\/etab.ac-reunion.fr\/clg-joseph-bedier\/wp-content\/uploads\/sites\/79\/2013\/09\/reunion_carte_transparent.gif\" alt=\"reunion_carte_transparent\" width=\"435\" height=\"323\" \/><\/a>Situ\u00e9 \u00e0 l'est de la R\u00e9union<\/span><br class=\"style140\" \/><span class=\"style140\">Dans la ville de Saint -Andr\u00e9, ce coll\u00e8ge du centre ville porte le nom de Joseph B\u00e9dier.<\/span><\/strong><\/p>\n<p>[su_note note_color=\"#fcffff\" text_color=\"#8584a3\"]<\/p>\n<h2 style=\"text-align: center\">Qui \u00e9tait Joseph B\u00e9dier ?<\/h2>\n<p style=\"text-align: center\"><img class=\"alignnone wp-image-282 size-full\" src=\"https:\/\/etab.ac-reunion.fr\/clg-joseph-bedier\/wp-content\/uploads\/sites\/79\/2013\/09\/bedier.gif\" alt=\"bedier\" width=\"150\" height=\"130\" \/><\/p>\n<p><span style=\"color: #313131\"><span class=\"auto-style30\"><strong>N\u00e9 \u00e0 Paris, le 28 janvier 1864.<\/strong><\/span>\u00a0<br class=\"auto-style30\" \/><\/span><span style=\"color: #313131\"><span class=\"auto-style31\">Ce Breton d\u2019origine v\u00e9cut l<strong>es premi\u00e8res ann\u00e9es de sa vie \u00e0 la R\u00e9union\u00a0<\/strong>o\u00f9 ses anc\u00eatres s\u2019\u00e9taient install\u00e9s au XVIII<sup>e<\/sup><\/span><\/span><span style=\"color: #313131\"><span class=\"auto-style31\">\u00a0si\u00e8cle.<\/span><\/span><\/p>\n<p>Il vint \u00e0 Paris pour pr\u00e9parer le concours de l\u2019\u00c9cole Normale Sup\u00e9rieure, qu\u2019il r\u00e9ussit en 1883 avant de passer l\u2019agr\u00e9gation de lettres et d\u2019obtenir, en 1893, sa th\u00e8se de doctorat. Apr\u00e8s avoir enseign\u00e9 quelques ann\u00e9es en Suisse, \u00e0 l\u2019universit\u00e9 de Fribourg, il fut nomm\u00e9 ma\u00eetre de conf\u00e9rence \u00e0 la Facult\u00e9 de Caen puis \u00e0 l\u2019\u00c9cole Normale Sup\u00e9rieure. En 1903, lui fut enfin attribu\u00e9e la chaire de langue et de litt\u00e9rature fran\u00e7aise du Moyen \u00c2ge au Coll\u00e8ge de France, o\u00f9 il succ\u00e9dait \u00e0 son ma\u00eetre Gaston Paris.<\/p>\n<p>M\u00e9di\u00e9viste \u00e0 tous \u00e9gards exceptionnel, Joseph B\u00e9dier fit beaucoup pour la r\u00e9surrection des grands textes initiaux de la litt\u00e9rature fran\u00e7aise, en \u00e9tablissant d\u2019excellentes \u00e9ditions des Fabliaux (1893), de Tristan et Yseult (1900) et de La Chanson de Roland (1921). Il fut \u00e9galement avec Paul Hazard, acad\u00e9micien lui aussi, l\u2019auteur d\u2019une remarquable Histoire de la litt\u00e9rature fran\u00e7aise (1923-1924).<\/p>\n<p>Avant d\u2019\u00eatre nomm\u00e9 en 1929 administrateur du Coll\u00e8ge de France et d\u2019\u00eatre \u00e9lev\u00e9 \u00e0 la dignit\u00e9 de Grand-croix de la L\u00e9gion d\u2019honneur en 1937, il fut \u00e9lu \u00e0 l\u2019Acad\u00e9mie fran\u00e7aise, le 3 juin 1920, par 20 voix, au fauteuil d\u2019Edmond Rostand. Se pr\u00e9sentaient contre lui Francis Jammes qui obtint 8 voix, et un autre po\u00e8te, Paul Fort qui n\u2019en obtint que 2.<\/p>\n<p>Il fut re\u00e7u le 3 novembre 1921 par Louis Barthou.<\/p>\n<p>Mort le 29 ao\u00fbt 1938.[\/su_note]<\/p>\n\n<!-- wp:image {\"align\":\"center\",\"id\":5096,\"sizeSlug\":\"full\",\"linkDestination\":\"none\"} -->\n<div class=\"wp-block-image\"><figure class=\"aligncenter size-full\"><img src=\"https:\/\/etab.ac-reunion.fr\/clg-joseph-bedier\/wp-content\/uploads\/sites\/79\/2020\/08\/cropped-logo-college.png\" alt=\"\" class=\"wp-image-5096\" \/><\/figure><\/div>\n<!-- \/wp:image -->","_et_gb_content_width":"","footnotes":"","_links_to":"","_links_to_target":""},"class_list":["post-262","page","type-page","status-publish","hentry"],"_links":{"self":[{"href":"https:\/\/etab.ac-reunion.fr\/clg-joseph-bedier\/wp-json\/wp\/v2\/pages\/262","targetHints":{"allow":["GET"]}}],"collection":[{"href":"https:\/\/etab.ac-reunion.fr\/clg-joseph-bedier\/wp-json\/wp\/v2\/pages"}],"about":[{"href":"https:\/\/etab.ac-reunion.fr\/clg-joseph-bedier\/wp-json\/wp\/v2\/types\/page"}],"author":[{"embeddable":true,"href":"https:\/\/etab.ac-reunion.fr\/clg-joseph-bedier\/wp-json\/wp\/v2\/users\/1583"}],"replies":[{"embeddable":true,"href":"https:\/\/etab.ac-reunion.fr\/clg-joseph-bedier\/wp-json\/wp\/v2\/comments?post=262"}],"version-history":[{"count":50,"href":"https:\/\/etab.ac-reunion.fr\/clg-joseph-bedier\/wp-json\/wp\/v2\/pages\/262\/revisions"}],"predecessor-version":[{"id":19468,"href":"https:\/\/etab.ac-reunion.fr\/clg-joseph-bedier\/wp-json\/wp\/v2\/pages\/262\/revisions\/19468"}],"wp:attachment":[{"href":"https:\/\/etab.ac-reunion.fr\/clg-joseph-bedier\/wp-json\/wp\/v2\/media?parent=262"}],"curies":[{"name":"wp","href":"https:\/\/api.w.org\/{rel}","templated":true}]}}