{"id":29,"date":"2014-06-13T10:53:58","date_gmt":"2014-06-13T09:53:58","guid":{"rendered":"http:\/\/college-joseph-bedier.ac-reunion.fr\/?page_id=29"},"modified":"2024-12-09T12:35:16","modified_gmt":"2024-12-09T08:35:16","slug":"mention-legale","status":"publish","type":"page","link":"https:\/\/etab.ac-reunion.fr\/clg-joseph-bedier\/mention-legale\/","title":{"rendered":"Mentions l\u00e9gales"},"content":{"rendered":"<blockquote>\n<h2>Les mentions relatives \u00e0 l\u2019\u00e9tablissement<\/h2>\n<blockquote><p><strong>Coll\u00e8ge Joseph B\u00e9dier<\/strong><\/p>\n<p>Adresse :\u00a0 <span class=\"style180\">105 Rue Joseph B\u00e9dier<\/span><br class=\"style180\" \/><span class=\"style180\">\u00a0 \u00a0 \u00a0 \u00a0 \u00a0 \u00a0 \u00a0 \u00a0 \u00a0 \u00a0BP 504<\/span><br class=\"style180\" \/><span class=\"style180\">\u00a0 \u00a0 \u00a0 \u00a0 \u00a0 \u00a0 \u00a0 \u00a0 \u00a0 \u00a097440 Saint \u2013 Andr\u00e9<\/span><\/p>\n<p><span class=\"auto-style719\">\u00a0 \u00a0 \u00a0 \u00a0 \u00a0 \u00a0 \u00a0 \u00a0 \u00a0 \u00a0 \u00eele de La R\u00e9union<\/span><\/p>\n<p><span class=\"style180\">Tel : 0262 46 01 38<\/span><\/p>\n<p>Directeur de la publication : Serge MINATCHY<\/p>\n<p>Webmestre : Cl\u00e9mence ROUSSEL<\/p><\/blockquote>\n<h2>L\u2019h\u00e9bergeur du site<\/h2>\n<blockquote><p>Rectorat de l\u2019acad\u00e9mie de la R\u00e9union<\/p>\n<p>24, avenue Georges Brassens<br \/>\nCS 71003<br \/>\n97743 Saint Denis Cedex 9<\/p>\n<p>T\u00e9l.+262 (0)2 62 48 10 10<\/p><\/blockquote>\n<h2>Conditions d\u2019utilisation<\/h2>\n<blockquote><p>Sur ce site, les photos ne sont pas libres de droit. Elles sont prot\u00e9g\u00e9es par le Code de la Propri\u00e9t\u00e9 Intellectuelle (CPI).<\/p>\n<p>Sauf mention contraire, les textes sont r\u00e9utilisables dans le respect de la licence Creative Commons Attribution \u2013 Pas d\u2019Utilisation Commerciale \u2013 Partage dans les M\u00eames Conditions (CC BY-NC-SA).<\/p><\/blockquote>\n<\/blockquote>\n","protected":false},"excerpt":{"rendered":"<p>Les mentions relatives \u00e0 l\u2019\u00e9tablissement Coll\u00e8ge Joseph B\u00e9dier Adresse :\u00a0 105 Rue Joseph B\u00e9dier\u00a0 \u00a0 \u00a0 \u00a0 \u00a0 \u00a0 \u00a0 \u00a0 \u00a0 \u00a0BP 504\u00a0 \u00a0 \u00a0 \u00a0 \u00a0 \u00a0 \u00a0 [&hellip;]<\/p>\n","protected":false},"author":1583,"featured_media":0,"parent":0,"menu_order":0,"comment_status":"closed","ping_status":"closed","template":"","meta":{"_et_pb_use_builder":"","_et_pb_old_content":"","_et_gb_content_width":"","footnotes":"","_links_to":"","_links_to_target":""},"class_list":["post-29","page","type-page","status-publish","hentry"],"_links":{"self":[{"href":"https:\/\/etab.ac-reunion.fr\/clg-joseph-bedier\/wp-json\/wp\/v2\/pages\/29","targetHints":{"allow":["GET"]}}],"collection":[{"href":"https:\/\/etab.ac-reunion.fr\/clg-joseph-bedier\/wp-json\/wp\/v2\/pages"}],"about":[{"href":"https:\/\/etab.ac-reunion.fr\/clg-joseph-bedier\/wp-json\/wp\/v2\/types\/page"}],"author":[{"embeddable":true,"href":"https:\/\/etab.ac-reunion.fr\/clg-joseph-bedier\/wp-json\/wp\/v2\/users\/1583"}],"replies":[{"embeddable":true,"href":"https:\/\/etab.ac-reunion.fr\/clg-joseph-bedier\/wp-json\/wp\/v2\/comments?post=29"}],"version-history":[{"count":8,"href":"https:\/\/etab.ac-reunion.fr\/clg-joseph-bedier\/wp-json\/wp\/v2\/pages\/29\/revisions"}],"predecessor-version":[{"id":17122,"href":"https:\/\/etab.ac-reunion.fr\/clg-joseph-bedier\/wp-json\/wp\/v2\/pages\/29\/revisions\/17122"}],"wp:attachment":[{"href":"https:\/\/etab.ac-reunion.fr\/clg-joseph-bedier\/wp-json\/wp\/v2\/media?parent=29"}],"curies":[{"name":"wp","href":"https:\/\/api.w.org\/{rel}","templated":true}]}}