{"id":38,"date":"2014-06-13T10:59:12","date_gmt":"2014-06-13T09:59:12","guid":{"rendered":"http:\/\/college-joseph-bedier.ac-reunion.fr\/?page_id=38"},"modified":"2014-06-18T23:39:00","modified_gmt":"2014-06-18T19:39:00","slug":"plan-du-site","status":"publish","type":"page","link":"https:\/\/etab.ac-reunion.fr\/clg-joseph-bedier\/plan-du-site\/","title":{"rendered":"Plan du site"},"content":{"rendered":"\n<table id=\"tablepress-4\" class=\"tablepress tablepress-id-4\">\n<thead>\n<tr class=\"row-1\">\n\t<th class=\"column-1\">Menu Principal<\/th><th class=\"column-2\">Menu Secondaire<\/th><th class=\"column-3\">Mots-Cl\u00e9s<\/th>\n<\/tr>\n<\/thead>\n<tbody class=\"row-striping row-hover\">\n<tr class=\"row-2\">\n\t<td class=\"column-1\"><ul id=\"menu-menu-principal\" class=\"menu\"><li class=\"menu-item menu-item-type-post_type menu-item-object-page menu-item-home menu-item-10184\"><a href=\"https:\/\/etab.ac-reunion.fr\/clg-joseph-bedier\/\">Accueil CJB<\/a><\/li>\n<li class=\"menu-item menu-item-type-post_type menu-item-object-page menu-item-has-children menu-item-10182\"><a href=\"https:\/\/etab.ac-reunion.fr\/clg-joseph-bedier\/presentation-coordonnees\/\">Notre Coll\u00e8ge<\/a>\n<ul class=\"sub-menu\">\n\t<li class=\"menu-item menu-item-type-post_type menu-item-object-page menu-item-10185\"><a href=\"https:\/\/etab.ac-reunion.fr\/clg-joseph-bedier\/presentation-coordonnees\/\">Pr\u00e9sentation -Coordonn\u00e9es<\/a><\/li>\n\t<li class=\"menu-item menu-item-type-post_type menu-item-object-page menu-item-10183\"><a href=\"https:\/\/etab.ac-reunion.fr\/clg-joseph-bedier\/le-personnel-de-direction\/\">Le Personnel de Direction<\/a><\/li>\n<\/ul>\n<\/li>\n<li class=\"menu-item menu-item-type-taxonomy menu-item-object-category menu-item-has-children menu-item-10186\"><a href=\"https:\/\/etab.ac-reunion.fr\/clg-joseph-bedier\/category\/vie-de-letablissement\/informations\/\">Informations<\/a>\n<ul class=\"sub-menu\">\n\t<li class=\"menu-item menu-item-type-taxonomy menu-item-object-category menu-item-17183\"><a href=\"https:\/\/etab.ac-reunion.fr\/clg-joseph-bedier\/category\/orientation-3e\/\">Ann\u00e9e de 3e<\/a><\/li>\n\t<li class=\"menu-item menu-item-type-taxonomy menu-item-object-category menu-item-10189\"><a href=\"https:\/\/etab.ac-reunion.fr\/clg-joseph-bedier\/category\/vie-de-letablissement\/informations\/bourse-college-en-ligne\/\">Bourse Coll\u00e8ge en Ligne<\/a><\/li>\n\t<li class=\"menu-item menu-item-type-taxonomy menu-item-object-category menu-item-10194\"><a href=\"https:\/\/etab.ac-reunion.fr\/clg-joseph-bedier\/category\/securite\/\">S\u00e9curit\u00e9<\/a><\/li>\n<\/ul>\n<\/li>\n<li class=\"menu-item menu-item-type-custom menu-item-object-custom menu-item-has-children menu-item-19889\"><a href=\"#\">Vie de l&rsquo;\u00e9tablissement<\/a>\n<ul class=\"sub-menu\">\n\t<li class=\"menu-item menu-item-type-taxonomy menu-item-object-category menu-item-10193\"><a href=\"https:\/\/etab.ac-reunion.fr\/clg-joseph-bedier\/category\/vie-de-letablissement\/\">Vie de l&rsquo;\u00e9tablissement<\/a><\/li>\n\t<li class=\"menu-item menu-item-type-taxonomy menu-item-object-category menu-item-19581\"><a href=\"https:\/\/etab.ac-reunion.fr\/clg-joseph-bedier\/category\/sorties-eps\/\">Sorties EPS<\/a><\/li>\n\t<li class=\"menu-item menu-item-type-taxonomy menu-item-object-category menu-item-17689\"><a href=\"https:\/\/etab.ac-reunion.fr\/clg-joseph-bedier\/category\/eco-delegues\/\">\u00e9co-d\u00e9l\u00e9gu\u00e9s<\/a><\/li>\n\t<li class=\"menu-item menu-item-type-taxonomy menu-item-object-category menu-item-10200\"><a href=\"https:\/\/etab.ac-reunion.fr\/clg-joseph-bedier\/category\/vie-de-letablissement\/1evenements\/\">\u00c9v\u00e9nements<\/a><\/li>\n\t<li class=\"menu-item menu-item-type-taxonomy menu-item-object-category menu-item-14861\"><a href=\"https:\/\/etab.ac-reunion.fr\/clg-joseph-bedier\/category\/association-sportive\/\">Association Sportive<\/a><\/li>\n\t<li class=\"menu-item menu-item-type-taxonomy menu-item-object-category menu-item-10199\"><a href=\"https:\/\/etab.ac-reunion.fr\/clg-joseph-bedier\/category\/vie-de-letablissement\/edd\/\">EDD<\/a><\/li>\n\t<li class=\"menu-item menu-item-type-taxonomy menu-item-object-category menu-item-13262\"><a href=\"https:\/\/etab.ac-reunion.fr\/clg-joseph-bedier\/category\/vie-de-letablissement\/pei\/\">Association Parents d&rsquo;\u00e9l\u00e8ves PEI<\/a><\/li>\n\t<li class=\"menu-item menu-item-type-taxonomy menu-item-object-category menu-item-10198\"><a href=\"https:\/\/etab.ac-reunion.fr\/clg-joseph-bedier\/category\/vie-de-letablissement\/ecole-ouverte\/\">\u00c9cole Ouverte<\/a><\/li>\n\t<li class=\"menu-item menu-item-type-taxonomy menu-item-object-category menu-item-10656\"><a href=\"https:\/\/etab.ac-reunion.fr\/clg-joseph-bedier\/category\/vie-scolaire\/\">Vie Scolaire<\/a><\/li>\n<\/ul>\n<\/li>\n<li class=\"menu-item menu-item-type-taxonomy menu-item-object-category menu-item-has-children menu-item-10208\"><a href=\"https:\/\/etab.ac-reunion.fr\/clg-joseph-bedier\/category\/vie-de-letablissement\/projets\/\">Projets<\/a>\n<ul class=\"sub-menu\">\n\t<li class=\"menu-item menu-item-type-taxonomy menu-item-object-category menu-item-17682\"><a href=\"https:\/\/etab.ac-reunion.fr\/clg-joseph-bedier\/category\/challenge-economie-denergie\/\">challenge economie d&rsquo;energie<\/a><\/li>\n\t<li class=\"menu-item menu-item-type-taxonomy menu-item-object-category menu-item-16851\"><a href=\"https:\/\/etab.ac-reunion.fr\/clg-joseph-bedier\/category\/erasmus\/\">Voyage Espagne\/Erasmus+<\/a><\/li>\n\t<li class=\"menu-item menu-item-type-taxonomy menu-item-object-category menu-item-17709\"><a href=\"https:\/\/etab.ac-reunion.fr\/clg-joseph-bedier\/category\/webradio\/\">webradio<\/a><\/li>\n\t<li class=\"menu-item menu-item-type-taxonomy menu-item-object-category menu-item-10211\"><a href=\"https:\/\/etab.ac-reunion.fr\/clg-joseph-bedier\/category\/vie-de-letablissement\/autres-projets\/\">Autres Projets<\/a><\/li>\n<\/ul>\n<\/li>\n<li class=\"menu-item menu-item-type-taxonomy menu-item-object-category menu-item-has-children menu-item-10651\"><a href=\"https:\/\/etab.ac-reunion.fr\/clg-joseph-bedier\/category\/parcours-educatifs\/\">Parcours \u00c9ducatifs<\/a>\n<ul class=\"sub-menu\">\n\t<li class=\"menu-item menu-item-type-taxonomy menu-item-object-category menu-item-10652\"><a href=\"https:\/\/etab.ac-reunion.fr\/clg-joseph-bedier\/category\/parcours-educatifs\/parcours-avenir\/\">Parcours Avenir<\/a><\/li>\n\t<li class=\"menu-item menu-item-type-taxonomy menu-item-object-category menu-item-10653\"><a href=\"https:\/\/etab.ac-reunion.fr\/clg-joseph-bedier\/category\/parcours-educatifs\/parcours-citoyen\/\">Parcours Citoyen<\/a><\/li>\n\t<li class=\"menu-item menu-item-type-taxonomy menu-item-object-category menu-item-10654\"><a href=\"https:\/\/etab.ac-reunion.fr\/clg-joseph-bedier\/category\/parcours-educatifs\/parcours-deducation-artistique-et-culturelle\/\">Parcours d&rsquo;\u00c9ducation Artistique et Culturelle<\/a><\/li>\n\t<li class=\"menu-item menu-item-type-taxonomy menu-item-object-category menu-item-10655\"><a href=\"https:\/\/etab.ac-reunion.fr\/clg-joseph-bedier\/category\/parcours-educatifs\/parcours-educatifs-de-sante\/\">Parcours \u00c9ducatifs de Sant\u00e9<\/a><\/li>\n<\/ul>\n<\/li>\n<li class=\"menu-item menu-item-type-taxonomy menu-item-object-tribe_events_cat menu-item-11560\"><a href=\"https:\/\/etab.ac-reunion.fr\/clg-joseph-bedier\/events\/categorie\/agenda\/\">AGENDA<\/a><\/li>\n<li class=\"menu-item menu-item-type-taxonomy menu-item-object-category menu-item-16868\"><a href=\"https:\/\/etab.ac-reunion.fr\/clg-joseph-bedier\/category\/vie-de-letablissement\/informations\/\">Informations<\/a><\/li>\n<\/ul><\/td><td class=\"column-2\"><ul id=\"menu-menu-secondaire\" class=\"menu\"><li class=\"menu-item menu-item-type-custom menu-item-object-custom menu-item-10181\"><a href=\"https:\/\/sso.ac-reunion.fr\/login?service=https%3A%2F%2Fhubole.ac-reunion.fr%2Fedispatcher%2Fng%2Fhub\">ENT\/METICE<\/a><\/li>\n<li class=\"menu-item menu-item-type-custom menu-item-object-custom menu-item-10217\"><a href=\"https:\/\/etab.ac-reunion.fr\/clg-joseph-bedier\/wp-admin\/\">Connexion utilisateurs<\/a><\/li>\n<\/ul><\/td><td class=\"column-3\"><\/td>\n<\/tr>\n<\/tbody>\n<\/table>\n<!-- #tablepress-4 from cache -->\n","protected":false},"excerpt":{"rendered":"","protected":false},"author":1583,"featured_media":0,"parent":0,"menu_order":0,"comment_status":"closed","ping_status":"closed","template":"","meta":{"_et_pb_use_builder":"","_et_pb_old_content":"","_et_gb_content_width":"","footnotes":"","_links_to":"","_links_to_target":""},"class_list":["post-38","page","type-page","status-publish","hentry"],"_links":{"self":[{"href":"https:\/\/etab.ac-reunion.fr\/clg-joseph-bedier\/wp-json\/wp\/v2\/pages\/38","targetHints":{"allow":["GET"]}}],"collection":[{"href":"https:\/\/etab.ac-reunion.fr\/clg-joseph-bedier\/wp-json\/wp\/v2\/pages"}],"about":[{"href":"https:\/\/etab.ac-reunion.fr\/clg-joseph-bedier\/wp-json\/wp\/v2\/types\/page"}],"author":[{"embeddable":true,"href":"https:\/\/etab.ac-reunion.fr\/clg-joseph-bedier\/wp-json\/wp\/v2\/users\/1583"}],"replies":[{"embeddable":true,"href":"https:\/\/etab.ac-reunion.fr\/clg-joseph-bedier\/wp-json\/wp\/v2\/comments?post=38"}],"version-history":[{"count":3,"href":"https:\/\/etab.ac-reunion.fr\/clg-joseph-bedier\/wp-json\/wp\/v2\/pages\/38\/revisions"}],"predecessor-version":[{"id":562,"href":"https:\/\/etab.ac-reunion.fr\/clg-joseph-bedier\/wp-json\/wp\/v2\/pages\/38\/revisions\/562"}],"wp:attachment":[{"href":"https:\/\/etab.ac-reunion.fr\/clg-joseph-bedier\/wp-json\/wp\/v2\/media?parent=38"}],"curies":[{"name":"wp","href":"https:\/\/api.w.org\/{rel}","templated":true}]}}