{"id":4500,"date":"2019-03-21T13:51:31","date_gmt":"2019-03-21T09:51:31","guid":{"rendered":"http:\/\/college-joseph-bedier.ac-reunion.fr\/?page_id=4500"},"modified":"2019-03-21T13:51:31","modified_gmt":"2019-03-21T09:51:31","slug":"donnees-personnelles","status":"publish","type":"page","link":"https:\/\/etab.ac-reunion.fr\/clg-joseph-bedier\/donnees-personnelles\/","title":{"rendered":"Donn\u00e9es personnelles"},"content":{"rendered":"<p>L\u2019\u00e9tablissement traite des donn\u00e9es personnelles conform\u00e9ment au R\u00e8glement G\u00e9n\u00e9ral sur la Protection des Donn\u00e9es (RGPD) et \u00e0 la loi Informatiques et Libert\u00e9s.<\/p>\n<h2>Politique de protection des donn\u00e9es<\/h2>\n<p>Les informations fournies via le formulaire de contact sont transmises par protocole s\u00e9curis\u00e9 au destinataire pour traitement.<\/p>\n<h2>Exercez vos droits<\/h2>\n<p>Pour toute information ou exercice de vos droits Informatique et Libert\u00e9s sur les traitements de donn\u00e9es personnelles g\u00e9r\u00e9s par l\u2019\u00e9tablissement, vous pouvez contacter l\u2019\u00e9tablissement :<\/p>\n<p>par courrier (avec copie de votre pi\u00e8ce d\u2019identit\u00e9 en cas d\u2019exercice de vos droits) \u00e0 l\u2019adresse suivante :<\/p>\n<p>Coll\u00e8ge Joseph B\u00e9dier<\/p>\n<p><span class=\"style180\">105 Rue Joseph B\u00e9dier<\/span><br class=\"style180\" \/><span class=\"style180\">\u00a0\u00a0\u00a0\u00a0\u00a0\u00a0\u00a0\u00a0\u00a0\u00a0\u00a0\u00a0\u00a0\u00a0\u00a0\u00a0\u00a0\u00a0\u00a0\u00a0 BP 504<\/span><br class=\"style180\" \/><span class=\"style180\">\u00a0\u00a0\u00a0\u00a0\u00a0\u00a0\u00a0\u00a0\u00a0\u00a0\u00a0\u00a0\u00a0\u00a0\u00a0\u00a0\u00a0\u00a0\u00a0 97440 Saint \u2013 Andr\u00e9<\/span><\/p>\n<p><span class=\"auto-style719\">\u00a0\u00a0\u00a0\u00a0\u00a0\u00a0\u00a0\u00a0\u00a0\u00a0\u00a0\u00a0\u00a0\u00a0\u00a0\u00a0\u00a0\u00a0\u00a0\u00a0 \u00eele de La R\u00e9union<\/span><\/p>\n<p>&nbsp;<\/p>\n<h2>A propos des \u00ab\u00a0cookies\u00a0\u00bb<\/h2>\n<p>Les \u00ab\u00a0cookies\u00a0\u00bb sont des petits fichiers qui collectent des donn\u00e9es lors de l\u2019usage de sites internet.<\/p>\n<p>Trois types de cookies sont cr\u00e9\u00e9s lors de la consultation du site :<\/p>\n<h3>Cookies internes n\u00e9cessaires au site pour fonctionner<\/h3>\n<p>Exemples :<\/p>\n<ul>\n<li>PHPSESSID<\/li>\n<li>tarteaucitron<\/li>\n<\/ul>\n<h3>Cookie de mesure d\u2019audience<\/h3>\n<p>La mesure d\u2019audience se fait avec Matomo (ex-Piwik) o\u00f9 l\u2019adresse IP est anonymis\u00e9e sur 2 octets, conform\u00e9ment aux pr\u00e9conisations de la CNIL.<\/p>\n<h3>Cookies tiers li\u00e9s \u00e0 des contenus tiers en ligne<\/h3>\n<p>Des services tiers n\u00e9cessitent l\u2019acceptation des cookies pour fonctionner :<\/p>\n<ul>\n<li>Vid\u00e9os en ligne (Dailymotion, YouTube)<\/li>\n<li>Pr\u00e9sentations anim\u00e9es (Mindomo, Prezi)<\/li>\n<\/ul>\n<p>&nbsp;<\/p>\n<p>Un lien\u00a0 vers la\u00a0<a href=\"https:\/\/etab.ac-reunion.fr\/clg-joseph-bedier\/mention-legale\/\">Page Mentions l\u00e9gales.<\/a><\/p>\n","protected":false},"excerpt":{"rendered":"<p>L\u2019\u00e9tablissement traite des donn\u00e9es personnelles conform\u00e9ment au R\u00e8glement G\u00e9n\u00e9ral sur la Protection des Donn\u00e9es (RGPD) et \u00e0 la loi Informatiques et Libert\u00e9s. Politique de protection des donn\u00e9es Les informations fournies [&hellip;]<\/p>\n","protected":false},"author":1583,"featured_media":0,"parent":0,"menu_order":0,"comment_status":"closed","ping_status":"closed","template":"","meta":{"_et_pb_use_builder":"","_et_pb_old_content":"","_et_gb_content_width":"","footnotes":"","_links_to":"","_links_to_target":""},"class_list":["post-4500","page","type-page","status-publish","hentry"],"_links":{"self":[{"href":"https:\/\/etab.ac-reunion.fr\/clg-joseph-bedier\/wp-json\/wp\/v2\/pages\/4500","targetHints":{"allow":["GET"]}}],"collection":[{"href":"https:\/\/etab.ac-reunion.fr\/clg-joseph-bedier\/wp-json\/wp\/v2\/pages"}],"about":[{"href":"https:\/\/etab.ac-reunion.fr\/clg-joseph-bedier\/wp-json\/wp\/v2\/types\/page"}],"author":[{"embeddable":true,"href":"https:\/\/etab.ac-reunion.fr\/clg-joseph-bedier\/wp-json\/wp\/v2\/users\/1583"}],"replies":[{"embeddable":true,"href":"https:\/\/etab.ac-reunion.fr\/clg-joseph-bedier\/wp-json\/wp\/v2\/comments?post=4500"}],"version-history":[{"count":1,"href":"https:\/\/etab.ac-reunion.fr\/clg-joseph-bedier\/wp-json\/wp\/v2\/pages\/4500\/revisions"}],"predecessor-version":[{"id":4502,"href":"https:\/\/etab.ac-reunion.fr\/clg-joseph-bedier\/wp-json\/wp\/v2\/pages\/4500\/revisions\/4502"}],"wp:attachment":[{"href":"https:\/\/etab.ac-reunion.fr\/clg-joseph-bedier\/wp-json\/wp\/v2\/media?parent=4500"}],"curies":[{"name":"wp","href":"https:\/\/api.w.org\/{rel}","templated":true}]}}