{"id":1071,"date":"2017-07-01T21:16:46","date_gmt":"2017-07-01T17:16:46","guid":{"rendered":"http:\/\/college-joseph-hubert.ac-reunion.fr\/?page_id=1071"},"modified":"2019-03-01T12:24:39","modified_gmt":"2019-03-01T08:24:39","slug":"projet-e-twinning-2017-2018-autour-des-jardins-europeens-avec-5-partenaires-italie-danemark-lituanie-macedoine-et-tunisie","status":"publish","type":"page","link":"https:\/\/etab.ac-reunion.fr\/clg-joseph-hubert\/projet-e-twinning-2017-2018-autour-des-jardins-europeens-avec-5-partenaires-italie-danemark-lituanie-macedoine-et-tunisie\/","title":{"rendered":"Projet e-Twinning 2017-2018 autour des jardins Europ\u00e9ens, avec 5 partenaires : Italie, Danemark, Lituanie, Mac\u00e9doine et Tunisie"},"content":{"rendered":"<h3>\u201cMon jardin, ton jardin, nos jardins europ\u00e9ens et \u2026\u2026..extra-europ\u00e9ens aussi !!\u201d<\/h3>\n<h3><strong>Objectif :<\/strong><\/h3>\n<h3>Le projet permettra aux \u00e9l\u00e8ves de se conna\u00eetre et conna\u00eetre un autre pays europ\u00e9en au travers sa v\u00e9g\u00e9tation et ses cultures dans un espace proche : les jardins scolaires, les jardins familiaux, les jardins \u00e0 la campagne, les jardins-potagers, la v\u00e9g\u00e9tation sauvage.<\/h3>\n<h3>En outre il mettra en valeur la bio diversit\u00e9 europ\u00e9enne\/extra-europ\u00e9enne au travers les \u00e9changes interactifs, ludiques, scientifiques, culinaires et artistiques.<\/h3>\n<h3><\/h3>\n<ul>\n<li>\n<h2>Proc\u00e9dure de travail<\/h2>\n<\/li>\n<\/ul>\n<h3><span style=\"color: #0000ff\"><em>Etape 1 : Septembre Octobre Novembre<\/em><\/span><\/h3>\n<h3>1) \u00c9change de mails pour l\u2019\u00e9laboration du projet. Ouverture du projet, inscription des \u00e9l\u00e8ves sur le TwinSpace, cr\u00e9ation de comptes et de profils. Pr\u00e9sentation des \u00e9l\u00e8ves et connaissance des uns des autres.<\/h3>\n<h3>2) Description de ces jardins, des terroirs, leur situation et leur organisation, forme libre: dessins; vid\u00e9os, textes, photos\u2026.<\/h3>\n<h3>3) Cr\u00e9ation d\u2019un logo pour le twinspace avec vote en ligne.<\/h3>\n<h3><\/h3>\n<h3><\/h3>\n<h3><span style=\"color: #0000ff\"><em>Etape 2 : D\u00e9cembre Janvier F\u00e9vrier<\/em><\/span><\/h3>\n<h3>Faire l&rsquo;inventaire des diff\u00e9rents types de v\u00e9g\u00e9tations ou cultures de nos pays respectifs en travaillant sur leurs origines historiques, g\u00e9ographiques et \u00e9tymologiques.<\/h3>\n<h3>Cr\u00e9ation d&rsquo;un catalogue collectif :<\/h3>\n<h3>&#8211; \u00abCartes d\u2019identit\u00e9\u00bb des v\u00e9g\u00e9taux qui seront pr\u00e9sent\u00e9s sur le twinspace.<\/h3>\n<h3>&#8211; Points communs et diff\u00e9rences ( et jeux pour tester les connaissances ! ).<\/h3>\n<h3>Commencer \u00e0 r\u00e9aliser les exp\u00e9riences scientifiques et les expos\u00e9s sur les croissances des v\u00e9g\u00e9taux.<\/h3>\n<h3><\/h3>\n<h3><\/h3>\n<h3><span style=\"color: #0000ff\"><em>Etape 3 : Mars-Avril<\/em><\/span><\/h3>\n<h3>Aborder cette v\u00e9g\u00e9tation au travers des traditions culinaires locales avec l&rsquo;id\u00e9e \u00ab\u00a0du potager \u00e0 l&rsquo;assiette\u00a0\u00bb.<\/h3>\n<h3>Partager des recettes, chaque pays devra proposer et aussi r\u00e9aliser, si possible, au moins une recette.<\/h3>\n<h3>Expliquer comment ces produits sont utilis\u00e9s dans leur cuisine locale et nationale.<\/h3>\n<h3><\/h3>\n<h3><\/h3>\n<h3><span style=\"color: #0000ff\"><em>Etape 4 : Mai<\/em><\/span><\/h3>\n<h3><strong>Etape finale :<\/strong><\/h3>\n<h3>Elaborer de mani\u00e8re collective et collaborative une r\u00e9alisation europ\u00e9enne\/extraeurop\u00e9enne sur les jardins\/terroirs, dans le twinspace par des \u00e9quipes internationales (de chaque pays du projet).<\/h3>\n<h3>R\u00e9alisation (type e-book ou carte mentale?) qui synth\u00e9tise tout ce qu&rsquo;on a appris.<\/h3>\n<h3><strong>R\u00e9sultats attendus :<br \/>\n<\/strong><\/h3>\n<h3>Am\u00e9lioration des comp\u00e9tences linguistiques, scientifiques, sociales, culturelles et interculturelles, et TICE.<\/h3>\n<h3>Respect de l\u2019environnement, et conscience de la n\u00e9cessit\u00e9 de s\u2019impliquer comme citoyen dans le d\u00e9veloppement durable.<\/h3>\n<h3>R\u00e9alisation d\u2019un e-book collectif, ou carte mentale.<\/h3>\n<p>&nbsp;<\/p>\n<h3 style=\"text-align: center\"><span style=\"color: #0000ff\">Extrait du journal le Quotidien du 26 avril 2017<\/span><\/h3>\n<p style=\"text-align: center\"><a href=\"https:\/\/etab.ac-reunion.fr\/clg-joseph-hubert\/wp-content\/uploads\/sites\/65\/2017\/07\/extrait-quotidien-projet-e-twinning-ulis-2016-2017.pdf\">extrait quotidien projet e twinning ulis 2016-2017<\/a><\/p>\n<p><img loading=\"lazy\" decoding=\"async\" class=\"size-full wp-image-1079 aligncenter\" src=\"https:\/\/etab.ac-reunion.fr\/clg-joseph-hubert\/wp-content\/uploads\/sites\/65\/2017\/07\/extrait-quotidien-projet-e-twinning-ulis-IMG_4837.jpg\" alt=\"\" width=\"640\" height=\"480\" srcset=\"https:\/\/etab.ac-reunion.fr\/clg-joseph-hubert\/wp-content\/uploads\/sites\/65\/2017\/07\/extrait-quotidien-projet-e-twinning-ulis-IMG_4837.jpg 640w, https:\/\/etab.ac-reunion.fr\/clg-joseph-hubert\/wp-content\/uploads\/sites\/65\/2017\/07\/extrait-quotidien-projet-e-twinning-ulis-IMG_4837-300x225.jpg 300w\" sizes=\"auto, (max-width: 640px) 100vw, 640px\" \/>\u00a0\u00a0 <img loading=\"lazy\" decoding=\"async\" class=\"aligncenter wp-image-1078 size-full\" src=\"https:\/\/etab.ac-reunion.fr\/clg-joseph-hubert\/wp-content\/uploads\/sites\/65\/2017\/07\/extrait-quotidien-projet-e-twinning-ulis-IMG_4747-e1499322651397.jpg\" alt=\"\" width=\"800\" height=\"449\" \/><\/p>\n<p>&nbsp;<\/p>\n<h3 style=\"text-align: center\"><span style=\"color: #0000ff\">Les diff\u00e9rents liens pour les pages publiques de notre \u00ab\u00a0Twinspace\u00a0\u00bb<\/span><\/h3>\n<p>&nbsp;<\/p>\n<p style=\"text-align: center\"><a class=\"moz-txt-link-freetext\" href=\"https:\/\/twinspace.etwinning.net\/24216\/home\" target=\"_blank\" rel=\"noopener\"><a href='https:\/\/twinspace.etwinning.net\/24216\/home' class='small-button smallblue' target=\"_blank\">Voir le Twinspace public<\/a>\u00a0\u00a0\u00a0\u00a0<a href='https:\/\/twinspace.etwinning.net\/24216\/pages\/page\/227435' class='small-button smallblue' target=\"_blank\">Voir les r\u00e9sultats de notre travail<\/a> \u00a0\u00a0<a href='https:\/\/twinspace.etwinning.net\/24216\/pages\/page\/198910' class='small-button smallblue' target=\"_blank\">Voir le travail collaboratif final<\/a> <\/a><\/p>\n<p>&nbsp;<\/p>\n<p>&nbsp;<\/p>\n<p>&nbsp;<\/p>\n<h3 style=\"text-align: center\"><span style=\"color: #0000ff\">Quelques uns de nos travaux<\/span><\/h3>\n<p>Pr\u00e9sentation des jardins, exemple Rohan :<\/p>\n<p style=\"text-align: center\"><a href=\"https:\/\/spark.adobe.com\/page\/khnmiH0tORLFr\/\" target=\"_blank\" rel=\"noopener\">Mon jardin, ma v\u00e9g\u00e9tation<\/a><\/p>\n<p>Le manioc :<\/p>\n<p style=\"text-align: center\"><a href=\"https:\/\/spark.adobe.com\/video\/kuCdOqOk2txHi\">Le manioc expliqu\u00e9 par les \u00e9l\u00e8ves de la R\u00e9union<\/a><\/p>\n<p>&nbsp;<\/p>\n<p>Une recette Italiano-cr\u00e9ole :<\/p>\n<p style=\"text-align: center\"><a href=\"https:\/\/spark.adobe.com\/page\/69dPBN20IIzNM\/\" target=\"_blank\" rel=\"noopener\">Les aranccinis \u00e0 la cr\u00e9ole<\/a><\/p>\n<p>les goyaviers :<\/p>\n<p style=\"text-align: center\"><a href=\"https:\/\/spark.adobe.com\/video\/YHJ5Y85dQGHeo\" target=\"_blank\" rel=\"noopener\">Les goyaviers, en mai \u00e0 la R\u00e9union<\/a><\/p>\n<p>exemples de \u00ab\u00a0live\u00a0\u00bb avec les partenaires :<\/p>\n<p><script>document.addEventListener('DOMContentLoaded', function() {(tarteaucitron.job = tarteaucitron.job || []).push('vimeo');});<\/script><\/p>\n<div class=\"vimeo_player\" videoID=\"221139261\" width=\"100%\" height=\"100%\" style=\"height:50vw\"><\/div>\n<p>On apprend m\u00eame \u00e0 parler cr\u00e9ole aux partenaires !!!!<\/p>\n<p><script>document.addEventListener('DOMContentLoaded', function() {(tarteaucitron.job = tarteaucitron.job || []).push('vimeo');});<\/script><\/p>\n<div class=\"vimeo_player\" videoID=\"220832716\" width=\"100%\" height=\"100%\" style=\"height:50vw\"><\/div>\n<p>Une remise des prix !!!!<\/p>\n<p style=\"text-align: center\"><a href=\"https:\/\/spark.adobe.com\/video\/Rrr4JqiOjj9l7\" target=\"_blank\" rel=\"noopener\">Remise des Troph\u00e9es joseph Hubert<\/a><\/p>\n","protected":false},"excerpt":{"rendered":"<p>\u201cMon jardin, ton jardin, nos jardins europ\u00e9ens et \u2026\u2026..extra-europ\u00e9ens aussi !!\u201d Objectif : Le projet permettra aux \u00e9l\u00e8ves de se conna\u00eetre et conna\u00eetre un autre pays europ\u00e9en au travers sa v\u00e9g\u00e9tation et ses cultures dans un espace proche : les&#8230;<\/p>\n<p class=\"continue-reading-button\"> <a class=\"continue-reading-link\" href=\"https:\/\/etab.ac-reunion.fr\/clg-joseph-hubert\/projet-e-twinning-2017-2018-autour-des-jardins-europeens-avec-5-partenaires-italie-danemark-lituanie-macedoine-et-tunisie\/\">Lire la suite<i class=\"crycon-right-dir\"><\/i><\/a><\/p>\n","protected":false},"author":3822,"featured_media":0,"parent":0,"menu_order":0,"comment_status":"closed","ping_status":"closed","template":"page-full.php","meta":{"footnotes":""},"class_list":["post-1071","page","type-page","status-publish","hentry"],"_links":{"self":[{"href":"https:\/\/etab.ac-reunion.fr\/clg-joseph-hubert\/wp-json\/wp\/v2\/pages\/1071","targetHints":{"allow":["GET"]}}],"collection":[{"href":"https:\/\/etab.ac-reunion.fr\/clg-joseph-hubert\/wp-json\/wp\/v2\/pages"}],"about":[{"href":"https:\/\/etab.ac-reunion.fr\/clg-joseph-hubert\/wp-json\/wp\/v2\/types\/page"}],"author":[{"embeddable":true,"href":"https:\/\/etab.ac-reunion.fr\/clg-joseph-hubert\/wp-json\/wp\/v2\/users\/3822"}],"replies":[{"embeddable":true,"href":"https:\/\/etab.ac-reunion.fr\/clg-joseph-hubert\/wp-json\/wp\/v2\/comments?post=1071"}],"version-history":[{"count":33,"href":"https:\/\/etab.ac-reunion.fr\/clg-joseph-hubert\/wp-json\/wp\/v2\/pages\/1071\/revisions"}],"predecessor-version":[{"id":1643,"href":"https:\/\/etab.ac-reunion.fr\/clg-joseph-hubert\/wp-json\/wp\/v2\/pages\/1071\/revisions\/1643"}],"wp:attachment":[{"href":"https:\/\/etab.ac-reunion.fr\/clg-joseph-hubert\/wp-json\/wp\/v2\/media?parent=1071"}],"curies":[{"name":"wp","href":"https:\/\/api.w.org\/{rel}","templated":true}]}}