{"id":127,"date":"2015-07-04T08:48:12","date_gmt":"2015-07-04T04:48:12","guid":{"rendered":"http:\/\/college-joseph-hubert-tmp.ac-reunion.fr\/?page_id=127"},"modified":"2025-04-10T13:43:39","modified_gmt":"2025-04-10T09:43:39","slug":"le-cdi","status":"publish","type":"page","link":"https:\/\/etab.ac-reunion.fr\/clg-joseph-hubert\/le-cdi\/","title":{"rendered":"Le CDI : pr\u00e9sentation"},"content":{"rendered":"<p align=\"center\"><span style=\"color: #ff0000\"><b><span style=\"font-family: Century Gothic;font-size: large\"> Le CDI du coll\u00e8ge Joseph Hubert <\/span><\/b>\u00a0<\/span><\/p>\n<p style=\"text-align: center\">Ca n\u2019est peut-\u00eatre pas le plus joli CDI de l\u2019\u00eele, mais en tout cas c\u2019est par cette porte qu\u2019on se presse pour y entrer. C\u2019est une petite terre promise pour tous les \u00e9l\u00e8ves de mon coll\u00e8ge, filles et gar\u00e7ons de toutes les couleurs, des hauts et des bas, qui veulent y venir pour faire leurs devoirs de coll\u00e9giens, causer avec les copains, se reposer, surfer sur le net, et parfois m\u00eame, \u00f4 surprise, y lire des livres !!!<\/p>\n<p><a href=\"https:\/\/etab.ac-reunion.fr\/clg-joseph-hubert\/wp-content\/uploads\/sites\/65\/2015\/07\/cdi.jpg\"><img loading=\"lazy\" decoding=\"async\" class=\"aligncenter  wp-image-128\" src=\"https:\/\/etab.ac-reunion.fr\/clg-joseph-hubert\/wp-content\/uploads\/sites\/65\/2015\/07\/cdi-150x150.jpg\" alt=\"cdi\" width=\"169\" height=\"169\" srcset=\"https:\/\/etab.ac-reunion.fr\/clg-joseph-hubert\/wp-content\/uploads\/sites\/65\/2015\/07\/cdi-150x150.jpg 150w, https:\/\/etab.ac-reunion.fr\/clg-joseph-hubert\/wp-content\/uploads\/sites\/65\/2015\/07\/cdi-178x178.jpg 178w, https:\/\/etab.ac-reunion.fr\/clg-joseph-hubert\/wp-content\/uploads\/sites\/65\/2015\/07\/cdi-184x184.jpg 184w\" sizes=\"auto, (max-width: 169px) 100vw, 169px\" \/><\/a><\/p>\n<div class=\"paragraph Body\" style=\"text-align: center\">Ci-contre, le c\u00f4t\u00e9 des documentaires avec quelques \u00e9l\u00e8ves qui planchent sur les ordinateurs.<br \/>\nEn bas, le c\u00f4t\u00e9 des fictions&#8230;<\/div>\n<div class=\"paragraph Body\" style=\"text-align: center\">Pas grand monde, on est en premi\u00e8re heure, un vendredi matin&#8230; C\u2019est tranquille&#8230;<\/div>\n<div class=\"paragraph Body\" style=\"text-align: center\"><a href=\"https:\/\/etab.ac-reunion.fr\/clg-joseph-hubert\/wp-content\/uploads\/sites\/65\/2015\/07\/cdi2.jpg\"><img loading=\"lazy\" decoding=\"async\" class=\"aligncenter size-thumbnail wp-image-129\" src=\"https:\/\/etab.ac-reunion.fr\/clg-joseph-hubert\/wp-content\/uploads\/sites\/65\/2015\/07\/cdi2-150x150.jpg\" alt=\"cdi2\" width=\"150\" height=\"150\" srcset=\"https:\/\/etab.ac-reunion.fr\/clg-joseph-hubert\/wp-content\/uploads\/sites\/65\/2015\/07\/cdi2-150x150.jpg 150w, https:\/\/etab.ac-reunion.fr\/clg-joseph-hubert\/wp-content\/uploads\/sites\/65\/2015\/07\/cdi2-178x178.jpg 178w, https:\/\/etab.ac-reunion.fr\/clg-joseph-hubert\/wp-content\/uploads\/sites\/65\/2015\/07\/cdi2-184x184.jpg 184w\" sizes=\"auto, (max-width: 150px) 100vw, 150px\" \/><\/a>Sur 6528 livres, notre CDI compte environ 2100 livres documentaires, rang\u00e9s par ordre croissant de cote de 0 \u00e0 999, selon les principes de la classification d\u00e9cimale Dewey&#8230;<\/div>\n<div class=\"paragraph Body\" style=\"text-align: center\"><a href=\"https:\/\/etab.ac-reunion.fr\/clg-joseph-hubert\/wp-content\/uploads\/sites\/65\/2015\/07\/cdi3.jpg\"><img loading=\"lazy\" decoding=\"async\" class=\"aligncenter size-thumbnail wp-image-130\" src=\"https:\/\/etab.ac-reunion.fr\/clg-joseph-hubert\/wp-content\/uploads\/sites\/65\/2015\/07\/cdi3-150x150.jpg\" alt=\"cdi3\" width=\"150\" height=\"150\" srcset=\"https:\/\/etab.ac-reunion.fr\/clg-joseph-hubert\/wp-content\/uploads\/sites\/65\/2015\/07\/cdi3-150x150.jpg 150w, https:\/\/etab.ac-reunion.fr\/clg-joseph-hubert\/wp-content\/uploads\/sites\/65\/2015\/07\/cdi3-178x178.jpg 178w, https:\/\/etab.ac-reunion.fr\/clg-joseph-hubert\/wp-content\/uploads\/sites\/65\/2015\/07\/cdi3-184x184.jpg 184w\" sizes=\"auto, (max-width: 150px) 100vw, 150px\" \/><\/a>Le coin des p\u00e9riodiques&#8230; 1700 revues, journaux, magazines dont nous exposons en acc\u00e8s libre les 10 derni\u00e8res ann\u00e9es de chaque titre.<\/div>\n<div class=\"paragraph Body\" style=\"text-align: center\"><a href=\"https:\/\/etab.ac-reunion.fr\/clg-joseph-hubert\/wp-content\/uploads\/sites\/65\/2015\/07\/cdi4.jpg\"><img loading=\"lazy\" decoding=\"async\" class=\"aligncenter size-thumbnail wp-image-131\" src=\"https:\/\/etab.ac-reunion.fr\/clg-joseph-hubert\/wp-content\/uploads\/sites\/65\/2015\/07\/cdi4-150x150.jpg\" alt=\"cdi4\" width=\"150\" height=\"150\" srcset=\"https:\/\/etab.ac-reunion.fr\/clg-joseph-hubert\/wp-content\/uploads\/sites\/65\/2015\/07\/cdi4-150x150.jpg 150w, https:\/\/etab.ac-reunion.fr\/clg-joseph-hubert\/wp-content\/uploads\/sites\/65\/2015\/07\/cdi4-178x178.jpg 178w, https:\/\/etab.ac-reunion.fr\/clg-joseph-hubert\/wp-content\/uploads\/sites\/65\/2015\/07\/cdi4-184x184.jpg 184w\" sizes=\"auto, (max-width: 150px) 100vw, 150px\" \/><\/a>En retrait sur la gauche du bureau, la documentation de l\u2019Onisep sur les m\u00e9tiers et les formations dans son joli meuble \u00e0 casiers tout neuf et tout pimpant&#8230;<\/div>\n<div class=\"paragraph Body\" style=\"text-align: center\"><a href=\"https:\/\/etab.ac-reunion.fr\/clg-joseph-hubert\/wp-content\/uploads\/sites\/65\/2015\/07\/cdi6.jpg\"><img loading=\"lazy\" decoding=\"async\" class=\"aligncenter size-thumbnail wp-image-133\" src=\"https:\/\/etab.ac-reunion.fr\/clg-joseph-hubert\/wp-content\/uploads\/sites\/65\/2015\/07\/cdi6-150x150.jpg\" alt=\"cdi6\" width=\"150\" height=\"150\" srcset=\"https:\/\/etab.ac-reunion.fr\/clg-joseph-hubert\/wp-content\/uploads\/sites\/65\/2015\/07\/cdi6-150x150.jpg 150w, https:\/\/etab.ac-reunion.fr\/clg-joseph-hubert\/wp-content\/uploads\/sites\/65\/2015\/07\/cdi6-178x178.jpg 178w, https:\/\/etab.ac-reunion.fr\/clg-joseph-hubert\/wp-content\/uploads\/sites\/65\/2015\/07\/cdi6-184x184.jpg 184w\" sizes=\"auto, (max-width: 150px) 100vw, 150px\" \/><\/a>Toujours dans le m\u00eame espace, nos stations de travail permettent aux \u00e9l\u00e8ves de chercher des documents du CDI par sujet, par titre, \u00e0 partir du nom d\u2019un auteur sur le logiciel BCDI, ou encore de partir \u00e0 la p\u00eache aux infos sur le net&#8230;<\/div>\n","protected":false},"excerpt":{"rendered":"<p>Le CDI du coll\u00e8ge Joseph Hubert \u00a0 Ca n\u2019est peut-\u00eatre pas le plus joli CDI de l\u2019\u00eele, mais en tout cas c\u2019est par cette porte qu\u2019on se presse pour y entrer. C\u2019est une petite terre promise pour tous les \u00e9l\u00e8ves&#8230;<\/p>\n<p class=\"continue-reading-button\"> <a class=\"continue-reading-link\" href=\"https:\/\/etab.ac-reunion.fr\/clg-joseph-hubert\/le-cdi\/\">Lire la suite<i class=\"crycon-right-dir\"><\/i><\/a><\/p>\n","protected":false},"author":3822,"featured_media":0,"parent":0,"menu_order":0,"comment_status":"closed","ping_status":"closed","template":"","meta":{"footnotes":""},"class_list":["post-127","page","type-page","status-publish","hentry"],"_links":{"self":[{"href":"https:\/\/etab.ac-reunion.fr\/clg-joseph-hubert\/wp-json\/wp\/v2\/pages\/127","targetHints":{"allow":["GET"]}}],"collection":[{"href":"https:\/\/etab.ac-reunion.fr\/clg-joseph-hubert\/wp-json\/wp\/v2\/pages"}],"about":[{"href":"https:\/\/etab.ac-reunion.fr\/clg-joseph-hubert\/wp-json\/wp\/v2\/types\/page"}],"author":[{"embeddable":true,"href":"https:\/\/etab.ac-reunion.fr\/clg-joseph-hubert\/wp-json\/wp\/v2\/users\/3822"}],"replies":[{"embeddable":true,"href":"https:\/\/etab.ac-reunion.fr\/clg-joseph-hubert\/wp-json\/wp\/v2\/comments?post=127"}],"version-history":[{"count":3,"href":"https:\/\/etab.ac-reunion.fr\/clg-joseph-hubert\/wp-json\/wp\/v2\/pages\/127\/revisions"}],"predecessor-version":[{"id":3682,"href":"https:\/\/etab.ac-reunion.fr\/clg-joseph-hubert\/wp-json\/wp\/v2\/pages\/127\/revisions\/3682"}],"wp:attachment":[{"href":"https:\/\/etab.ac-reunion.fr\/clg-joseph-hubert\/wp-json\/wp\/v2\/media?parent=127"}],"curies":[{"name":"wp","href":"https:\/\/api.w.org\/{rel}","templated":true}]}}