{"id":1289,"date":"2018-01-07T08:08:42","date_gmt":"2018-01-07T04:08:42","guid":{"rendered":"http:\/\/college-joseph-hubert.ac-reunion.fr\/?page_id=1289"},"modified":"2018-01-07T08:08:42","modified_gmt":"2018-01-07T04:08:42","slug":"le-premier-ka2-du-college-un-potager-et-une-cuisine-a-partager-pour-effacer-la-distance-et-la-difference","status":"publish","type":"page","link":"https:\/\/etab.ac-reunion.fr\/clg-joseph-hubert\/le-premier-ka2-du-college-un-potager-et-une-cuisine-a-partager-pour-effacer-la-distance-et-la-difference\/","title":{"rendered":"Le premier KA2 du coll\u00e8ge : Un potager et une cuisine \u00e0 partager pour effacer la distance et la diff\u00e9rence !"},"content":{"rendered":"<h1 style=\"text-align: center\"><a href=\"https:\/\/etab.ac-reunion.fr\/clg-joseph-hubert\/ka2-2017-1-fr01-ka219-037319_1-un-potager-et-une-cuisine-a-partager-pour-effacer-la-distance-et-la-difference\/\">Cliquez ici pour voir le contenu de cette rubrique (menu ERASMUS+ du site)<\/a><\/h1>\n","protected":false},"excerpt":{"rendered":"<p>Cliquez ici pour voir le contenu de cette rubrique (menu ERASMUS+ du site)<\/p>\n<p class=\"continue-reading-button\"> <a class=\"continue-reading-link\" href=\"https:\/\/etab.ac-reunion.fr\/clg-joseph-hubert\/le-premier-ka2-du-college-un-potager-et-une-cuisine-a-partager-pour-effacer-la-distance-et-la-difference\/\">Lire la suite<i class=\"crycon-right-dir\"><\/i><\/a><\/p>\n","protected":false},"author":3822,"featured_media":0,"parent":0,"menu_order":0,"comment_status":"closed","ping_status":"closed","template":"","meta":{"footnotes":""},"class_list":["post-1289","page","type-page","status-publish","hentry"],"_links":{"self":[{"href":"https:\/\/etab.ac-reunion.fr\/clg-joseph-hubert\/wp-json\/wp\/v2\/pages\/1289","targetHints":{"allow":["GET"]}}],"collection":[{"href":"https:\/\/etab.ac-reunion.fr\/clg-joseph-hubert\/wp-json\/wp\/v2\/pages"}],"about":[{"href":"https:\/\/etab.ac-reunion.fr\/clg-joseph-hubert\/wp-json\/wp\/v2\/types\/page"}],"author":[{"embeddable":true,"href":"https:\/\/etab.ac-reunion.fr\/clg-joseph-hubert\/wp-json\/wp\/v2\/users\/3822"}],"replies":[{"embeddable":true,"href":"https:\/\/etab.ac-reunion.fr\/clg-joseph-hubert\/wp-json\/wp\/v2\/comments?post=1289"}],"version-history":[{"count":3,"href":"https:\/\/etab.ac-reunion.fr\/clg-joseph-hubert\/wp-json\/wp\/v2\/pages\/1289\/revisions"}],"predecessor-version":[{"id":1292,"href":"https:\/\/etab.ac-reunion.fr\/clg-joseph-hubert\/wp-json\/wp\/v2\/pages\/1289\/revisions\/1292"}],"wp:attachment":[{"href":"https:\/\/etab.ac-reunion.fr\/clg-joseph-hubert\/wp-json\/wp\/v2\/media?parent=1289"}],"curies":[{"name":"wp","href":"https:\/\/api.w.org\/{rel}","templated":true}]}}