{"id":1302,"date":"2018-01-08T08:15:43","date_gmt":"2018-01-08T04:15:43","guid":{"rendered":"http:\/\/college-joseph-hubert.ac-reunion.fr\/?page_id=1302"},"modified":"2019-03-01T12:28:37","modified_gmt":"2019-03-01T08:28:37","slug":"vie-de-classe-annee-2017-2018","status":"publish","type":"page","link":"https:\/\/etab.ac-reunion.fr\/clg-joseph-hubert\/vie-de-classe-annee-2017-2018\/","title":{"rendered":"Vie de classe : ann\u00e9e 2017-2018"},"content":{"rendered":"<p><script>document.addEventListener('DOMContentLoaded', function() {(tarteaucitron.job = tarteaucitron.job || []).push('youtube');});<\/script><\/p>\n<div class=\"youtube_player\" videoID=\"eKYHv4j0q_4\" width=\"100%\" height=\"100%\" style=\"height:50vw\" theme=\"light\" rel=\"0\" controls=\"1\" showinfo=\"1\" autoplay=\"0\"><\/div>\n<p><script>document.addEventListener('DOMContentLoaded', function() {(tarteaucitron.job = tarteaucitron.job || []).push('youtube');});<\/script><\/p>\n<div class=\"youtube_player\" videoID=\"TrMCmCXpnH4\" width=\"100%\" height=\"100%\" style=\"height:50vw\" theme=\"light\" rel=\"0\" controls=\"1\" showinfo=\"1\" autoplay=\"0\"><\/div>\n<p><script>document.addEventListener('DOMContentLoaded', function() {(tarteaucitron.job = tarteaucitron.job || []).push('youtube');});<\/script><\/p>\n<div class=\"youtube_player\" videoID=\"RWvS4NUzPzI\" width=\"100%\" height=\"100%\" style=\"height:50vw\" theme=\"light\" rel=\"0\" controls=\"1\" showinfo=\"1\" autoplay=\"0\"><\/div>\n<h3><\/h3>\n<h3>Nous avons visit\u00e9 la nouvelle m\u00e9diath\u00e8que de Saint Jo et avons fait faire nos cartes.<\/h3>\n<p><script>document.addEventListener('DOMContentLoaded', function() {(tarteaucitron.job = tarteaucitron.job || []).push('youtube');});<\/script><\/p>\n<div class=\"youtube_player\" videoID=\"VIwaRQ0sxto\" width=\"100%\" height=\"100%\" style=\"height:50vw\" theme=\"light\" rel=\"0\" controls=\"1\" showinfo=\"1\" autoplay=\"0\"><\/div>\n<h3><\/h3>\n<h3>Comme chaque ann\u00e9e, nous organisons pour le d\u00e9part de nos \u00a0\u00bb sortants\u00a0\u00bb, un gouter pendant lequel nos jeunes doivent pr\u00e9parer un discours.<br \/>\nC&rsquo;est toujours tr\u00e8s \u00e9mouvant!<br \/>\nBon vent \u00e0 nos grands !<\/h3>\n<h3 style=\"text-align: center\"><\/h3>\n<p><script>document.addEventListener('DOMContentLoaded', function() {(tarteaucitron.job = tarteaucitron.job || []).push('youtube');});<\/script><\/p>\n<div class=\"youtube_player\" videoID=\"We9335va96I\" width=\"100%\" height=\"100%\" style=\"height:50vw\" theme=\"light\" rel=\"0\" controls=\"1\" showinfo=\"1\" autoplay=\"0\"><\/div>\n<h3><\/h3>\n<h3><\/h3>\n<h3><\/h3>\n","protected":false},"excerpt":{"rendered":"<p>Nous avons visit\u00e9 la nouvelle m\u00e9diath\u00e8que de Saint Jo et avons fait faire nos cartes. Comme chaque ann\u00e9e, nous organisons pour le d\u00e9part de nos \u00a0\u00bb sortants\u00a0\u00bb, un gouter pendant lequel nos jeunes doivent pr\u00e9parer un discours. C&rsquo;est toujours tr\u00e8s&#8230;<\/p>\n<p class=\"continue-reading-button\"> <a class=\"continue-reading-link\" href=\"https:\/\/etab.ac-reunion.fr\/clg-joseph-hubert\/vie-de-classe-annee-2017-2018\/\">Lire la suite<i class=\"crycon-right-dir\"><\/i><\/a><\/p>\n","protected":false},"author":3822,"featured_media":0,"parent":0,"menu_order":0,"comment_status":"closed","ping_status":"closed","template":"","meta":{"footnotes":""},"class_list":["post-1302","page","type-page","status-publish","hentry"],"_links":{"self":[{"href":"https:\/\/etab.ac-reunion.fr\/clg-joseph-hubert\/wp-json\/wp\/v2\/pages\/1302","targetHints":{"allow":["GET"]}}],"collection":[{"href":"https:\/\/etab.ac-reunion.fr\/clg-joseph-hubert\/wp-json\/wp\/v2\/pages"}],"about":[{"href":"https:\/\/etab.ac-reunion.fr\/clg-joseph-hubert\/wp-json\/wp\/v2\/types\/page"}],"author":[{"embeddable":true,"href":"https:\/\/etab.ac-reunion.fr\/clg-joseph-hubert\/wp-json\/wp\/v2\/users\/3822"}],"replies":[{"embeddable":true,"href":"https:\/\/etab.ac-reunion.fr\/clg-joseph-hubert\/wp-json\/wp\/v2\/comments?post=1302"}],"version-history":[{"count":9,"href":"https:\/\/etab.ac-reunion.fr\/clg-joseph-hubert\/wp-json\/wp\/v2\/pages\/1302\/revisions"}],"predecessor-version":[{"id":1645,"href":"https:\/\/etab.ac-reunion.fr\/clg-joseph-hubert\/wp-json\/wp\/v2\/pages\/1302\/revisions\/1645"}],"wp:attachment":[{"href":"https:\/\/etab.ac-reunion.fr\/clg-joseph-hubert\/wp-json\/wp\/v2\/media?parent=1302"}],"curies":[{"name":"wp","href":"https:\/\/api.w.org\/{rel}","templated":true}]}}