{"id":1444,"date":"2018-05-28T19:00:46","date_gmt":"2018-05-28T15:00:46","guid":{"rendered":"http:\/\/college-joseph-hubert.ac-reunion.fr\/?page_id=1444"},"modified":"2019-03-01T12:40:03","modified_gmt":"2019-03-01T08:40:03","slug":"revue-numerique-fantastiques","status":"publish","type":"page","link":"https:\/\/etab.ac-reunion.fr\/clg-joseph-hubert\/revue-numerique-fantastiques\/","title":{"rendered":"Revue num\u00e9rique \u00ab\u00a0Fantastiques &#8230;\u00a0\u00bb"},"content":{"rendered":"<h3>Vous pouvez consulter ci-dessous la revue num\u00e9rique r\u00e9alis\u00e9e par la classe de 4e2. Bravo \u00e0 eux pour ce travail.<\/h3>\n<p>&nbsp;<\/p>\n<h2 style=\"text-align: center\"><a href=\"https:\/\/madmagz.com\/fr\/magazine\/1295825\" target=\"_blank\" rel=\"noopener\">Cliquez ici pour lire la revue<\/a><\/h2>\n<p style=\"text-align: center\">\n","protected":false},"excerpt":{"rendered":"<p>Vous pouvez consulter ci-dessous la revue num\u00e9rique r\u00e9alis\u00e9e par la classe de 4e2. Bravo \u00e0 eux pour ce travail. &nbsp; Cliquez ici pour lire la revue<\/p>\n<p class=\"continue-reading-button\"> <a class=\"continue-reading-link\" href=\"https:\/\/etab.ac-reunion.fr\/clg-joseph-hubert\/revue-numerique-fantastiques\/\">Lire la suite<i class=\"crycon-right-dir\"><\/i><\/a><\/p>\n","protected":false},"author":3822,"featured_media":0,"parent":0,"menu_order":0,"comment_status":"closed","ping_status":"closed","template":"","meta":{"footnotes":""},"class_list":["post-1444","page","type-page","status-publish","hentry"],"_links":{"self":[{"href":"https:\/\/etab.ac-reunion.fr\/clg-joseph-hubert\/wp-json\/wp\/v2\/pages\/1444","targetHints":{"allow":["GET"]}}],"collection":[{"href":"https:\/\/etab.ac-reunion.fr\/clg-joseph-hubert\/wp-json\/wp\/v2\/pages"}],"about":[{"href":"https:\/\/etab.ac-reunion.fr\/clg-joseph-hubert\/wp-json\/wp\/v2\/types\/page"}],"author":[{"embeddable":true,"href":"https:\/\/etab.ac-reunion.fr\/clg-joseph-hubert\/wp-json\/wp\/v2\/users\/3822"}],"replies":[{"embeddable":true,"href":"https:\/\/etab.ac-reunion.fr\/clg-joseph-hubert\/wp-json\/wp\/v2\/comments?post=1444"}],"version-history":[{"count":3,"href":"https:\/\/etab.ac-reunion.fr\/clg-joseph-hubert\/wp-json\/wp\/v2\/pages\/1444\/revisions"}],"predecessor-version":[{"id":1653,"href":"https:\/\/etab.ac-reunion.fr\/clg-joseph-hubert\/wp-json\/wp\/v2\/pages\/1444\/revisions\/1653"}],"wp:attachment":[{"href":"https:\/\/etab.ac-reunion.fr\/clg-joseph-hubert\/wp-json\/wp\/v2\/media?parent=1444"}],"curies":[{"name":"wp","href":"https:\/\/api.w.org\/{rel}","templated":true}]}}