{"id":1595,"date":"2019-03-01T09:06:26","date_gmt":"2019-03-01T05:06:26","guid":{"rendered":"http:\/\/college-joseph-hubert.ac-reunion.fr\/?page_id=1595"},"modified":"2025-07-03T12:05:11","modified_gmt":"2025-07-03T08:05:11","slug":"contacter-le-college","status":"publish","type":"page","link":"https:\/\/etab.ac-reunion.fr\/clg-joseph-hubert\/contacter-le-college\/","title":{"rendered":"Contacter le coll\u00e8ge"},"content":{"rendered":"\n<p>Vous pouvez contacter le coll\u00e8ge par t\u00e9l\u00e9phone ou par courriel.<br><br>T\u00e9l\u00e9phone :   02 62 56 51 94<br><br>Courriel : <a href=\"mailto:ce.9740577j@ac-reunion.fr\">ce.9740577j@ac-reunion.fr<\/a><br><\/p>\n","protected":false},"excerpt":{"rendered":"<p>Vous pouvez contacter le coll\u00e8ge par t\u00e9l\u00e9phone ou par courriel. T\u00e9l\u00e9phone : 02 62 56 51 94 Courriel : ce.9740577j@ac-reunion.fr<\/p>\n<p class=\"continue-reading-button\"> <a class=\"continue-reading-link\" href=\"https:\/\/etab.ac-reunion.fr\/clg-joseph-hubert\/contacter-le-college\/\">Lire la suite<i class=\"crycon-right-dir\"><\/i><\/a><\/p>\n","protected":false},"author":3822,"featured_media":0,"parent":0,"menu_order":0,"comment_status":"closed","ping_status":"closed","template":"","meta":{"footnotes":""},"class_list":["post-1595","page","type-page","status-publish","hentry"],"_links":{"self":[{"href":"https:\/\/etab.ac-reunion.fr\/clg-joseph-hubert\/wp-json\/wp\/v2\/pages\/1595","targetHints":{"allow":["GET"]}}],"collection":[{"href":"https:\/\/etab.ac-reunion.fr\/clg-joseph-hubert\/wp-json\/wp\/v2\/pages"}],"about":[{"href":"https:\/\/etab.ac-reunion.fr\/clg-joseph-hubert\/wp-json\/wp\/v2\/types\/page"}],"author":[{"embeddable":true,"href":"https:\/\/etab.ac-reunion.fr\/clg-joseph-hubert\/wp-json\/wp\/v2\/users\/3822"}],"replies":[{"embeddable":true,"href":"https:\/\/etab.ac-reunion.fr\/clg-joseph-hubert\/wp-json\/wp\/v2\/comments?post=1595"}],"version-history":[{"count":6,"href":"https:\/\/etab.ac-reunion.fr\/clg-joseph-hubert\/wp-json\/wp\/v2\/pages\/1595\/revisions"}],"predecessor-version":[{"id":3795,"href":"https:\/\/etab.ac-reunion.fr\/clg-joseph-hubert\/wp-json\/wp\/v2\/pages\/1595\/revisions\/3795"}],"wp:attachment":[{"href":"https:\/\/etab.ac-reunion.fr\/clg-joseph-hubert\/wp-json\/wp\/v2\/media?parent=1595"}],"curies":[{"name":"wp","href":"https:\/\/api.w.org\/{rel}","templated":true}]}}