{"id":180,"date":"2015-07-05T16:30:13","date_gmt":"2015-07-05T12:30:13","guid":{"rendered":"http:\/\/college-joseph-hubert-tmp.ac-reunion.fr\/?page_id=180"},"modified":"2015-07-05T16:30:13","modified_gmt":"2015-07-05T12:30:13","slug":"reception-du-public","status":"publish","type":"page","link":"https:\/\/etab.ac-reunion.fr\/clg-joseph-hubert\/reception-du-public\/","title":{"rendered":"R\u00e9ception du public"},"content":{"rendered":"<p style=\"text-align: center\">\n<table id=\"tablepress-2\" class=\"tablepress tablepress-id-2\">\n<thead>\n<tr class=\"row-1\">\n\t<th class=\"column-1\">PRINCIPAL, PRINCIPAL ADJOINT<\/th><th class=\"column-2\">R\u00e9ception des parents sur rendez-vous.<br \/>\nR\u00e9ception du personnel aux heures d'ouverture des bureaux<br \/>\nR\u00e9ception des \u00e9l\u00e8ves : s'adresser au secr\u00e9tariat<\/th>\n<\/tr>\n<\/thead>\n<tbody class=\"row-striping row-hover\">\n<tr class=\"row-2\">\n\t<td class=\"column-1\">SECRETARIAT DE DIRECTION ET INTENDANCE<\/td><td class=\"column-2\">Ouvert tous les jours de 7h45 \u00e0 12h00 et de 12H45 \u00e0 17h00 ( sauf le mercredi apr\u00e8s midi)<\/td>\n<\/tr>\n<tr class=\"row-3\">\n\t<td class=\"column-1\">GESTIONNAIRE<\/td><td class=\"column-2\">R\u00e9ception sur rendez vous<\/td>\n<\/tr>\n<tr class=\"row-4\">\n\t<td class=\"column-1\">CONSEILLER D'EDUCATION<\/td><td class=\"column-2\">Re\u00e7oit tous les jours de classes sauf le mercredi apr\u00e8s midi<\/td>\n<\/tr>\n<tr class=\"row-5\">\n\t<td class=\"column-1\">INFIRMIERE<\/td><td class=\"column-2\">Re\u00e7oit les \u00e9l\u00e8ves :<br \/>\n        - le lundi, mardi et jeudi de 7h30 \u00e0 16h30<br \/>\n        - le mercredi de 8h \u00e0 12h<br \/>\n        - le vendredi de 7h30 \u00e0 15h30<\/td>\n<\/tr>\n<tr class=\"row-6\">\n\t<td class=\"column-1\">ASSISTANTE SOCIALE<\/td><td class=\"column-2\">R\u00e9ception des parents et des \u00e9l\u00e8ves sur rendez-vous pris soit aupr\u00e8s du CPE soit au bureau de la vie scolaire.<br \/>\nPermanence au coll\u00e8ge : lundi et jeudi matin <br \/>\nRDV : les autres jours<\/td>\n<\/tr>\n<tr class=\"row-7\">\n\t<td class=\"column-1\">CONSEILLER D'ORIENTATION-PSYCHOLOGUE<\/td><td class=\"column-2\">R\u00e9ception des parents et des \u00e9l\u00e8ves, au coll\u00e8ge, le mardi sur rendez-vous pris soit aupr\u00e8s du CPE soit au bureau de la vie scolaire<br \/>\nPermanence au coll\u00e8ge : mardi matin de 8h \u00e0 12h et de 13h \u00e016h et mercredi de 8h \u00e0 12h <\/td>\n<\/tr>\n<\/tbody>\n<\/table>\n<!-- #tablepress-2 from cache -->\n","protected":false},"excerpt":{"rendered":"<p class=\"continue-reading-button\"> <a class=\"continue-reading-link\" href=\"https:\/\/etab.ac-reunion.fr\/clg-joseph-hubert\/reception-du-public\/\">Lire la suite<i class=\"crycon-right-dir\"><\/i><\/a><\/p>\n","protected":false},"author":3822,"featured_media":0,"parent":0,"menu_order":0,"comment_status":"closed","ping_status":"closed","template":"","meta":{"footnotes":""},"class_list":["post-180","page","type-page","status-publish","hentry"],"_links":{"self":[{"href":"https:\/\/etab.ac-reunion.fr\/clg-joseph-hubert\/wp-json\/wp\/v2\/pages\/180","targetHints":{"allow":["GET"]}}],"collection":[{"href":"https:\/\/etab.ac-reunion.fr\/clg-joseph-hubert\/wp-json\/wp\/v2\/pages"}],"about":[{"href":"https:\/\/etab.ac-reunion.fr\/clg-joseph-hubert\/wp-json\/wp\/v2\/types\/page"}],"author":[{"embeddable":true,"href":"https:\/\/etab.ac-reunion.fr\/clg-joseph-hubert\/wp-json\/wp\/v2\/users\/3822"}],"replies":[{"embeddable":true,"href":"https:\/\/etab.ac-reunion.fr\/clg-joseph-hubert\/wp-json\/wp\/v2\/comments?post=180"}],"version-history":[{"count":1,"href":"https:\/\/etab.ac-reunion.fr\/clg-joseph-hubert\/wp-json\/wp\/v2\/pages\/180\/revisions"}],"predecessor-version":[{"id":181,"href":"https:\/\/etab.ac-reunion.fr\/clg-joseph-hubert\/wp-json\/wp\/v2\/pages\/180\/revisions\/181"}],"wp:attachment":[{"href":"https:\/\/etab.ac-reunion.fr\/clg-joseph-hubert\/wp-json\/wp\/v2\/media?parent=180"}],"curies":[{"name":"wp","href":"https:\/\/api.w.org\/{rel}","templated":true}]}}