{"id":2138,"date":"2023-09-01T18:39:58","date_gmt":"2023-09-01T14:39:58","guid":{"rendered":"http:\/\/college-joseph-hubert.ac-reunion.fr\/?page_id=2138"},"modified":"2026-03-30T11:00:51","modified_gmt":"2026-03-30T07:00:51","slug":"menu-de-la-restauration-scolaire","status":"publish","type":"page","link":"https:\/\/etab.ac-reunion.fr\/clg-joseph-hubert\/menu-de-la-restauration-scolaire\/","title":{"rendered":"Menu de la restauration scolaire"},"content":{"rendered":"\n<p class=\"has-medium-font-size\">Vous trouverez ci-dessous le menu de la cantine du coll\u00e8ge (sous r\u00e9serve de la bonne r\u00e9ception des marchandises) :<br><\/p>\n\n\n\n<figure class=\"wp-block-image size-full\"><img loading=\"lazy\" decoding=\"async\" width=\"1280\" height=\"709\" src=\"https:\/\/etab.ac-reunion.fr\/clg-joseph-hubert\/wp-content\/uploads\/sites\/65\/2026\/03\/260330-Menu.png\" alt=\"\" class=\"wp-image-3934\" srcset=\"https:\/\/etab.ac-reunion.fr\/clg-joseph-hubert\/wp-content\/uploads\/sites\/65\/2026\/03\/260330-Menu.png 1280w, https:\/\/etab.ac-reunion.fr\/clg-joseph-hubert\/wp-content\/uploads\/sites\/65\/2026\/03\/260330-Menu-300x166.png 300w, https:\/\/etab.ac-reunion.fr\/clg-joseph-hubert\/wp-content\/uploads\/sites\/65\/2026\/03\/260330-Menu-1024x567.png 1024w, https:\/\/etab.ac-reunion.fr\/clg-joseph-hubert\/wp-content\/uploads\/sites\/65\/2026\/03\/260330-Menu-768x425.png 768w, https:\/\/etab.ac-reunion.fr\/clg-joseph-hubert\/wp-content\/uploads\/sites\/65\/2026\/03\/260330-Menu-250x138.png 250w, https:\/\/etab.ac-reunion.fr\/clg-joseph-hubert\/wp-content\/uploads\/sites\/65\/2026\/03\/260330-Menu-150x83.png 150w, https:\/\/etab.ac-reunion.fr\/clg-joseph-hubert\/wp-content\/uploads\/sites\/65\/2026\/03\/260330-Menu-327x180.png 327w\" sizes=\"auto, (max-width: 1280px) 100vw, 1280px\" \/><\/figure>\n\n\n\n<p><\/p>\n","protected":false},"excerpt":{"rendered":"<p>Vous trouverez ci-dessous le menu de la cantine du coll\u00e8ge (sous r\u00e9serve de la bonne r\u00e9ception des marchandises) :<\/p>\n<p class=\"continue-reading-button\"> <a class=\"continue-reading-link\" href=\"https:\/\/etab.ac-reunion.fr\/clg-joseph-hubert\/menu-de-la-restauration-scolaire\/\">Lire la suite<i class=\"crycon-right-dir\"><\/i><\/a><\/p>\n","protected":false},"author":3822,"featured_media":2131,"parent":0,"menu_order":0,"comment_status":"closed","ping_status":"closed","template":"","meta":{"footnotes":""},"class_list":["post-2138","page","type-page","status-publish","has-post-thumbnail","hentry"],"_links":{"self":[{"href":"https:\/\/etab.ac-reunion.fr\/clg-joseph-hubert\/wp-json\/wp\/v2\/pages\/2138","targetHints":{"allow":["GET"]}}],"collection":[{"href":"https:\/\/etab.ac-reunion.fr\/clg-joseph-hubert\/wp-json\/wp\/v2\/pages"}],"about":[{"href":"https:\/\/etab.ac-reunion.fr\/clg-joseph-hubert\/wp-json\/wp\/v2\/types\/page"}],"author":[{"embeddable":true,"href":"https:\/\/etab.ac-reunion.fr\/clg-joseph-hubert\/wp-json\/wp\/v2\/users\/3822"}],"replies":[{"embeddable":true,"href":"https:\/\/etab.ac-reunion.fr\/clg-joseph-hubert\/wp-json\/wp\/v2\/comments?post=2138"}],"version-history":[{"count":206,"href":"https:\/\/etab.ac-reunion.fr\/clg-joseph-hubert\/wp-json\/wp\/v2\/pages\/2138\/revisions"}],"predecessor-version":[{"id":3935,"href":"https:\/\/etab.ac-reunion.fr\/clg-joseph-hubert\/wp-json\/wp\/v2\/pages\/2138\/revisions\/3935"}],"wp:featuredmedia":[{"embeddable":true,"href":"https:\/\/etab.ac-reunion.fr\/clg-joseph-hubert\/wp-json\/wp\/v2\/media\/2131"}],"wp:attachment":[{"href":"https:\/\/etab.ac-reunion.fr\/clg-joseph-hubert\/wp-json\/wp\/v2\/media?parent=2138"}],"curies":[{"name":"wp","href":"https:\/\/api.w.org\/{rel}","templated":true}]}}