{"id":215,"date":"2015-07-06T09:07:52","date_gmt":"2015-07-06T05:07:52","guid":{"rendered":"http:\/\/college-joseph-hubert-tmp.ac-reunion.fr\/?page_id=215"},"modified":"2025-06-25T21:10:43","modified_gmt":"2025-06-25T17:10:43","slug":"projet-detablissement-2025-2030","status":"publish","type":"page","link":"https:\/\/etab.ac-reunion.fr\/clg-joseph-hubert\/projet-detablissement-2025-2030\/","title":{"rendered":"Projet d&rsquo;\u00e9tablissement 2025-2030"},"content":{"rendered":"\n<p>Voici le rapport d&rsquo;auto-\u00e9valuation ainsi que le rapport d&rsquo;\u00e9valuation externe r\u00e9alis\u00e9s en 2024 afin de pr\u00e9parer le projet d&rsquo;\u00e9tablissement et le contrat d&rsquo;objectifs pour les ann\u00e9es 2025 \u00e0 2030 :<\/p>\n\n\n\n<div class=\"wp-block-buttons is-content-justification-center is-layout-flex wp-container-core-buttons-is-layout-16018d1d wp-block-buttons-is-layout-flex\">\n<div class=\"wp-block-button\"><a class=\"wp-block-button__link wp-element-button\" href=\"https:\/\/etab.ac-reunion.fr\/clg-joseph-hubert\/wp-content\/uploads\/sites\/65\/2025\/06\/Rapport_auto-evaluation.pdf\">Rapport d&rsquo;auto-\u00e9valuation<\/a><\/div>\n\n\n\n<div class=\"wp-block-button\"><a class=\"wp-block-button__link has-text-align-left wp-element-button\" href=\"https:\/\/etab.ac-reunion.fr\/clg-joseph-hubert\/wp-content\/uploads\/sites\/65\/2025\/06\/Rapport_evaluation_externe.pdf\">Rapport d&rsquo;\u00e9valuation externe<\/a><\/div>\n<\/div>\n\n\n\n<p><\/p>\n","protected":false},"excerpt":{"rendered":"<p>Voici le rapport d&rsquo;auto-\u00e9valuation ainsi que le rapport d&rsquo;\u00e9valuation externe r\u00e9alis\u00e9s en 2024 afin de pr\u00e9parer le projet d&rsquo;\u00e9tablissement et le contrat d&rsquo;objectifs pour les ann\u00e9es 2025 \u00e0 2030 :<\/p>\n<p class=\"continue-reading-button\"> <a class=\"continue-reading-link\" href=\"https:\/\/etab.ac-reunion.fr\/clg-joseph-hubert\/projet-detablissement-2025-2030\/\">Lire la suite<i class=\"crycon-right-dir\"><\/i><\/a><\/p>\n","protected":false},"author":3822,"featured_media":0,"parent":0,"menu_order":0,"comment_status":"closed","ping_status":"closed","template":"","meta":{"footnotes":""},"class_list":["post-215","page","type-page","status-publish","hentry"],"_links":{"self":[{"href":"https:\/\/etab.ac-reunion.fr\/clg-joseph-hubert\/wp-json\/wp\/v2\/pages\/215","targetHints":{"allow":["GET"]}}],"collection":[{"href":"https:\/\/etab.ac-reunion.fr\/clg-joseph-hubert\/wp-json\/wp\/v2\/pages"}],"about":[{"href":"https:\/\/etab.ac-reunion.fr\/clg-joseph-hubert\/wp-json\/wp\/v2\/types\/page"}],"author":[{"embeddable":true,"href":"https:\/\/etab.ac-reunion.fr\/clg-joseph-hubert\/wp-json\/wp\/v2\/users\/3822"}],"replies":[{"embeddable":true,"href":"https:\/\/etab.ac-reunion.fr\/clg-joseph-hubert\/wp-json\/wp\/v2\/comments?post=215"}],"version-history":[{"count":9,"href":"https:\/\/etab.ac-reunion.fr\/clg-joseph-hubert\/wp-json\/wp\/v2\/pages\/215\/revisions"}],"predecessor-version":[{"id":3741,"href":"https:\/\/etab.ac-reunion.fr\/clg-joseph-hubert\/wp-json\/wp\/v2\/pages\/215\/revisions\/3741"}],"wp:attachment":[{"href":"https:\/\/etab.ac-reunion.fr\/clg-joseph-hubert\/wp-json\/wp\/v2\/media?parent=215"}],"curies":[{"name":"wp","href":"https:\/\/api.w.org\/{rel}","templated":true}]}}