{"id":262,"date":"2015-07-06T12:48:04","date_gmt":"2015-07-06T08:48:04","guid":{"rendered":"http:\/\/college-joseph-hubert-tmp.ac-reunion.fr\/?page_id=262"},"modified":"2015-07-06T12:48:04","modified_gmt":"2015-07-06T08:48:04","slug":"la-section-sportive-football","status":"publish","type":"page","link":"https:\/\/etab.ac-reunion.fr\/clg-joseph-hubert\/la-section-sportive-football\/","title":{"rendered":"La section sportive football"},"content":{"rendered":"<p>&nbsp;<\/p>\n<p>L&rsquo; Historique<\/p>\n<p><strong> Au<\/strong><strong> coll\u00e8ge nous avons quatre classes de perfectionnement sportif en football : une classe pour chaque niveau. En plus du planning normal de travail propos\u00e9 au coll\u00e8ge, les \u00e9l\u00e8ves de ces classes doivent faire quatre heures de foot par semaine.<\/strong><br \/>\nLa SSF a \u00e9t\u00e9 cr\u00e9\u00e9e en 1997 pour permettre aux \u00e9l\u00e8ves de coll\u00e8ge d&rsquo;avoir des heures de football en plus, en dehors de leur club, pour se perfectionner et avoir des ouvertures vers la m\u00e9tropole si le niveau devient int\u00e9ressant.<\/p>\n<p>.<br \/>\n<b><i>Le championnat acad\u00e9mique de la R\u00e9union<\/i><\/b><br \/>\n<b><i><br \/>\n<\/i><\/b>La premi\u00e8re partie du championnat se passe dans des poules qualificatives avec des \u00e9quipes qui viennent des r\u00e9gions Nord et Sud afin d&rsquo; acc\u00e9der aux phases finales. Les 2 meilleures \u00e9quipes de chaque groupe sont qualifi\u00e9es. Les quarts de finale, les demi-finales et la finale vont permettre de d\u00e9signer le vainqueur du championnat qui ira\u00a0 en m\u00e9tropole\u00a0 pour y jouer le championnat acad\u00e9mique de France.<\/p>\n<p>Mercredi 2 mars 2011 pour la quatri\u00e8me fois et la deuxi\u00e8me ann\u00e9e cons\u00e9cutive l&rsquo;\u00e9quipe minime de notre coll\u00e8ge remporte le championnat acad\u00e9mique de la R\u00e9union en battant en demi-finale Terrain Fayard 3 buts \u00e0 1 et en finale\u00a0 Montgaillard 2buts \u00e0 O . Le championnat de France \u00e0 Saint-Pantal\u00e9on pr\u00e8s de Limoges sera leur prochain challenge !!!<\/p>\n<p><em>Le point de vue de Mr BENARD ( le C.p.e) :<\/em><\/p>\n<p>* Que repr\u00e9sente le foot pour vous ?<\/p>\n<p><em>\u00a0\u00a0\u00a0\u00a0\u00a0\u00a0\u00a0\u00a0 &#8211; C&rsquo;est le sport que j&rsquo;ai pratiqu\u00e9, que j&rsquo;aime. Je crois que le football est un moyen d&rsquo;int\u00e9gration qui aide le jeune \u00e0 s&rsquo;\u00e9panouir.<\/p>\n<p><\/em>* Pourquoi le foot au coll\u00e8ge ?<\/p>\n<p><em>&#8211; Le coll\u00e8ge a \u00e9t\u00e9 sollicit\u00e9 il y a quelques ann\u00e9es par les \u00e9ducateurs de l&rsquo;Excelsior pour la formation des jeunes de la commune.<\/em><\/p>\n<p>* Quel est votre r\u00f4le dans ce domaine ?<\/p>\n<p><em>\u00a0&#8211; En tant que Cpe il n&rsquo;y a pas d&rsquo;intervention \u00e0 faire, c&rsquo;est une classe comme les autres. Ceci dit je suis en relation avec les \u00e9ducateurs de l&rsquo;Excelsior et Mr LORICOURT qui est le coordonnateur de la section dans le cadre du suivi des \u00e9l\u00e8ves et des relations avec les parents.<\/em><\/p>\n<p><em>\u00a0\u00a0\u00a0 <\/em> * Qu&rsquo;attendez-vous de ces \u00e9l\u00e8ves ? <em>\u00a0\u00a0\u00a0\u00a0\u00a0\u00a0\u00a0\u00a0\u00a0\u00a0\u00a0\u00a0\u00a0\u00a0\u00a0\u00a0\u00a0\u00a0\u00a0\u00a0\u00a0\u00a0\u00a0\u00a0\u00a0\u00a0\u00a0\u00a0\u00a0\u00a0\u00a0\u00a0\u00a0\u00a0\u00a0\u00a0\u00a0 <\/em><\/p>\n<p><em>\u00a0\u00a0\u00a0\u00a0\u00a0\u00a0\u00a0 <\/em> <em>&#8211; J&rsquo;attends qu&rsquo;ils soient des exemples pour les autres \u00e9l\u00e8ves du coll\u00e8ge car ils ont des avantages qu&rsquo;ils leurs\u00a0 permettent d&rsquo;associer leur scolarit\u00e9 et leur passion du football. Pour cela ils doivent \u00eatre de bons exemples car ils sont &amp;quot;regard\u00e9s&amp;quot; par l&rsquo;ensemble des \u00e9l\u00e8ves du coll\u00e8ge.<\/em><\/p>\n<p>* Pourquoi les voyages ? A quoi \u00e7a sert ? <em>\u00a0\u00a0\u00a0\u00a0\u00a0\u00a0\u00a0\u00a0\u00a0\u00a0\u00a0\u00a0\u00a0\u00a0\u00a0\u00a0\u00a0\u00a0\u00a0\u00a0\u00a0\u00a0\u00a0\u00a0\u00a0\u00a0\u00a0\u00a0\u00a0\u00a0\u00a0\u00a0\u00a0\u00a0\u00a0\u00a0 <\/em><\/p>\n<p><em>\u00a0\u00a0\u00a0\u00a0\u00a0\u00a0\u00a0 <\/em> <em>&#8211; C&rsquo;est l&rsquo;aboutissement du travail dans l&rsquo;ann\u00e9e! L&rsquo;objectif c&rsquo;est aussi leur apprendre la vie en collectivit\u00e9, et \u00eatre confront\u00e9 \u00e0 des jeunes de leur \u00e2ge \u00e0 l&rsquo;ext\u00e9rieur de la R\u00e9union. <\/em><\/p>\n<p>Giovani, Lo\u00efc et Morgane<\/p>\n","protected":false},"excerpt":{"rendered":"<p>&nbsp; L&rsquo; Historique Au coll\u00e8ge nous avons quatre classes de perfectionnement sportif en football : une classe pour chaque niveau. En plus du planning normal de travail propos\u00e9 au coll\u00e8ge, les \u00e9l\u00e8ves de ces classes doivent faire quatre heures de&#8230;<\/p>\n<p class=\"continue-reading-button\"> <a class=\"continue-reading-link\" href=\"https:\/\/etab.ac-reunion.fr\/clg-joseph-hubert\/la-section-sportive-football\/\">Lire la suite<i class=\"crycon-right-dir\"><\/i><\/a><\/p>\n","protected":false},"author":3822,"featured_media":0,"parent":0,"menu_order":0,"comment_status":"closed","ping_status":"closed","template":"","meta":{"footnotes":""},"class_list":["post-262","page","type-page","status-publish","hentry"],"_links":{"self":[{"href":"https:\/\/etab.ac-reunion.fr\/clg-joseph-hubert\/wp-json\/wp\/v2\/pages\/262","targetHints":{"allow":["GET"]}}],"collection":[{"href":"https:\/\/etab.ac-reunion.fr\/clg-joseph-hubert\/wp-json\/wp\/v2\/pages"}],"about":[{"href":"https:\/\/etab.ac-reunion.fr\/clg-joseph-hubert\/wp-json\/wp\/v2\/types\/page"}],"author":[{"embeddable":true,"href":"https:\/\/etab.ac-reunion.fr\/clg-joseph-hubert\/wp-json\/wp\/v2\/users\/3822"}],"replies":[{"embeddable":true,"href":"https:\/\/etab.ac-reunion.fr\/clg-joseph-hubert\/wp-json\/wp\/v2\/comments?post=262"}],"version-history":[{"count":1,"href":"https:\/\/etab.ac-reunion.fr\/clg-joseph-hubert\/wp-json\/wp\/v2\/pages\/262\/revisions"}],"predecessor-version":[{"id":263,"href":"https:\/\/etab.ac-reunion.fr\/clg-joseph-hubert\/wp-json\/wp\/v2\/pages\/262\/revisions\/263"}],"wp:attachment":[{"href":"https:\/\/etab.ac-reunion.fr\/clg-joseph-hubert\/wp-json\/wp\/v2\/media?parent=262"}],"curies":[{"name":"wp","href":"https:\/\/api.w.org\/{rel}","templated":true}]}}