{"id":603,"date":"2015-09-28T20:42:27","date_gmt":"2015-09-28T16:42:27","guid":{"rendered":"http:\/\/college-joseph-hubert.ac-reunion.fr\/?page_id=603"},"modified":"2015-09-28T20:42:27","modified_gmt":"2015-09-28T16:42:27","slug":"le-jardin-potager-en-carre-du-college-2","status":"publish","type":"page","link":"https:\/\/etab.ac-reunion.fr\/clg-joseph-hubert\/le-jardin-potager-en-carre-du-college-2\/","title":{"rendered":"Le \u00ab\u00a0jardin potager en carr\u00e9\u00a0\u00bb du coll\u00e8ge"},"content":{"rendered":"<p style=\"text-align: left\"><span style=\"color: #000000\"><span style=\"font-family: Helvetica,serif\"><span style=\"font-size: medium\">En 2014\/2015 les \u00e9l\u00e8ves du dispositif ULIS se sont lanc\u00e9s dans un ambitieux projet, la mise en place d&rsquo;un \u00ab\u00a0jardin potager en carr\u00e9\u00a0\u00bb qui utilise la technique dite en \u00ablasagne\u00bb.<\/span><\/span><\/span><\/p>\n<p style=\"text-align: left\"><span style=\"color: #000000\"><span style=\"font-family: Helvetica,serif\"><span style=\"font-size: medium\">Cette vid\u00e9o est \u00e0 voir ABSOLUMENT pour nous aider \u00e0 faire grandir et pousser ce projet cette ann\u00e9e encore\u00a0!!!!<\/span><\/span><\/span><\/p>\n<div style=\"width: 640px;\" class=\"wp-video\"><video class=\"wp-video-shortcode\" id=\"video-603-1\" width=\"640\" height=\"480\" preload=\"metadata\" controls=\"controls\"><source type=\"video\/mp4\" src=\"https:\/\/etab.ac-reunion.fr\/clg-joseph-hubert\/wp-content\/uploads\/sites\/65\/2015\/09\/jardin_potager.mp4?_=1\" \/><a href=\"https:\/\/etab.ac-reunion.fr\/clg-joseph-hubert\/wp-content\/uploads\/sites\/65\/2015\/09\/jardin_potager.mp4\">https:\/\/etab.ac-reunion.fr\/clg-joseph-hubert\/wp-content\/uploads\/sites\/65\/2015\/09\/jardin_potager.mp4<\/a><\/video><\/div>\n","protected":false},"excerpt":{"rendered":"<p>En 2014\/2015 les \u00e9l\u00e8ves du dispositif ULIS se sont lanc\u00e9s dans un ambitieux projet, la mise en place d&rsquo;un \u00ab\u00a0jardin potager en carr\u00e9\u00a0\u00bb qui utilise la technique dite en \u00ablasagne\u00bb. Cette vid\u00e9o est \u00e0 voir ABSOLUMENT pour nous aider \u00e0&#8230;<\/p>\n<p class=\"continue-reading-button\"> <a class=\"continue-reading-link\" href=\"https:\/\/etab.ac-reunion.fr\/clg-joseph-hubert\/le-jardin-potager-en-carre-du-college-2\/\">Lire la suite<i class=\"crycon-right-dir\"><\/i><\/a><\/p>\n","protected":false},"author":3822,"featured_media":0,"parent":0,"menu_order":0,"comment_status":"closed","ping_status":"closed","template":"","meta":{"footnotes":""},"class_list":["post-603","page","type-page","status-publish","hentry"],"_links":{"self":[{"href":"https:\/\/etab.ac-reunion.fr\/clg-joseph-hubert\/wp-json\/wp\/v2\/pages\/603","targetHints":{"allow":["GET"]}}],"collection":[{"href":"https:\/\/etab.ac-reunion.fr\/clg-joseph-hubert\/wp-json\/wp\/v2\/pages"}],"about":[{"href":"https:\/\/etab.ac-reunion.fr\/clg-joseph-hubert\/wp-json\/wp\/v2\/types\/page"}],"author":[{"embeddable":true,"href":"https:\/\/etab.ac-reunion.fr\/clg-joseph-hubert\/wp-json\/wp\/v2\/users\/3822"}],"replies":[{"embeddable":true,"href":"https:\/\/etab.ac-reunion.fr\/clg-joseph-hubert\/wp-json\/wp\/v2\/comments?post=603"}],"version-history":[{"count":2,"href":"https:\/\/etab.ac-reunion.fr\/clg-joseph-hubert\/wp-json\/wp\/v2\/pages\/603\/revisions"}],"predecessor-version":[{"id":605,"href":"https:\/\/etab.ac-reunion.fr\/clg-joseph-hubert\/wp-json\/wp\/v2\/pages\/603\/revisions\/605"}],"wp:attachment":[{"href":"https:\/\/etab.ac-reunion.fr\/clg-joseph-hubert\/wp-json\/wp\/v2\/media?parent=603"}],"curies":[{"name":"wp","href":"https:\/\/api.w.org\/{rel}","templated":true}]}}