{"id":89,"date":"2018-08-15T16:13:00","date_gmt":"2018-08-15T12:13:00","guid":{"rendered":"http:\/\/college-joseph-hubert-tmp.ac-reunion.fr\/?page_id=89"},"modified":"2023-09-04T20:47:11","modified_gmt":"2023-09-04T16:47:11","slug":"contacts","status":"publish","type":"page","link":"https:\/\/etab.ac-reunion.fr\/clg-joseph-hubert\/contacts\/","title":{"rendered":"Contacts et organigramme"},"content":{"rendered":"<p style=\"text-align: center\"><strong><i><span style=\"color: #008080;font-family: Comic Sans MS;font-size: small\">Adresse : <\/span><\/i><\/strong><\/p>\n<h5 style=\"text-align: center\"><b><span style=\"color: #000000\">Coll\u00e8ge JOSEPH HUBERT<\/span><br \/><\/b><b><span style=\"color: #000000;font-family: Arial;font-size: small\">67 RUE Hippolyte FOUCQUE<br \/>97480 Saint Joseph<\/span><\/b><\/h5>\n<h5 style=\"text-align: center\"><b><span style=\"color: #008080;font-family: Comic Sans MS;font-size: small\"><i>T\u00e9l :<\/i><\/span> <span style=\"color: #000000;font-family: Arial;font-size: small\">0262 56.51.94<\/span><span style=\"color: #000000;font-family: Comic Sans MS;font-size: xx-small\"><br \/><\/span><\/b><span style=\"color: #000000;font-family: Comic Sans MS;font-size: xx-small\"><br \/><\/span><span style=\"color: #008080\"><em><span style=\"font-family: Comic Sans MS;font-size: small\"><strong>M\u00e9l :<\/strong><\/span> <\/em><\/span><span style=\"font-family: Arial;font-size: small\"><strong>ce.9740577j@ac-reunion.fr<\/strong><\/span><\/h5>\n<p align=\"center\"><span style=\"color: #000000;font-family: Comic Sans MS;font-size: xx-small\"><b>\u00a0<\/b><\/span><\/p>\n\n\n<figure class=\"wp-block-image size-large\"><img loading=\"lazy\" decoding=\"async\" width=\"1024\" height=\"727\" src=\"https:\/\/etab.ac-reunion.fr\/clg-joseph-hubert\/wp-content\/uploads\/sites\/65\/2023\/09\/2023_organigramme-1024x727.jpg\" alt=\"\" class=\"wp-image-3194\" srcset=\"https:\/\/etab.ac-reunion.fr\/clg-joseph-hubert\/wp-content\/uploads\/sites\/65\/2023\/09\/2023_organigramme-1024x727.jpg 1024w, https:\/\/etab.ac-reunion.fr\/clg-joseph-hubert\/wp-content\/uploads\/sites\/65\/2023\/09\/2023_organigramme-300x213.jpg 300w, https:\/\/etab.ac-reunion.fr\/clg-joseph-hubert\/wp-content\/uploads\/sites\/65\/2023\/09\/2023_organigramme-768x545.jpg 768w, https:\/\/etab.ac-reunion.fr\/clg-joseph-hubert\/wp-content\/uploads\/sites\/65\/2023\/09\/2023_organigramme-250x177.jpg 250w, https:\/\/etab.ac-reunion.fr\/clg-joseph-hubert\/wp-content\/uploads\/sites\/65\/2023\/09\/2023_organigramme-150x106.jpg 150w, https:\/\/etab.ac-reunion.fr\/clg-joseph-hubert\/wp-content\/uploads\/sites\/65\/2023\/09\/2023_organigramme.jpg 1057w\" sizes=\"auto, (max-width: 1024px) 100vw, 1024px\" \/><\/figure>\n\n\n\n<h2 class=\"wp-block-heading\"><br><small><a rel=\"noreferrer noopener\" href=\"https:\/\/www.openstreetmap.org\/?mlat=-21.37366&amp;mlon=55.62720#map=17\/-21.37366\/55.62720\" target=\"_blank\">Plan d&rsquo;acc\u00e8s au coll\u00e8ge<\/a><\/small><\/h2>\n","protected":false},"excerpt":{"rendered":"<p>Adresse : Coll\u00e8ge JOSEPH HUBERT67 RUE Hippolyte FOUCQUE97480 Saint Joseph T\u00e9l : 0262 56.51.94M\u00e9l : ce.9740577j@ac-reunion.fr \u00a0 Plan d&rsquo;acc\u00e8s au coll\u00e8ge<\/p>\n<p class=\"continue-reading-button\"> <a class=\"continue-reading-link\" href=\"https:\/\/etab.ac-reunion.fr\/clg-joseph-hubert\/contacts\/\">Lire la suite<i class=\"crycon-right-dir\"><\/i><\/a><\/p>\n","protected":false},"author":3822,"featured_media":0,"parent":0,"menu_order":0,"comment_status":"closed","ping_status":"closed","template":"","meta":{"footnotes":""},"class_list":["post-89","page","type-page","status-publish","hentry"],"_links":{"self":[{"href":"https:\/\/etab.ac-reunion.fr\/clg-joseph-hubert\/wp-json\/wp\/v2\/pages\/89","targetHints":{"allow":["GET"]}}],"collection":[{"href":"https:\/\/etab.ac-reunion.fr\/clg-joseph-hubert\/wp-json\/wp\/v2\/pages"}],"about":[{"href":"https:\/\/etab.ac-reunion.fr\/clg-joseph-hubert\/wp-json\/wp\/v2\/types\/page"}],"author":[{"embeddable":true,"href":"https:\/\/etab.ac-reunion.fr\/clg-joseph-hubert\/wp-json\/wp\/v2\/users\/3822"}],"replies":[{"embeddable":true,"href":"https:\/\/etab.ac-reunion.fr\/clg-joseph-hubert\/wp-json\/wp\/v2\/comments?post=89"}],"version-history":[{"count":31,"href":"https:\/\/etab.ac-reunion.fr\/clg-joseph-hubert\/wp-json\/wp\/v2\/pages\/89\/revisions"}],"predecessor-version":[{"id":3196,"href":"https:\/\/etab.ac-reunion.fr\/clg-joseph-hubert\/wp-json\/wp\/v2\/pages\/89\/revisions\/3196"}],"wp:attachment":[{"href":"https:\/\/etab.ac-reunion.fr\/clg-joseph-hubert\/wp-json\/wp\/v2\/media?parent=89"}],"curies":[{"name":"wp","href":"https:\/\/api.w.org\/{rel}","templated":true}]}}