{"id":125,"date":"2016-07-04T07:57:22","date_gmt":"2016-07-04T06:57:22","guid":{"rendered":"http:\/\/college-joseph-suacot.ac-reunion.fr\/?page_id=125"},"modified":"2023-02-01T06:12:42","modified_gmt":"2023-02-01T05:12:42","slug":"le-mot-du-principal","status":"publish","type":"page","link":"https:\/\/etab.ac-reunion.fr\/clg-joseph-suacot\/le-mot-du-principal\/","title":{"rendered":"Le mot du principal"},"content":{"rendered":"<div id=\"post-36\" class=\"post clear post-36 page type-page status-publish hentry\">\n<div class=\"singlepost entry\">\n<p style=\"text-align: justify\">Bienvenue sur le site du coll\u00e8ge,<\/p>\n<p style=\"text-align: justify\">Ce d\u00e9but d\u2019ann\u00e9e 2023 voit la refonte totale du site. Gr\u00e2ce \u00e0 ce nouvel outil de communication, nous pourrons informer au mieux l\u2019ensemble de la communaut\u00e9 scolaire. \u00c9l\u00e8ves, enseignants et parents b\u00e9n\u00e9ficieront d\u2019espaces d\u00e9di\u00e9s qui leur permettront d\u2019acc\u00e9der aux diff\u00e9rents services. J\u2019esp\u00e8re que cet outil deviendra le votre pour qu\u2019il puisse se d\u00e9velopper et devenir incontournable. Bien entendu, le principal adjoint et moi-m\u00eame restons \u00e0 votre enti\u00e8re disposition.<\/p>\n<\/div>\n<\/div>\n","protected":false},"excerpt":{"rendered":"<p>Bienvenue sur le site du coll\u00e8ge, Ce d\u00e9but d\u2019ann\u00e9e 2023 voit la refonte totale du site. Gr\u00e2ce \u00e0 ce nouvel outil de communication, nous pourrons informer au mieux l\u2019ensemble de la communaut\u00e9 scolaire. \u00c9l\u00e8ves, enseignants et parents b\u00e9n\u00e9ficieront d\u2019espaces d\u00e9di\u00e9s qui leur permettront d\u2019acc\u00e9der aux diff\u00e9rents services. J\u2019esp\u00e8re que cet\u2026<\/p>\n<p> <a class=\"continue-reading-link\" href=\"https:\/\/etab.ac-reunion.fr\/clg-joseph-suacot\/le-mot-du-principal\/\"><span>Lire la suite<\/span><i class=\"crycon-right-dir\"><\/i><\/a> <\/p>\n","protected":false},"author":11226,"featured_media":0,"parent":0,"menu_order":0,"comment_status":"closed","ping_status":"closed","template":"","meta":{"footnotes":"","_links_to":"","_links_to_target":""},"class_list":["post-125","page","type-page","status-publish","hentry"],"_links":{"self":[{"href":"https:\/\/etab.ac-reunion.fr\/clg-joseph-suacot\/wp-json\/wp\/v2\/pages\/125","targetHints":{"allow":["GET"]}}],"collection":[{"href":"https:\/\/etab.ac-reunion.fr\/clg-joseph-suacot\/wp-json\/wp\/v2\/pages"}],"about":[{"href":"https:\/\/etab.ac-reunion.fr\/clg-joseph-suacot\/wp-json\/wp\/v2\/types\/page"}],"author":[{"embeddable":true,"href":"https:\/\/etab.ac-reunion.fr\/clg-joseph-suacot\/wp-json\/wp\/v2\/users\/11226"}],"replies":[{"embeddable":true,"href":"https:\/\/etab.ac-reunion.fr\/clg-joseph-suacot\/wp-json\/wp\/v2\/comments?post=125"}],"version-history":[{"count":5,"href":"https:\/\/etab.ac-reunion.fr\/clg-joseph-suacot\/wp-json\/wp\/v2\/pages\/125\/revisions"}],"predecessor-version":[{"id":4921,"href":"https:\/\/etab.ac-reunion.fr\/clg-joseph-suacot\/wp-json\/wp\/v2\/pages\/125\/revisions\/4921"}],"wp:attachment":[{"href":"https:\/\/etab.ac-reunion.fr\/clg-joseph-suacot\/wp-json\/wp\/v2\/media?parent=125"}],"curies":[{"name":"wp","href":"https:\/\/api.w.org\/{rel}","templated":true}]}}