{"id":133,"date":"2016-07-05T06:12:47","date_gmt":"2016-07-05T05:12:47","guid":{"rendered":"http:\/\/college-joseph-suacot.ac-reunion.fr\/?page_id=133"},"modified":"2016-07-05T06:17:41","modified_gmt":"2016-07-05T05:17:41","slug":"presentation-et-histoire","status":"publish","type":"page","link":"https:\/\/etab.ac-reunion.fr\/clg-joseph-suacot\/presentation-et-histoire\/","title":{"rendered":"Pr\u00e9sentation et Histoire"},"content":{"rendered":"<div id=\"post-14\" class=\"post clear post-14 page type-page status-publish hentry\">\n<div class=\"singlepost entry\">\n<p style=\"text-align: justify\">Le coll\u00e8ge Joseph Suacot se situe dans la commune de Petite-\u00eele. Il tient son nom d\u2019un c\u00e9l\u00e8bre militaire r\u00e9unionnais.<\/p>\n<p style=\"text-align: justify\">Le capitaine Suacot est n\u00e9 \u00e0 Petite-\u00eele le 25 septembre 1919 d\u2019une famille modeste, il devient instituteur \u00e0 l\u2019\u00e2ge\u00a0de 18 ans. Il enseigne successivement au Guillaume ( Saint-Paul puis \u00e0 Saint-Joseph). En juin 1939, il s\u2019engage pour cinq ans au 21e R\u00e9giment d\u2019Infanterie Coloniale.<\/p>\n<p style=\"text-align: justify\">Durant sa carri\u00e8re militaire, il est nomm\u00e9 caporal en 1940, sergent en 1941 dans le r\u00e9giment des tirailleurs s\u00e9n\u00e9galais, puis sous-lieutenant en 1944 en Alg\u00e9rie.<\/p>\n<p style=\"text-align: justify\">Apr\u00e8s la Lib\u00e9ration, il est envoy\u00e9 en Indochine o\u00f9 il est promu lieutenant puis capitaine en 1950. En 1952, il prend le commandement de la 4e Compagnie du 64e bataillon d\u2019Infanterie vietnamienne et il est plac\u00e9 en position hors cadre.<\/p>\n<p style=\"text-align: justify\">Ses sup\u00e9rieurs le consid\u00e8rent comme un officier d\u2019une \u00e9nergie et d\u2019une\u00a0t\u00e9nacit\u00e9\u00a0l\u00e9gendaire, un remarquable chef de guerre dont l\u2019\u00e9loge n\u2019est plus \u00e0 faire. Constamment sur la br\u00e8che, toujours \u00e0 la pointe du combat, harcelant sans cesse l\u2019ennemi. Il est surnomm\u00e9 la Panth\u00e8re noire, d\u2019une part \u00e0 cause de son intr\u00e9pidit\u00e9 et d\u2019autre part parce que pour organiser ses raids, il habillait ses hommes en noirs, ce qui est la tenue des r\u00e9sistants vietcongs.<\/p>\n<p style=\"text-align: justify\">Le 11 mai 1954, il est tu\u00e9 dans une embuscade dans la r\u00e9gion de \u00a0Hat-Diet, province de Baria au Sud-Vietnam.<\/p>\n<p style=\"text-align: justify\">Ses distinction militaires montrent une ascension sans faille : Chevalier de la L\u00e9gion d\u2019Honneur en 1953, Croix de guerre 1939-1945, \u00e9toile de bronze, Croix de guerre des TOE ( une \u00e9toile de bronze, 2 \u00e9toiles d\u2019argent, 2 \u00e9toiles de vermeil, 4 palmes ), Chevalier de l\u2019Ordre National du Vietnam en 1953, Croix de la Vaillance ( \u00e9toile d\u2019argent et palme ).<\/p>\n<p style=\"text-align: justify\">Le 5 juin 1954, le conseil municipal de Petite-\u00eele baptise le chemin qui va au Calvaire, rue du Capitaine Suacot. Depuis, le coll\u00e8ge de Petite-\u00eele et un quartier de Saint-Pierre portent son nom.<\/p>\n<p style=\"text-align: justify\">Sa tombe est dans sa ville natale \u00e0 la Petite-\u00eele \u00e0 l\u2019\u00eele de la R\u00e9union.<\/p>\n<p><img loading=\"lazy\" decoding=\"async\" class=\" wp-image-137 aligncenter\" src=\"https:\/\/etab.ac-reunion.fr\/clg-joseph-suacot\/wp-content\/uploads\/sites\/143\/2016\/07\/2016-image-du-capitaine-suacot-1-242x300.jpg\" alt=\"2016 image du capitaine suacot 1\" width=\"168\" height=\"208\" srcset=\"https:\/\/etab.ac-reunion.fr\/clg-joseph-suacot\/wp-content\/uploads\/sites\/143\/2016\/07\/2016-image-du-capitaine-suacot-1-242x300.jpg 242w, https:\/\/etab.ac-reunion.fr\/clg-joseph-suacot\/wp-content\/uploads\/sites\/143\/2016\/07\/2016-image-du-capitaine-suacot-1.jpg 250w\" sizes=\"auto, (max-width: 168px) 100vw, 168px\" \/><\/p>\n<\/div>\n<\/div>\n","protected":false},"excerpt":{"rendered":"<p>Le coll\u00e8ge Joseph Suacot se situe dans la commune de Petite-\u00eele. Il tient son nom d\u2019un c\u00e9l\u00e8bre militaire r\u00e9unionnais. Le capitaine Suacot est n\u00e9 \u00e0 Petite-\u00eele le 25 septembre 1919 d\u2019une famille modeste, il devient instituteur \u00e0 l\u2019\u00e2ge\u00a0de 18 ans. Il enseigne successivement au Guillaume ( Saint-Paul puis \u00e0 Saint-Joseph).\u2026<\/p>\n<p> <a class=\"continue-reading-link\" href=\"https:\/\/etab.ac-reunion.fr\/clg-joseph-suacot\/presentation-et-histoire\/\"><span>Lire la suite<\/span><i class=\"crycon-right-dir\"><\/i><\/a> <\/p>\n","protected":false},"author":11226,"featured_media":0,"parent":0,"menu_order":0,"comment_status":"closed","ping_status":"closed","template":"","meta":{"footnotes":"","_links_to":"","_links_to_target":""},"class_list":["post-133","page","type-page","status-publish","hentry"],"_links":{"self":[{"href":"https:\/\/etab.ac-reunion.fr\/clg-joseph-suacot\/wp-json\/wp\/v2\/pages\/133","targetHints":{"allow":["GET"]}}],"collection":[{"href":"https:\/\/etab.ac-reunion.fr\/clg-joseph-suacot\/wp-json\/wp\/v2\/pages"}],"about":[{"href":"https:\/\/etab.ac-reunion.fr\/clg-joseph-suacot\/wp-json\/wp\/v2\/types\/page"}],"author":[{"embeddable":true,"href":"https:\/\/etab.ac-reunion.fr\/clg-joseph-suacot\/wp-json\/wp\/v2\/users\/11226"}],"replies":[{"embeddable":true,"href":"https:\/\/etab.ac-reunion.fr\/clg-joseph-suacot\/wp-json\/wp\/v2\/comments?post=133"}],"version-history":[{"count":3,"href":"https:\/\/etab.ac-reunion.fr\/clg-joseph-suacot\/wp-json\/wp\/v2\/pages\/133\/revisions"}],"predecessor-version":[{"id":139,"href":"https:\/\/etab.ac-reunion.fr\/clg-joseph-suacot\/wp-json\/wp\/v2\/pages\/133\/revisions\/139"}],"wp:attachment":[{"href":"https:\/\/etab.ac-reunion.fr\/clg-joseph-suacot\/wp-json\/wp\/v2\/media?parent=133"}],"curies":[{"name":"wp","href":"https:\/\/api.w.org\/{rel}","templated":true}]}}