{"id":173,"date":"2016-07-05T08:03:45","date_gmt":"2016-07-05T07:03:45","guid":{"rendered":"http:\/\/college-joseph-suacot.ac-reunion.fr\/?page_id=173"},"modified":"2023-02-09T08:45:46","modified_gmt":"2023-02-09T07:45:46","slug":"copsy","status":"publish","type":"page","link":"https:\/\/etab.ac-reunion.fr\/clg-joseph-suacot\/copsy\/","title":{"rendered":"PSY EN EDO"},"content":{"rendered":"<div id=\"post-24\" class=\"post clear post-24 page type-page status-publish hentry\">\n<div class=\"singlepost entry\">\n<p><strong>En tant que Psychologue de l\u2019\u00e9ducation nationale EDO (\u00e9ducation \u2013 d\u00e9veloppement \u2013 conseils en orientation scolaire et professionnelle)<\/strong> j\u2019interviens sur le Coll\u00e8ge Joseph Suacot en collaboration avec la Direction du Coll\u00e8ge, l\u2019\u00e9quipe \u00e9ducative et m\u00e9dico-sociale.<\/p>\n<p>Une de nos missions est d\u2019informer et d\u2019accompagner le jeune et ses parents dans son projet de formation notamment apr\u00e8s la 3e.<\/p>\n<p>D\u00e8s la 6\u00e8me, la psychologue de l\u2019Education Nationale (Psy EN EDO), avec l\u2019ensemble de l\u2019\u00e9quipe p\u00e9dagogique, participe \u00e0 l\u2019observation des \u00e9l\u00e8ves et \u00e0 la mise en place de mesures d\u2019aides personnalis\u00e9es \u00e9ventuelles.<\/p>\n<p>Si vous souhaitez me rencontrer pour une question sur l&rsquo;orientation, des probl\u00e8mes d\u2019adaptation scolaire ou pour des raisons personnelles concernant votre enfant , vous pouvez me rencontrer :<\/p>\n<p>\u2013 <strong>sur le Coll\u00e8ge Joseph Suacot<\/strong> : sur rendez -vous \u00e0 prendre aupr\u00e8s de la vie scolaire du Coll\u00e8ge<br \/>\nau 02.62.56.79.34,<\/p>\n<p>\u2013 <strong>au CIO de St Joseph<\/strong> : tous les jeudis sur rendez-vous au 02.62.56.54.16.<\/p>\n<p><strong> <span style=\"color: red\"> Pr\u00e9sence au coll\u00e8ge le mardi de 9h \u00e0 16h (sauf changement) : contactez la vie scolaire. <\/span><\/strong><\/p>\n<p>Psy EN EDO\u00a0: Mme MOREL<br \/>\nCIO de Saint Joseph &#8211; Coll\u00e8ge Joseph Suacot &#8211; Lyc\u00e9e Pierre Poivre.<\/p>\n<\/div>\n<\/div>\n","protected":false},"excerpt":{"rendered":"<p>En tant que Psychologue de l\u2019\u00e9ducation nationale EDO (\u00e9ducation \u2013 d\u00e9veloppement \u2013 conseils en orientation scolaire et professionnelle) j\u2019interviens sur le Coll\u00e8ge Joseph Suacot en collaboration avec la Direction du Coll\u00e8ge, l\u2019\u00e9quipe \u00e9ducative et m\u00e9dico-sociale. Une de nos missions est d\u2019informer et d\u2019accompagner le jeune et ses parents dans son\u2026<\/p>\n<p> <a class=\"continue-reading-link\" href=\"https:\/\/etab.ac-reunion.fr\/clg-joseph-suacot\/copsy\/\"><span>Lire la suite<\/span><i class=\"crycon-right-dir\"><\/i><\/a> <\/p>\n","protected":false},"author":11226,"featured_media":0,"parent":0,"menu_order":0,"comment_status":"closed","ping_status":"closed","template":"","meta":{"footnotes":"","_links_to":"","_links_to_target":""},"class_list":["post-173","page","type-page","status-publish","hentry"],"_links":{"self":[{"href":"https:\/\/etab.ac-reunion.fr\/clg-joseph-suacot\/wp-json\/wp\/v2\/pages\/173","targetHints":{"allow":["GET"]}}],"collection":[{"href":"https:\/\/etab.ac-reunion.fr\/clg-joseph-suacot\/wp-json\/wp\/v2\/pages"}],"about":[{"href":"https:\/\/etab.ac-reunion.fr\/clg-joseph-suacot\/wp-json\/wp\/v2\/types\/page"}],"author":[{"embeddable":true,"href":"https:\/\/etab.ac-reunion.fr\/clg-joseph-suacot\/wp-json\/wp\/v2\/users\/11226"}],"replies":[{"embeddable":true,"href":"https:\/\/etab.ac-reunion.fr\/clg-joseph-suacot\/wp-json\/wp\/v2\/comments?post=173"}],"version-history":[{"count":9,"href":"https:\/\/etab.ac-reunion.fr\/clg-joseph-suacot\/wp-json\/wp\/v2\/pages\/173\/revisions"}],"predecessor-version":[{"id":5004,"href":"https:\/\/etab.ac-reunion.fr\/clg-joseph-suacot\/wp-json\/wp\/v2\/pages\/173\/revisions\/5004"}],"wp:attachment":[{"href":"https:\/\/etab.ac-reunion.fr\/clg-joseph-suacot\/wp-json\/wp\/v2\/media?parent=173"}],"curies":[{"name":"wp","href":"https:\/\/api.w.org\/{rel}","templated":true}]}}