{"id":193,"date":"2016-08-10T13:23:38","date_gmt":"2016-08-10T12:23:38","guid":{"rendered":"http:\/\/college-joseph-suacot.ac-reunion.fr\/?page_id=193"},"modified":"2016-09-01T12:18:50","modified_gmt":"2016-09-01T11:18:50","slug":"infirmerie","status":"publish","type":"page","link":"https:\/\/etab.ac-reunion.fr\/clg-joseph-suacot\/infirmerie\/","title":{"rendered":"Infirmerie"},"content":{"rendered":"<h2><span style=\"color: #ff0000\">HORAIRE : <\/span><\/h2>\n<h3><span style=\"color: #ff0000\"><span style=\"text-decoration: underline\"><span style=\"color: #0000ff;text-decoration: underline\">lundi de 8h \u00e0 16h \/ mercredi de 8h \u00e0 11h30 \/ vendredi de 8h \u00e0 16h<\/span><\/span><br \/>\n<\/span><\/h3>\n<p style=\"text-align: justify\">Les \u00e9l\u00e8ves ne pourront \u00eatre inscrits dans l\u2019\u00e9tablissement que si leur carnet de vaccinations est \u00e0 jour. Tout \u00e9l\u00e8ve malade doit d\u2019abord \u00eatre soign\u00e9 \u00e0 son domicile. <span style=\"color: #ff0000\">L\u2019introduction de m\u00e9dicaments est interdite dans l\u2019\u00e9tablissement<\/span>. <span style=\"color: #ff0000\">En cas de traitement en cours, l\u2019ordonnance et la posologie seront confi\u00e9es \u00e0 l\u2019Infirmi\u00e8re; les m\u00e9dicaments seront pris sous son contr\u00f4le.<\/span><\/p>\n<p style=\"text-align: justify\"><span style=\"color: #ff0000\">Visites \u00e0 l\u2019infirmerie : sauf urgences, elles se font \u00ab hors du cours \u00bb. <\/span><\/p>\n<p>En cas d\u2019indisposition, de malaise ou d\u2019accident, l\u2019\u00e9l\u00e8ve ne doit pas quitter l\u2019\u00e9tablissement, ni prendre l\u2019initiative de t\u00e9l\u00e9phoner lui-m\u00eame \u00e0 ses parents.<\/p>\n<p style=\"text-align: justify\"><span style=\"color: #ff0000\">Si le professeur l\u2019a autoris\u00e9, il est conduit \u00e0 l\u2019infirmerie accompagn\u00e9 d\u2019un \u00e9l\u00e8ve. Muni de son carnet de correspondance, il est pris en charge par l\u2019infirmi\u00e8re qui dispense les soins n\u00e9cessaires. Les parents sont pr\u00e9venus dans les meilleurs d\u00e9lais. Faute de venue de la famille et\/ou en cas de doute sur la gravit\u00e9 du probl\u00e8me, l\u2019intervention du SAMU est demand\u00e9e.<\/span><\/p>\n<p style=\"text-align: justify\"><span style=\"color: #ff0000\">En cas d\u2019absence de l\u2019infirmi\u00e8re, les \u00e9l\u00e8ves seront dirig\u00e9s vers la Vie Scolaire qui effectuera leur prise en charge.<\/span><\/p>\n<p style=\"text-align: justify\"><span style=\"text-decoration: underline;color: #0000ff\">Laurence VELIA<\/span><\/p>\n","protected":false},"excerpt":{"rendered":"<p>HORAIRE : lundi de 8h \u00e0 16h \/ mercredi de 8h \u00e0 11h30 \/ vendredi de 8h \u00e0 16h Les \u00e9l\u00e8ves ne pourront \u00eatre inscrits dans l\u2019\u00e9tablissement que si leur carnet de vaccinations est \u00e0 jour. Tout \u00e9l\u00e8ve malade doit d\u2019abord \u00eatre soign\u00e9 \u00e0 son domicile. L\u2019introduction de m\u00e9dicaments est\u2026<\/p>\n<p> <a class=\"continue-reading-link\" href=\"https:\/\/etab.ac-reunion.fr\/clg-joseph-suacot\/infirmerie\/\"><span>Lire la suite<\/span><i class=\"crycon-right-dir\"><\/i><\/a> <\/p>\n","protected":false},"author":11226,"featured_media":0,"parent":0,"menu_order":0,"comment_status":"closed","ping_status":"closed","template":"","meta":{"footnotes":"","_links_to":"","_links_to_target":""},"class_list":["post-193","page","type-page","status-publish","hentry"],"_links":{"self":[{"href":"https:\/\/etab.ac-reunion.fr\/clg-joseph-suacot\/wp-json\/wp\/v2\/pages\/193","targetHints":{"allow":["GET"]}}],"collection":[{"href":"https:\/\/etab.ac-reunion.fr\/clg-joseph-suacot\/wp-json\/wp\/v2\/pages"}],"about":[{"href":"https:\/\/etab.ac-reunion.fr\/clg-joseph-suacot\/wp-json\/wp\/v2\/types\/page"}],"author":[{"embeddable":true,"href":"https:\/\/etab.ac-reunion.fr\/clg-joseph-suacot\/wp-json\/wp\/v2\/users\/11226"}],"replies":[{"embeddable":true,"href":"https:\/\/etab.ac-reunion.fr\/clg-joseph-suacot\/wp-json\/wp\/v2\/comments?post=193"}],"version-history":[{"count":8,"href":"https:\/\/etab.ac-reunion.fr\/clg-joseph-suacot\/wp-json\/wp\/v2\/pages\/193\/revisions"}],"predecessor-version":[{"id":536,"href":"https:\/\/etab.ac-reunion.fr\/clg-joseph-suacot\/wp-json\/wp\/v2\/pages\/193\/revisions\/536"}],"wp:attachment":[{"href":"https:\/\/etab.ac-reunion.fr\/clg-joseph-suacot\/wp-json\/wp\/v2\/media?parent=193"}],"curies":[{"name":"wp","href":"https:\/\/api.w.org\/{rel}","templated":true}]}}