{"id":4944,"date":"2023-02-01T06:50:21","date_gmt":"2023-02-01T05:50:21","guid":{"rendered":"https:\/\/etab.ac-reunion.fr\/clg-joseph-suacot\/?page_id=4944"},"modified":"2023-02-01T07:16:56","modified_gmt":"2023-02-01T06:16:56","slug":"contact","status":"publish","type":"page","link":"https:\/\/etab.ac-reunion.fr\/clg-joseph-suacot\/contact\/","title":{"rendered":"Contact"},"content":{"rendered":"<p><strong>Coll\u00e8ge Joseph Suacot<\/strong><\/p>\n<p><strong>3 Rue du Gymnase, 97429 Petite-Ile<\/strong><\/p>\n<p>T\u00e9l\u00e9phone : <strong>02 62 56 79 30<\/strong><\/p>\n<p>Mail : <a href=\"mailto:ce.9740654t@ac-reunion.fr\">ce.9740654t@ac-reunion.fr<\/a><\/p>\n<p>&nbsp;<\/p>\n<p>&nbsp;<\/p>\n<p><strong>Plan d&rsquo;acc\u00e8s :<\/strong><\/p>\n<p><a href=\"https:\/\/www.google.com\/maps\/place\/Coll%C3%A8ge+Joseph+Suacot\/@-21.3570248,55.5558732,14.75z\/data=!4m15!1m9!4m8!1m0!1m6!1m2!1s0x21780beb3e7213db:0xc131a5a2944fc9f3!2sColl%C3%A8ge+Joseph+Suacot,+Rue+du+Gymnase,+Petite+%C3%8Ele,+La+R%C3%A9union!2m2!1d55.5619783!2d-21.3476291!3m4!1s0x0:0xc131a5a2944fc9f3!8m2!3d-21.3476291!4d55.5619783\" target=\"_blank\" rel=\"noopener\">Plan Google Map<\/a><\/p>\n","protected":false},"excerpt":{"rendered":"<p>Coll\u00e8ge Joseph Suacot 3 Rue du Gymnase, 97429 Petite-Ile T\u00e9l\u00e9phone : 02 62 56 79 30 Mail : ce.9740654t@ac-reunion.fr &nbsp; &nbsp; Plan d&rsquo;acc\u00e8s : Plan Google Map<\/p>\n<p> <a class=\"continue-reading-link\" href=\"https:\/\/etab.ac-reunion.fr\/clg-joseph-suacot\/contact\/\"><span>Lire la suite<\/span><i class=\"crycon-right-dir\"><\/i><\/a> <\/p>\n","protected":false},"author":22664,"featured_media":0,"parent":0,"menu_order":0,"comment_status":"closed","ping_status":"closed","template":"","meta":{"footnotes":"","_links_to":"","_links_to_target":""},"class_list":["post-4944","page","type-page","status-publish","hentry"],"_links":{"self":[{"href":"https:\/\/etab.ac-reunion.fr\/clg-joseph-suacot\/wp-json\/wp\/v2\/pages\/4944","targetHints":{"allow":["GET"]}}],"collection":[{"href":"https:\/\/etab.ac-reunion.fr\/clg-joseph-suacot\/wp-json\/wp\/v2\/pages"}],"about":[{"href":"https:\/\/etab.ac-reunion.fr\/clg-joseph-suacot\/wp-json\/wp\/v2\/types\/page"}],"author":[{"embeddable":true,"href":"https:\/\/etab.ac-reunion.fr\/clg-joseph-suacot\/wp-json\/wp\/v2\/users\/22664"}],"replies":[{"embeddable":true,"href":"https:\/\/etab.ac-reunion.fr\/clg-joseph-suacot\/wp-json\/wp\/v2\/comments?post=4944"}],"version-history":[{"count":4,"href":"https:\/\/etab.ac-reunion.fr\/clg-joseph-suacot\/wp-json\/wp\/v2\/pages\/4944\/revisions"}],"predecessor-version":[{"id":4955,"href":"https:\/\/etab.ac-reunion.fr\/clg-joseph-suacot\/wp-json\/wp\/v2\/pages\/4944\/revisions\/4955"}],"wp:attachment":[{"href":"https:\/\/etab.ac-reunion.fr\/clg-joseph-suacot\/wp-json\/wp\/v2\/media?parent=4944"}],"curies":[{"name":"wp","href":"https:\/\/api.w.org\/{rel}","templated":true}]}}