{"id":4968,"date":"2023-02-02T06:58:16","date_gmt":"2023-02-02T05:58:16","guid":{"rendered":"https:\/\/etab.ac-reunion.fr\/clg-joseph-suacot\/?page_id=4968"},"modified":"2025-01-16T08:04:19","modified_gmt":"2025-01-16T07:04:19","slug":"horaires-douverture","status":"publish","type":"page","link":"https:\/\/etab.ac-reunion.fr\/clg-joseph-suacot\/horaires-douverture\/","title":{"rendered":"Horaires d&rsquo;ouverture"},"content":{"rendered":"<p>Les horaires d&rsquo;ouvertures du coll\u00e8ge sont \u00e9galement \u00e0 retrouver dans le carnet de liaison de l&rsquo;\u00e9l\u00e8ve.<\/p>\n<p>Horaire d&rsquo;<strong>ouverture du lundi au vendredi<\/strong> : <strong>7h00<\/strong><\/p>\n<p>Horaire de <strong>fermeture du lundi au vendredi sauf mercredi<\/strong> : <strong>17h00<\/strong><\/p>\n<p>Horaire de <strong>fermeture le mercredi<\/strong> :<strong> 12h00<\/strong> (sauf pour les \u00e9l\u00e8ves d&rsquo;UNSS : 16h00)<\/p>\n<p>Horaire des <strong>cours<\/strong>\u00a0 : <strong>7h30 \u00e0 11h30<\/strong><\/p>\n<p>&nbsp;<\/p>\n","protected":false},"excerpt":{"rendered":"<p>Les horaires d&rsquo;ouvertures du coll\u00e8ge sont \u00e9galement \u00e0 retrouver dans le carnet de liaison de l&rsquo;\u00e9l\u00e8ve. Horaire d&rsquo;ouverture du lundi au vendredi : 7h00 Horaire de fermeture du lundi au vendredi sauf mercredi : 17h00 Horaire de fermeture le mercredi : 12h00 (sauf pour les \u00e9l\u00e8ves d&rsquo;UNSS : 16h00) Horaire\u2026<\/p>\n<p> <a class=\"continue-reading-link\" href=\"https:\/\/etab.ac-reunion.fr\/clg-joseph-suacot\/horaires-douverture\/\"><span>Lire la suite<\/span><i class=\"crycon-right-dir\"><\/i><\/a> <\/p>\n","protected":false},"author":22664,"featured_media":0,"parent":0,"menu_order":0,"comment_status":"closed","ping_status":"closed","template":"","meta":{"footnotes":"","_links_to":"","_links_to_target":""},"class_list":["post-4968","page","type-page","status-publish","hentry"],"_links":{"self":[{"href":"https:\/\/etab.ac-reunion.fr\/clg-joseph-suacot\/wp-json\/wp\/v2\/pages\/4968","targetHints":{"allow":["GET"]}}],"collection":[{"href":"https:\/\/etab.ac-reunion.fr\/clg-joseph-suacot\/wp-json\/wp\/v2\/pages"}],"about":[{"href":"https:\/\/etab.ac-reunion.fr\/clg-joseph-suacot\/wp-json\/wp\/v2\/types\/page"}],"author":[{"embeddable":true,"href":"https:\/\/etab.ac-reunion.fr\/clg-joseph-suacot\/wp-json\/wp\/v2\/users\/22664"}],"replies":[{"embeddable":true,"href":"https:\/\/etab.ac-reunion.fr\/clg-joseph-suacot\/wp-json\/wp\/v2\/comments?post=4968"}],"version-history":[{"count":4,"href":"https:\/\/etab.ac-reunion.fr\/clg-joseph-suacot\/wp-json\/wp\/v2\/pages\/4968\/revisions"}],"predecessor-version":[{"id":6472,"href":"https:\/\/etab.ac-reunion.fr\/clg-joseph-suacot\/wp-json\/wp\/v2\/pages\/4968\/revisions\/6472"}],"wp:attachment":[{"href":"https:\/\/etab.ac-reunion.fr\/clg-joseph-suacot\/wp-json\/wp\/v2\/media?parent=4968"}],"curies":[{"name":"wp","href":"https:\/\/api.w.org\/{rel}","templated":true}]}}