{"id":6121,"date":"2024-08-13T07:58:45","date_gmt":"2024-08-13T06:58:45","guid":{"rendered":"https:\/\/etab.ac-reunion.fr\/clg-joseph-suacot\/?page_id=6121"},"modified":"2025-01-16T08:05:08","modified_gmt":"2025-01-16T07:05:08","slug":"mentions-legales","status":"publish","type":"page","link":"https:\/\/etab.ac-reunion.fr\/clg-joseph-suacot\/mentions-legales\/","title":{"rendered":"Mentions l\u00e9gales"},"content":{"rendered":"<h3 class=\"et_lb_box_title\"><strong>Site : https:\/\/etab.ac-reunion.fr\/clg-joseph-suacot<\/strong><\/h3>\n<p>Adresse postale : <a href=\"https:\/\/www.google.com\/maps\/place\/\/data=!4m2!3m1!1s0x21780beb3e7213db:0xc131a5a2944fc9f3?sa=X&amp;ved=1t:8290&amp;ictx=111\" data-url=\"\/maps\/place\/\/data=!4m2!3m1!1s0x21780beb3e7213db:0xc131a5a2944fc9f3?sa=X&amp;ved=2ahUKEwjG8JPcsfGHAxURVkEAHZMwEYEQ4kB6BAgCEAA\">Rue du Gymnase, Petite \u00cele 97429, La R\u00e9union<\/a><\/p>\n<p>T\u00e9l\u00e9phone : <a href=\"https:\/\/www.google.com\/search?q=college+joseph+suacot&amp;rlz=1C1GCEB_enRE874RE874&amp;oq=coll&amp;gs_lcrp=EgZjaHJvbWUqBggDEEUYOzIMCAAQIxgnGIAEGIoFMhIIARAuGEMYrwEYxwEYgAQYigUyDggCEEUYJxg7GIAEGIoFMgYIAxBFGDsyBggEEEUYOTIGCAUQRRg8MgYIBhBFGDwyBggHEEUYPNIBCDI3MjlqMGo3qAIAsAIA&amp;sourceid=chrome&amp;ie=UTF-8#\" data-dtype=\"d3ph\" data-local-attribute=\"d3ph\" data-ved=\"2ahUKEwjG8JPcsfGHAxURVkEAHZMwEYEQkAgoAHoECCQQAg\"><span aria-label=\"Appeler le 02 62 56 79 30\">02 62 56 79 30<\/span><\/a><\/p>\n<p>Directeur de la publication : le principal, Samuel COUTEYEN CARPAYE<\/p>\n<p>&nbsp;<\/p>\n<h3 class=\"et_lb_box_title\"><strong>Prestataires d&rsquo;h\u00e9bergement<\/strong><\/h3>\n<p>H\u00e9bergement du site<\/p>\n<p>Rectorat de l\u2019Acad\u00e9mie de La R\u00e9union<\/p>\n<p>Secr\u00e9tariat g\u00e9n\u00e9ral \u2013 Service Communication<\/p>\n<p>24, Avenue Georges Brassens<\/p>\n<p>97743 Saint Denis Cedex 9<\/p>\n<p>T\u00e9l.+262 (0)2 62 48 10 10<\/p>\n<p>&nbsp;<\/p>\n<h3 class=\"et_lb_box_title\">Protection et traitement des donn\u00e9es \u00e0 caract\u00e8re personnel<\/h3>\n<p>Conform\u00e9ment au r\u00e8glement g\u00e9n\u00e9ral sur la protection des donn\u00e9es (RGPD) de l\u2019Union europ\u00e9enne (UE) entr\u00e9 en vigueur le 25 mai 2018, vous b\u00e9n\u00e9ficiez d\u2019un droit d\u2019acc\u00e8s de modification, de rectification et de suppression des donn\u00e9es qui vous concernent. Pour exercer ce droit d\u2019acc\u00e8s, contactez nous\u00a0 avec le formulaire de contact :<\/p>\n<p>&nbsp;<\/p>\n<h3 class=\"et_lb_box_title\">Contenus et droits de reproduction<\/h3>\n<p>En application des articles L. 111-1 et L. 123-1 du Code de la Propri\u00e9t\u00e9 Intellectuelle, l\u2019ensemble des contenus de ce site (textes, images, vid\u00e9os et tout m\u00e9dia en g\u00e9n\u00e9ral), sauf mention contraire explicite, est prot\u00e9g\u00e9 par le droit d\u2019auteur. La reproduction, m\u00eame partielle, des contenus des pages de ce site sans accord pr\u00e9alable du directeur de la publication est strictement interdite.<\/p>\n","protected":false},"excerpt":{"rendered":"<p>Site : https:\/\/etab.ac-reunion.fr\/clg-joseph-suacot Adresse postale : Rue du Gymnase, Petite \u00cele 97429, La R\u00e9union T\u00e9l\u00e9phone : 02 62 56 79 30 Directeur de la publication : le principal, Samuel COUTEYEN CARPAYE &nbsp; Prestataires d&rsquo;h\u00e9bergement H\u00e9bergement du site Rectorat de l\u2019Acad\u00e9mie de La R\u00e9union Secr\u00e9tariat g\u00e9n\u00e9ral \u2013 Service Communication 24, Avenue\u2026<\/p>\n<p> <a class=\"continue-reading-link\" href=\"https:\/\/etab.ac-reunion.fr\/clg-joseph-suacot\/mentions-legales\/\"><span>Lire la suite<\/span><i class=\"crycon-right-dir\"><\/i><\/a> <\/p>\n","protected":false},"author":30369,"featured_media":0,"parent":0,"menu_order":0,"comment_status":"closed","ping_status":"closed","template":"","meta":{"footnotes":"","_links_to":"","_links_to_target":""},"class_list":["post-6121","page","type-page","status-publish","hentry"],"_links":{"self":[{"href":"https:\/\/etab.ac-reunion.fr\/clg-joseph-suacot\/wp-json\/wp\/v2\/pages\/6121","targetHints":{"allow":["GET"]}}],"collection":[{"href":"https:\/\/etab.ac-reunion.fr\/clg-joseph-suacot\/wp-json\/wp\/v2\/pages"}],"about":[{"href":"https:\/\/etab.ac-reunion.fr\/clg-joseph-suacot\/wp-json\/wp\/v2\/types\/page"}],"author":[{"embeddable":true,"href":"https:\/\/etab.ac-reunion.fr\/clg-joseph-suacot\/wp-json\/wp\/v2\/users\/30369"}],"replies":[{"embeddable":true,"href":"https:\/\/etab.ac-reunion.fr\/clg-joseph-suacot\/wp-json\/wp\/v2\/comments?post=6121"}],"version-history":[{"count":2,"href":"https:\/\/etab.ac-reunion.fr\/clg-joseph-suacot\/wp-json\/wp\/v2\/pages\/6121\/revisions"}],"predecessor-version":[{"id":6473,"href":"https:\/\/etab.ac-reunion.fr\/clg-joseph-suacot\/wp-json\/wp\/v2\/pages\/6121\/revisions\/6473"}],"wp:attachment":[{"href":"https:\/\/etab.ac-reunion.fr\/clg-joseph-suacot\/wp-json\/wp\/v2\/media?parent=6121"}],"curies":[{"name":"wp","href":"https:\/\/api.w.org\/{rel}","templated":true}]}}